{"id":163,"date":"2016-11-28T17:43:19","date_gmt":"2016-11-28T16:43:19","guid":{"rendered":"http:\/\/www.tomolis.com\/anatomie\/?page_id=163"},"modified":"2016-11-28T17:43:19","modified_gmt":"2016-11-28T16:43:19","slug":"theophile-de-bordeu","status":"publish","type":"page","link":"http:\/\/www.tomolis.com\/anatomie\/index.php\/theophile-de-bordeu\/","title":{"rendered":"Th\u00e9ophile de BORDEU"},"content":{"rendered":"<h1>1722 &#8211; 1776<\/h1>\n<h2>Le pr\u00e9curseur de l&rsquo;endocrinologie et le fondateur de l&rsquo;hydrologie.<\/h2>\n<div id=\"attachment_137\" style=\"width: 227px\" class=\"wp-caption alignnone\"><img aria-describedby=\"caption-attachment-137\" loading=\"lazy\" class=\"size-medium wp-image-137\" src=\"http:\/\/www.tomolis.com\/anatomie\/wp-content\/uploads\/2016\/11\/Bordeu-217x300.jpg\" alt=\"Th\u00e9ophile de BORDEU\" width=\"217\" height=\"300\" srcset=\"http:\/\/www.tomolis.com\/anatomie\/wp-content\/uploads\/2016\/11\/Bordeu-217x300.jpg 217w, http:\/\/www.tomolis.com\/anatomie\/wp-content\/uploads\/2016\/11\/Bordeu.jpg 300w\" sizes=\"(max-width: 217px) 100vw, 217px\" \/><p id=\"caption-attachment-137\" class=\"wp-caption-text\">Th\u00e9ophile de BORDEU<\/p><\/div>\n<p>Il devient c\u00e9l\u00e8bre en publiant un de ses principaux ouvrages \u00a0\u00bb Recherches anatomiques sur la position des glandes \u00a0\u00bb suivi d&rsquo;un second livre \u00a0\u00bb L&rsquo;analyse m\u00e9dicale du sang \u00ab\u00a0. Il est le premier a imaginer, sans preuves exp\u00e9rimentales \u00e0 l&rsquo;appui l&rsquo;existence probable de s\u00e9cr\u00e9tions internes : Il affirme : \u00a0\u00bb chaque organe est l &lsquo;atelier o\u00f9 s&rsquo;\u00e9labore une substance sp\u00e9cifique qui s&rsquo;\u00e9limine dans le sang et agit ailleurs \u00ab\u00a0.<\/p>\n","protected":false},"excerpt":{"rendered":"<p>1722 &#8211; 1776 Le pr\u00e9curseur de l&rsquo;endocrinologie et le fondateur de l&rsquo;hydrologie. Il devient c\u00e9l\u00e8bre en publiant un de ses principaux ouvrages \u00a0\u00bb Recherches anatomiques sur la position des glandes \u00a0\u00bb suivi d&rsquo;un second livre \u00a0\u00bb L&rsquo;analyse m\u00e9dicale du sang \u00ab\u00a0. Il est le premier a imaginer, sans preuves exp\u00e9rimentales \u00e0 l&rsquo;appui l&rsquo;existence probable de [&hellip;]<\/p>\n","protected":false},"author":1,"featured_media":0,"parent":0,"menu_order":0,"comment_status":"closed","ping_status":"closed","template":"","meta":[],"_links":{"self":[{"href":"http:\/\/www.tomolis.com\/anatomie\/index.php\/wp-json\/wp\/v2\/pages\/163"}],"collection":[{"href":"http:\/\/www.tomolis.com\/anatomie\/index.php\/wp-json\/wp\/v2\/pages"}],"about":[{"href":"http:\/\/www.tomolis.com\/anatomie\/index.php\/wp-json\/wp\/v2\/types\/page"}],"author":[{"embeddable":true,"href":"http:\/\/www.tomolis.com\/anatomie\/index.php\/wp-json\/wp\/v2\/users\/1"}],"replies":[{"embeddable":true,"href":"http:\/\/www.tomolis.com\/anatomie\/index.php\/wp-json\/wp\/v2\/comments?post=163"}],"version-history":[{"count":1,"href":"http:\/\/www.tomolis.com\/anatomie\/index.php\/wp-json\/wp\/v2\/pages\/163\/revisions"}],"predecessor-version":[{"id":164,"href":"http:\/\/www.tomolis.com\/anatomie\/index.php\/wp-json\/wp\/v2\/pages\/163\/revisions\/164"}],"wp:attachment":[{"href":"http:\/\/www.tomolis.com\/anatomie\/index.php\/wp-json\/wp\/v2\/media?parent=163"}],"curies":[{"name":"wp","href":"https:\/\/api.w.org\/{rel}","templated":true}]}}