{"id":169,"date":"2016-11-28T17:50:52","date_gmt":"2016-11-28T16:50:52","guid":{"rendered":"http:\/\/www.tomolis.com\/anatomie\/?page_id=169"},"modified":"2016-11-28T17:50:52","modified_gmt":"2016-11-28T16:50:52","slug":"augustin-pyramus-de-candolle","status":"publish","type":"page","link":"http:\/\/www.tomolis.com\/anatomie\/index.php\/augustin-pyramus-de-candolle\/","title":{"rendered":"Augustin PYRAMUS DE CANDOLLE"},"content":{"rendered":"<h1>1778 &#8211; 1841<\/h1>\n<h2>Un grand botaniste.<\/h2>\n<div id=\"attachment_141\" style=\"width: 222px\" class=\"wp-caption alignnone\"><img aria-describedby=\"caption-attachment-141\" loading=\"lazy\" class=\"size-medium wp-image-141\" src=\"http:\/\/www.tomolis.com\/anatomie\/wp-content\/uploads\/2016\/11\/De-Candolle-212x300.jpg\" alt=\"Augustin PYRAMUS DE CANDOLLE\" width=\"212\" height=\"300\" srcset=\"http:\/\/www.tomolis.com\/anatomie\/wp-content\/uploads\/2016\/11\/De-Candolle-212x300.jpg 212w, http:\/\/www.tomolis.com\/anatomie\/wp-content\/uploads\/2016\/11\/De-Candolle.jpg 300w\" sizes=\"(max-width: 212px) 100vw, 212px\" \/><p id=\"caption-attachment-141\" class=\"wp-caption-text\">Augustin PYRAMUS DE CANDOLLE<\/p><\/div>\n<p>Il va \u00e9tablir huit mille esp\u00e8ces nouvelles et cinq cent genres nouveaux. Parmi les 180 ouvrages qu&rsquo;il a publi\u00e9s, citons la th\u00e9orie \u00e9l\u00e9mentaire de la botanique (o\u00f9 il d\u00e9crit les bases de l&rsquo;organisation g\u00e9n\u00e9rale des plantes) et le \u00a0\u00bb R\u00e9pertoire du Jardin de Montpellier \u00a0\u00bb (o\u00f9 il \u00e9tiquette trois mille esp\u00e8ces).<\/p>\n","protected":false},"excerpt":{"rendered":"<p>1778 &#8211; 1841 Un grand botaniste. Il va \u00e9tablir huit mille esp\u00e8ces nouvelles et cinq cent genres nouveaux. Parmi les 180 ouvrages qu&rsquo;il a publi\u00e9s, citons la th\u00e9orie \u00e9l\u00e9mentaire de la botanique (o\u00f9 il d\u00e9crit les bases de l&rsquo;organisation g\u00e9n\u00e9rale des plantes) et le \u00a0\u00bb R\u00e9pertoire du Jardin de Montpellier \u00a0\u00bb (o\u00f9 il \u00e9tiquette trois [&hellip;]<\/p>\n","protected":false},"author":1,"featured_media":0,"parent":0,"menu_order":0,"comment_status":"closed","ping_status":"closed","template":"","meta":[],"_links":{"self":[{"href":"http:\/\/www.tomolis.com\/anatomie\/index.php\/wp-json\/wp\/v2\/pages\/169"}],"collection":[{"href":"http:\/\/www.tomolis.com\/anatomie\/index.php\/wp-json\/wp\/v2\/pages"}],"about":[{"href":"http:\/\/www.tomolis.com\/anatomie\/index.php\/wp-json\/wp\/v2\/types\/page"}],"author":[{"embeddable":true,"href":"http:\/\/www.tomolis.com\/anatomie\/index.php\/wp-json\/wp\/v2\/users\/1"}],"replies":[{"embeddable":true,"href":"http:\/\/www.tomolis.com\/anatomie\/index.php\/wp-json\/wp\/v2\/comments?post=169"}],"version-history":[{"count":1,"href":"http:\/\/www.tomolis.com\/anatomie\/index.php\/wp-json\/wp\/v2\/pages\/169\/revisions"}],"predecessor-version":[{"id":170,"href":"http:\/\/www.tomolis.com\/anatomie\/index.php\/wp-json\/wp\/v2\/pages\/169\/revisions\/170"}],"wp:attachment":[{"href":"http:\/\/www.tomolis.com\/anatomie\/index.php\/wp-json\/wp\/v2\/media?parent=169"}],"curies":[{"name":"wp","href":"https:\/\/api.w.org\/{rel}","templated":true}]}}