{"id":171,"date":"2016-11-28T17:52:57","date_gmt":"2016-11-28T16:52:57","guid":{"rendered":"http:\/\/www.tomolis.com\/anatomie\/?page_id=171"},"modified":"2016-11-28T17:52:57","modified_gmt":"2016-11-28T16:52:57","slug":"jean-antoine-chaptal","status":"publish","type":"page","link":"http:\/\/www.tomolis.com\/anatomie\/index.php\/jean-antoine-chaptal\/","title":{"rendered":"Jean Antoine CHAPTAL"},"content":{"rendered":"<h1>1756 &#8211; 1832<\/h1>\n<h2>Le plus grand bienfaiteur de la facult\u00e9 de m\u00e9decine<\/h2>\n<div id=\"attachment_140\" style=\"width: 232px\" class=\"wp-caption alignnone\"><img aria-describedby=\"caption-attachment-140\" loading=\"lazy\" class=\"size-medium wp-image-140\" src=\"http:\/\/www.tomolis.com\/anatomie\/wp-content\/uploads\/2016\/11\/Chaptal-222x300.jpg\" alt=\"Jean Antoine CHAPTAL\" width=\"222\" height=\"300\" srcset=\"http:\/\/www.tomolis.com\/anatomie\/wp-content\/uploads\/2016\/11\/Chaptal-222x300.jpg 222w, http:\/\/www.tomolis.com\/anatomie\/wp-content\/uploads\/2016\/11\/Chaptal.jpg 300w\" sizes=\"(max-width: 222px) 100vw, 222px\" \/><p id=\"caption-attachment-140\" class=\"wp-caption-text\">Jean Antoine CHAPTAL<\/p><\/div>\n<p>Voil\u00e0 un homme qui fut \u00e0 la fois m\u00e9decin , chimiste industriel et homme d&rsquo;Etat et qui est peu cit\u00e9 dans l&rsquo;histoire m\u00e9dicale et hospitali\u00e8re. Il a neamoins laiss\u00e9 son nom en \u0153nologie (la chaptalisation).<\/p>\n","protected":false},"excerpt":{"rendered":"<p>1756 &#8211; 1832 Le plus grand bienfaiteur de la facult\u00e9 de m\u00e9decine Voil\u00e0 un homme qui fut \u00e0 la fois m\u00e9decin , chimiste industriel et homme d&rsquo;Etat et qui est peu cit\u00e9 dans l&rsquo;histoire m\u00e9dicale et hospitali\u00e8re. Il a neamoins laiss\u00e9 son nom en \u0153nologie (la chaptalisation).<\/p>\n","protected":false},"author":1,"featured_media":0,"parent":0,"menu_order":0,"comment_status":"closed","ping_status":"closed","template":"","meta":[],"_links":{"self":[{"href":"http:\/\/www.tomolis.com\/anatomie\/index.php\/wp-json\/wp\/v2\/pages\/171"}],"collection":[{"href":"http:\/\/www.tomolis.com\/anatomie\/index.php\/wp-json\/wp\/v2\/pages"}],"about":[{"href":"http:\/\/www.tomolis.com\/anatomie\/index.php\/wp-json\/wp\/v2\/types\/page"}],"author":[{"embeddable":true,"href":"http:\/\/www.tomolis.com\/anatomie\/index.php\/wp-json\/wp\/v2\/users\/1"}],"replies":[{"embeddable":true,"href":"http:\/\/www.tomolis.com\/anatomie\/index.php\/wp-json\/wp\/v2\/comments?post=171"}],"version-history":[{"count":1,"href":"http:\/\/www.tomolis.com\/anatomie\/index.php\/wp-json\/wp\/v2\/pages\/171\/revisions"}],"predecessor-version":[{"id":172,"href":"http:\/\/www.tomolis.com\/anatomie\/index.php\/wp-json\/wp\/v2\/pages\/171\/revisions\/172"}],"wp:attachment":[{"href":"http:\/\/www.tomolis.com\/anatomie\/index.php\/wp-json\/wp\/v2\/media?parent=171"}],"curies":[{"name":"wp","href":"https:\/\/api.w.org\/{rel}","templated":true}]}}