{"id":175,"date":"2016-11-28T17:56:21","date_gmt":"2016-11-28T16:56:21","guid":{"rendered":"http:\/\/www.tomolis.com\/anatomie\/?page_id=175"},"modified":"2016-11-28T17:56:21","modified_gmt":"2016-11-28T16:56:21","slug":"claude-jacques-mathieu-delpech","status":"publish","type":"page","link":"http:\/\/www.tomolis.com\/anatomie\/index.php\/claude-jacques-mathieu-delpech\/","title":{"rendered":"Claude Jacques Mathieu DELPECH"},"content":{"rendered":"<h1>1777 &#8211; 1832<\/h1>\n<h2>Le p\u00e8re de l&rsquo;orthop\u00e9die.<\/h2>\n<div id=\"attachment_143\" style=\"width: 240px\" class=\"wp-caption alignnone\"><img aria-describedby=\"caption-attachment-143\" loading=\"lazy\" class=\"size-medium wp-image-143\" src=\"http:\/\/www.tomolis.com\/anatomie\/wp-content\/uploads\/2016\/11\/Delpech-230x300.jpg\" alt=\"Claude Jacques Mathieu DELPECH\" width=\"230\" height=\"300\" srcset=\"http:\/\/www.tomolis.com\/anatomie\/wp-content\/uploads\/2016\/11\/Delpech-230x300.jpg 230w, http:\/\/www.tomolis.com\/anatomie\/wp-content\/uploads\/2016\/11\/Delpech.jpg 300w\" sizes=\"(max-width: 230px) 100vw, 230px\" \/><p id=\"caption-attachment-143\" class=\"wp-caption-text\">Claude Jacques Mathieu DELPECH<\/p><\/div>\n<p>La renomm\u00e9e de delpech \u00e9gala celle de DUPUYTREN : ses travaux furent connus dans la France enti\u00e8re et il eut de nombreux \u00e9l\u00e8ves : En 1829, Il cr\u00e9a un journal m\u00e9dical, le \u00a0\u00bb m\u00e9morial des h\u00f4pitaux du midi \u00ab\u00a0. On peut dire qu&rsquo;il a \u00e9t\u00e9 le cr\u00e9ateur de l&rsquo;orthop\u00e9die moderne : Il a mis au point la t\u00e9notomie du tendon d&rsquo;Achille, il pr\u00e9conisa le premier la r\u00e9\u00e9ducation fonctionnelle dans les maladies osseuses, il fut le sp\u00e9cialiste des \u00a0\u00bb pieds bots \u00ab\u00a0.<\/p>\n","protected":false},"excerpt":{"rendered":"<p>1777 &#8211; 1832 Le p\u00e8re de l&rsquo;orthop\u00e9die. La renomm\u00e9e de delpech \u00e9gala celle de DUPUYTREN : ses travaux furent connus dans la France enti\u00e8re et il eut de nombreux \u00e9l\u00e8ves : En 1829, Il cr\u00e9a un journal m\u00e9dical, le \u00a0\u00bb m\u00e9morial des h\u00f4pitaux du midi \u00ab\u00a0. On peut dire qu&rsquo;il a \u00e9t\u00e9 le cr\u00e9ateur de [&hellip;]<\/p>\n","protected":false},"author":1,"featured_media":0,"parent":0,"menu_order":0,"comment_status":"closed","ping_status":"closed","template":"","meta":[],"_links":{"self":[{"href":"http:\/\/www.tomolis.com\/anatomie\/index.php\/wp-json\/wp\/v2\/pages\/175"}],"collection":[{"href":"http:\/\/www.tomolis.com\/anatomie\/index.php\/wp-json\/wp\/v2\/pages"}],"about":[{"href":"http:\/\/www.tomolis.com\/anatomie\/index.php\/wp-json\/wp\/v2\/types\/page"}],"author":[{"embeddable":true,"href":"http:\/\/www.tomolis.com\/anatomie\/index.php\/wp-json\/wp\/v2\/users\/1"}],"replies":[{"embeddable":true,"href":"http:\/\/www.tomolis.com\/anatomie\/index.php\/wp-json\/wp\/v2\/comments?post=175"}],"version-history":[{"count":1,"href":"http:\/\/www.tomolis.com\/anatomie\/index.php\/wp-json\/wp\/v2\/pages\/175\/revisions"}],"predecessor-version":[{"id":176,"href":"http:\/\/www.tomolis.com\/anatomie\/index.php\/wp-json\/wp\/v2\/pages\/175\/revisions\/176"}],"wp:attachment":[{"href":"http:\/\/www.tomolis.com\/anatomie\/index.php\/wp-json\/wp\/v2\/media?parent=175"}],"curies":[{"name":"wp","href":"https:\/\/api.w.org\/{rel}","templated":true}]}}