{"id":177,"date":"2016-11-28T17:57:45","date_gmt":"2016-11-28T16:57:45","guid":{"rendered":"http:\/\/www.tomolis.com\/anatomie\/?page_id=177"},"modified":"2016-11-28T17:57:45","modified_gmt":"2016-11-28T16:57:45","slug":"antoine-louis-duges","status":"publish","type":"page","link":"http:\/\/www.tomolis.com\/anatomie\/index.php\/antoine-louis-duges\/","title":{"rendered":"Antoine Louis DUGES"},"content":{"rendered":"<h1>1797 &#8211; 1838<\/h1>\n<h2>Obst\u00e9tricien et naturaliste.<\/h2>\n<div id=\"attachment_144\" style=\"width: 240px\" class=\"wp-caption alignnone\"><img aria-describedby=\"caption-attachment-144\" loading=\"lazy\" class=\"size-medium wp-image-144\" src=\"http:\/\/www.tomolis.com\/anatomie\/wp-content\/uploads\/2016\/11\/Duges-230x300.jpg\" alt=\"Antoine Louis Dug\u00e8s\" width=\"230\" height=\"300\" srcset=\"http:\/\/www.tomolis.com\/anatomie\/wp-content\/uploads\/2016\/11\/Duges-230x300.jpg 230w, http:\/\/www.tomolis.com\/anatomie\/wp-content\/uploads\/2016\/11\/Duges.jpg 300w\" sizes=\"(max-width: 230px) 100vw, 230px\" \/><p id=\"caption-attachment-144\" class=\"wp-caption-text\">Antoine Louis Dug\u00e8s<\/p><\/div>\n<p>Son \u0153uvre tr\u00e8s vari\u00e9e, est orient\u00e9e dans trois directions : l&rsquo;obst\u00e9trique (il publia un manuel d&rsquo;obst\u00e9trique tr\u00e8s pris\u00e9 par les m\u00e9decins), la zoologie et la physiologie compar\u00e9e (il a \u00e9crit plusieurs ouvrages illustr\u00e9s de dessins personnels, o\u00f9 il \u00e9voque les th\u00e9ories \u00e9volutionnistes) et enfin l&rsquo;histoire de la m\u00e9decine.<\/p>\n","protected":false},"excerpt":{"rendered":"<p>1797 &#8211; 1838 Obst\u00e9tricien et naturaliste. Son \u0153uvre tr\u00e8s vari\u00e9e, est orient\u00e9e dans trois directions : l&rsquo;obst\u00e9trique (il publia un manuel d&rsquo;obst\u00e9trique tr\u00e8s pris\u00e9 par les m\u00e9decins), la zoologie et la physiologie compar\u00e9e (il a \u00e9crit plusieurs ouvrages illustr\u00e9s de dessins personnels, o\u00f9 il \u00e9voque les th\u00e9ories \u00e9volutionnistes) et enfin l&rsquo;histoire de la m\u00e9decine.<\/p>\n","protected":false},"author":1,"featured_media":0,"parent":0,"menu_order":0,"comment_status":"closed","ping_status":"closed","template":"","meta":[],"_links":{"self":[{"href":"http:\/\/www.tomolis.com\/anatomie\/index.php\/wp-json\/wp\/v2\/pages\/177"}],"collection":[{"href":"http:\/\/www.tomolis.com\/anatomie\/index.php\/wp-json\/wp\/v2\/pages"}],"about":[{"href":"http:\/\/www.tomolis.com\/anatomie\/index.php\/wp-json\/wp\/v2\/types\/page"}],"author":[{"embeddable":true,"href":"http:\/\/www.tomolis.com\/anatomie\/index.php\/wp-json\/wp\/v2\/users\/1"}],"replies":[{"embeddable":true,"href":"http:\/\/www.tomolis.com\/anatomie\/index.php\/wp-json\/wp\/v2\/comments?post=177"}],"version-history":[{"count":1,"href":"http:\/\/www.tomolis.com\/anatomie\/index.php\/wp-json\/wp\/v2\/pages\/177\/revisions"}],"predecessor-version":[{"id":178,"href":"http:\/\/www.tomolis.com\/anatomie\/index.php\/wp-json\/wp\/v2\/pages\/177\/revisions\/178"}],"wp:attachment":[{"href":"http:\/\/www.tomolis.com\/anatomie\/index.php\/wp-json\/wp\/v2\/media?parent=177"}],"curies":[{"name":"wp","href":"https:\/\/api.w.org\/{rel}","templated":true}]}}