{"id":179,"date":"2016-11-28T17:59:19","date_gmt":"2016-11-28T16:59:19","guid":{"rendered":"http:\/\/www.tomolis.com\/anatomie\/?page_id=179"},"modified":"2016-11-28T18:01:27","modified_gmt":"2016-11-28T17:01:27","slug":"antoine-gouan","status":"publish","type":"page","link":"http:\/\/www.tomolis.com\/anatomie\/index.php\/antoine-gouan\/","title":{"rendered":"Antoine GOUAN"},"content":{"rendered":"<h1>1733 &#8211; 1821<\/h1>\n<h2>R\u00e9novateur du jardin des plantes apr\u00e8s la r\u00e9volution.<\/h2>\n<div id=\"attachment_147\" style=\"width: 229px\" class=\"wp-caption alignnone\"><img aria-describedby=\"caption-attachment-147\" loading=\"lazy\" class=\"size-medium wp-image-147\" src=\"http:\/\/www.tomolis.com\/anatomie\/wp-content\/uploads\/2016\/11\/Gouan-219x300.jpg\" alt=\"Antoine GOUAN\" width=\"219\" height=\"300\" srcset=\"http:\/\/www.tomolis.com\/anatomie\/wp-content\/uploads\/2016\/11\/Gouan-219x300.jpg 219w, http:\/\/www.tomolis.com\/anatomie\/wp-content\/uploads\/2016\/11\/Gouan.jpg 300w\" sizes=\"(max-width: 219px) 100vw, 219px\" \/><p id=\"caption-attachment-147\" class=\"wp-caption-text\">Antoine GOUAN<\/p><\/div>\n<p>Il fut \u00e0 la fois un enseignant novateur (n&rsquo;h\u00e9sitant pas \u00e0 amener ses \u00e9tudiants herboriser sur le terrain) et un botaniste de grande valeur. Disciple de Linn\u00e9, il donna une classification des plantes du jardin suivant les conceptions de ce savant. Il est aussi un \u00a0\u00bb sp\u00e9cialiste de la botanique r\u00e9gionale \u00a0\u00bb s&rsquo;effor\u00e7ant de donner un inventaire du capital floral de son pays et surtout de recueillir les appellations en \u00a0\u00bb langue d&rsquo;oc \u00a0\u00bb des plantes de nos garrigues.<\/p>\n","protected":false},"excerpt":{"rendered":"<p>1733 &#8211; 1821 R\u00e9novateur du jardin des plantes apr\u00e8s la r\u00e9volution. Il fut \u00e0 la fois un enseignant novateur (n&rsquo;h\u00e9sitant pas \u00e0 amener ses \u00e9tudiants herboriser sur le terrain) et un botaniste de grande valeur. Disciple de Linn\u00e9, il donna une classification des plantes du jardin suivant les conceptions de ce savant. Il est aussi [&hellip;]<\/p>\n","protected":false},"author":1,"featured_media":0,"parent":0,"menu_order":0,"comment_status":"closed","ping_status":"closed","template":"","meta":[],"_links":{"self":[{"href":"http:\/\/www.tomolis.com\/anatomie\/index.php\/wp-json\/wp\/v2\/pages\/179"}],"collection":[{"href":"http:\/\/www.tomolis.com\/anatomie\/index.php\/wp-json\/wp\/v2\/pages"}],"about":[{"href":"http:\/\/www.tomolis.com\/anatomie\/index.php\/wp-json\/wp\/v2\/types\/page"}],"author":[{"embeddable":true,"href":"http:\/\/www.tomolis.com\/anatomie\/index.php\/wp-json\/wp\/v2\/users\/1"}],"replies":[{"embeddable":true,"href":"http:\/\/www.tomolis.com\/anatomie\/index.php\/wp-json\/wp\/v2\/comments?post=179"}],"version-history":[{"count":2,"href":"http:\/\/www.tomolis.com\/anatomie\/index.php\/wp-json\/wp\/v2\/pages\/179\/revisions"}],"predecessor-version":[{"id":181,"href":"http:\/\/www.tomolis.com\/anatomie\/index.php\/wp-json\/wp\/v2\/pages\/179\/revisions\/181"}],"wp:attachment":[{"href":"http:\/\/www.tomolis.com\/anatomie\/index.php\/wp-json\/wp\/v2\/media?parent=179"}],"curies":[{"name":"wp","href":"https:\/\/api.w.org\/{rel}","templated":true}]}}