{"id":184,"date":"2016-11-28T18:08:26","date_gmt":"2016-11-28T17:08:26","guid":{"rendered":"http:\/\/www.tomolis.com\/anatomie\/?page_id=184"},"modified":"2016-11-28T18:08:26","modified_gmt":"2016-11-28T17:08:26","slug":"laurent-joubert","status":"publish","type":"page","link":"http:\/\/www.tomolis.com\/anatomie\/index.php\/laurent-joubert\/","title":{"rendered":"Laurent JOUBERT"},"content":{"rendered":"<h1>1529 &#8211; 1582<\/h1>\n<h2>Pionnier de la di\u00e9t\u00e9tique.<\/h2>\n<div id=\"attachment_150\" style=\"width: 239px\" class=\"wp-caption alignnone\"><img aria-describedby=\"caption-attachment-150\" loading=\"lazy\" class=\"size-medium wp-image-150\" src=\"http:\/\/www.tomolis.com\/anatomie\/wp-content\/uploads\/2016\/11\/Joubert-229x300.jpg\" alt=\"Laurent JOUBERT\" width=\"229\" height=\"300\" srcset=\"http:\/\/www.tomolis.com\/anatomie\/wp-content\/uploads\/2016\/11\/Joubert-229x300.jpg 229w, http:\/\/www.tomolis.com\/anatomie\/wp-content\/uploads\/2016\/11\/Joubert.jpg 300w\" sizes=\"(max-width: 229px) 100vw, 229px\" \/><p id=\"caption-attachment-150\" class=\"wp-caption-text\">Laurent JOUBERT<\/p><\/div>\n<p>Il a laiss\u00e9 une \u0153uvre immense \u00e0 la m\u00e9decine. Il est le pionnier de la di\u00e9t\u00e9tique : Il a proclam\u00e9 le premier que les fautes alimentaires abr\u00e8gent notre vie. Il aborde aussi l&rsquo;alimentation et l&rsquo;hygi\u00e8ne dans les maladies et certains \u00e9tats physiologiques (grossesse, enfant, \u00e2ge m\u00fbr).<\/p>\n","protected":false},"excerpt":{"rendered":"<p>1529 &#8211; 1582 Pionnier de la di\u00e9t\u00e9tique. Il a laiss\u00e9 une \u0153uvre immense \u00e0 la m\u00e9decine. Il est le pionnier de la di\u00e9t\u00e9tique : Il a proclam\u00e9 le premier que les fautes alimentaires abr\u00e8gent notre vie. Il aborde aussi l&rsquo;alimentation et l&rsquo;hygi\u00e8ne dans les maladies et certains \u00e9tats physiologiques (grossesse, enfant, \u00e2ge m\u00fbr).<\/p>\n","protected":false},"author":1,"featured_media":0,"parent":0,"menu_order":0,"comment_status":"closed","ping_status":"closed","template":"","meta":[],"_links":{"self":[{"href":"http:\/\/www.tomolis.com\/anatomie\/index.php\/wp-json\/wp\/v2\/pages\/184"}],"collection":[{"href":"http:\/\/www.tomolis.com\/anatomie\/index.php\/wp-json\/wp\/v2\/pages"}],"about":[{"href":"http:\/\/www.tomolis.com\/anatomie\/index.php\/wp-json\/wp\/v2\/types\/page"}],"author":[{"embeddable":true,"href":"http:\/\/www.tomolis.com\/anatomie\/index.php\/wp-json\/wp\/v2\/users\/1"}],"replies":[{"embeddable":true,"href":"http:\/\/www.tomolis.com\/anatomie\/index.php\/wp-json\/wp\/v2\/comments?post=184"}],"version-history":[{"count":1,"href":"http:\/\/www.tomolis.com\/anatomie\/index.php\/wp-json\/wp\/v2\/pages\/184\/revisions"}],"predecessor-version":[{"id":185,"href":"http:\/\/www.tomolis.com\/anatomie\/index.php\/wp-json\/wp\/v2\/pages\/184\/revisions\/185"}],"wp:attachment":[{"href":"http:\/\/www.tomolis.com\/anatomie\/index.php\/wp-json\/wp\/v2\/media?parent=184"}],"curies":[{"name":"wp","href":"https:\/\/api.w.org\/{rel}","templated":true}]}}