{"id":188,"date":"2016-11-28T18:10:49","date_gmt":"2016-11-28T17:10:49","guid":{"rendered":"http:\/\/www.tomolis.com\/anatomie\/?page_id=188"},"modified":"2016-11-28T18:10:49","modified_gmt":"2016-11-28T17:10:49","slug":"ambroise-pare","status":"publish","type":"page","link":"http:\/\/www.tomolis.com\/anatomie\/index.php\/ambroise-pare\/","title":{"rendered":"Ambroise PARE"},"content":{"rendered":"<h1>1510 &#8211; 1590<\/h1>\n<h2>Le p\u00e8re de la chirurgie moderne.<\/h2>\n<div id=\"attachment_154\" style=\"width: 231px\" class=\"wp-caption alignnone\"><img aria-describedby=\"caption-attachment-154\" loading=\"lazy\" class=\"size-medium wp-image-154\" src=\"http:\/\/www.tomolis.com\/anatomie\/wp-content\/uploads\/2016\/11\/Pare-221x300.jpg\" alt=\"Ambroise PARE\" width=\"221\" height=\"300\" srcset=\"http:\/\/www.tomolis.com\/anatomie\/wp-content\/uploads\/2016\/11\/Pare-221x300.jpg 221w, http:\/\/www.tomolis.com\/anatomie\/wp-content\/uploads\/2016\/11\/Pare.jpg 300w\" sizes=\"(max-width: 221px) 100vw, 221px\" \/><p id=\"caption-attachment-154\" class=\"wp-caption-text\">Ambroise PARE<\/p><\/div>\n<p>Nomm\u00e9 chirurgien des arm\u00e9es, va mener, pendant 30 ans une vie militaire active mais non d\u00e9pourvue de dangers.<br \/>\nDans ses manuscrits qui le rendirent c\u00e9l\u00e8bre dans toute l&rsquo;Europe, il apporte le fruit de son exp\u00e9rience acquise sur le terrain. Il a ainsi r\u00e9volutionn\u00e9 le traitement des plaies par armes \u00e0 feu, mis au point de nombreux instruments de chirurgie et a mis en pratique, lors des amputations, la ligature des art\u00e8res qu&rsquo;il substitua \u00e0 la caut\u00e9risation.<\/p>\n","protected":false},"excerpt":{"rendered":"<p>1510 &#8211; 1590 Le p\u00e8re de la chirurgie moderne. Nomm\u00e9 chirurgien des arm\u00e9es, va mener, pendant 30 ans une vie militaire active mais non d\u00e9pourvue de dangers. Dans ses manuscrits qui le rendirent c\u00e9l\u00e8bre dans toute l&rsquo;Europe, il apporte le fruit de son exp\u00e9rience acquise sur le terrain. Il a ainsi r\u00e9volutionn\u00e9 le traitement des [&hellip;]<\/p>\n","protected":false},"author":1,"featured_media":0,"parent":0,"menu_order":0,"comment_status":"closed","ping_status":"closed","template":"","meta":[],"_links":{"self":[{"href":"http:\/\/www.tomolis.com\/anatomie\/index.php\/wp-json\/wp\/v2\/pages\/188"}],"collection":[{"href":"http:\/\/www.tomolis.com\/anatomie\/index.php\/wp-json\/wp\/v2\/pages"}],"about":[{"href":"http:\/\/www.tomolis.com\/anatomie\/index.php\/wp-json\/wp\/v2\/types\/page"}],"author":[{"embeddable":true,"href":"http:\/\/www.tomolis.com\/anatomie\/index.php\/wp-json\/wp\/v2\/users\/1"}],"replies":[{"embeddable":true,"href":"http:\/\/www.tomolis.com\/anatomie\/index.php\/wp-json\/wp\/v2\/comments?post=188"}],"version-history":[{"count":1,"href":"http:\/\/www.tomolis.com\/anatomie\/index.php\/wp-json\/wp\/v2\/pages\/188\/revisions"}],"predecessor-version":[{"id":189,"href":"http:\/\/www.tomolis.com\/anatomie\/index.php\/wp-json\/wp\/v2\/pages\/188\/revisions\/189"}],"wp:attachment":[{"href":"http:\/\/www.tomolis.com\/anatomie\/index.php\/wp-json\/wp\/v2\/media?parent=188"}],"curies":[{"name":"wp","href":"https:\/\/api.w.org\/{rel}","templated":true}]}}