{"id":196,"date":"2016-11-28T18:19:17","date_gmt":"2016-11-28T17:19:17","guid":{"rendered":"http:\/\/www.tomolis.com\/anatomie\/?page_id=196"},"modified":"2016-11-28T18:19:17","modified_gmt":"2016-11-28T17:19:17","slug":"andre-vesale","status":"publish","type":"page","link":"http:\/\/www.tomolis.com\/anatomie\/index.php\/andre-vesale\/","title":{"rendered":"Andr\u00e9 VESALE"},"content":{"rendered":"<h1>1514 &#8211; 1564<\/h1>\n<h2>Le plus grand anatomiste du XVI si\u00e8cle.<\/h2>\n<div id=\"attachment_157\" style=\"width: 231px\" class=\"wp-caption alignnone\"><img aria-describedby=\"caption-attachment-157\" loading=\"lazy\" class=\"size-medium wp-image-157\" src=\"http:\/\/www.tomolis.com\/anatomie\/wp-content\/uploads\/2016\/11\/Vesale-221x300.jpg\" alt=\"Andr\u00e9 VESALE\" width=\"221\" height=\"300\" srcset=\"http:\/\/www.tomolis.com\/anatomie\/wp-content\/uploads\/2016\/11\/Vesale-221x300.jpg 221w, http:\/\/www.tomolis.com\/anatomie\/wp-content\/uploads\/2016\/11\/Vesale.jpg 300w\" sizes=\"(max-width: 221px) 100vw, 221px\" \/><p id=\"caption-attachment-157\" class=\"wp-caption-text\">Andr\u00e9 VESALE<\/p><\/div>\n<p>A l&rsquo;age de 28 ans, il publie une \u0153uvre monumentale \u00a0\u00bb de humani corporus fabrica libriseptem \u00a0\u00bb dans laquelle, \u00e0 partir de dissections humaines syst\u00e9matiques, il donne un aspect v\u00e9ridique du corps humain, tel qu&rsquo;il l&rsquo;avait vu.<br \/>\nIl attaque les concepts anatomiques de GALIEN dont les affirmations anatomiques, \u00e0 partir de la dissection d&rsquo;animaux \u00e9taient truff\u00e9es d&rsquo;erreurs.<\/p>\n","protected":false},"excerpt":{"rendered":"<p>1514 &#8211; 1564 Le plus grand anatomiste du XVI si\u00e8cle. A l&rsquo;age de 28 ans, il publie une \u0153uvre monumentale \u00a0\u00bb de humani corporus fabrica libriseptem \u00a0\u00bb dans laquelle, \u00e0 partir de dissections humaines syst\u00e9matiques, il donne un aspect v\u00e9ridique du corps humain, tel qu&rsquo;il l&rsquo;avait vu. Il attaque les concepts anatomiques de GALIEN dont [&hellip;]<\/p>\n","protected":false},"author":1,"featured_media":0,"parent":0,"menu_order":0,"comment_status":"closed","ping_status":"closed","template":"","meta":[],"_links":{"self":[{"href":"http:\/\/www.tomolis.com\/anatomie\/index.php\/wp-json\/wp\/v2\/pages\/196"}],"collection":[{"href":"http:\/\/www.tomolis.com\/anatomie\/index.php\/wp-json\/wp\/v2\/pages"}],"about":[{"href":"http:\/\/www.tomolis.com\/anatomie\/index.php\/wp-json\/wp\/v2\/types\/page"}],"author":[{"embeddable":true,"href":"http:\/\/www.tomolis.com\/anatomie\/index.php\/wp-json\/wp\/v2\/users\/1"}],"replies":[{"embeddable":true,"href":"http:\/\/www.tomolis.com\/anatomie\/index.php\/wp-json\/wp\/v2\/comments?post=196"}],"version-history":[{"count":1,"href":"http:\/\/www.tomolis.com\/anatomie\/index.php\/wp-json\/wp\/v2\/pages\/196\/revisions"}],"predecessor-version":[{"id":197,"href":"http:\/\/www.tomolis.com\/anatomie\/index.php\/wp-json\/wp\/v2\/pages\/196\/revisions\/197"}],"wp:attachment":[{"href":"http:\/\/www.tomolis.com\/anatomie\/index.php\/wp-json\/wp\/v2\/media?parent=196"}],"curies":[{"name":"wp","href":"https:\/\/api.w.org\/{rel}","templated":true}]}}