{"id":2,"date":"2016-11-21T16:29:54","date_gmt":"2016-11-21T15:29:54","guid":{"rendered":"http:\/\/www.tomolis.com\/anatomie\/?page_id=2"},"modified":"2016-11-28T18:47:57","modified_gmt":"2016-11-28T17:47:57","slug":"page-d-exemple","status":"publish","type":"page","link":"http:\/\/www.tomolis.com\/anatomie\/","title":{"rendered":"Pr\u00e9sentation"},"content":{"rendered":"<h1>Plus de 5000 pi\u00e8ces&#8230;<\/h1>\n<div id=\"attachment_205\" style=\"width: 235px\" class=\"wp-caption alignnone\"><img aria-describedby=\"caption-attachment-205\" loading=\"lazy\" class=\"size-medium wp-image-205\" src=\"http:\/\/www.tomolis.com\/anatomie\/wp-content\/uploads\/2016\/11\/vue-musee-anatomie-225x300.jpg\" alt=\"Vue d'ensemble du mus\u00e9e\" width=\"225\" height=\"300\" srcset=\"http:\/\/www.tomolis.com\/anatomie\/wp-content\/uploads\/2016\/11\/vue-musee-anatomie-225x300.jpg 225w, http:\/\/www.tomolis.com\/anatomie\/wp-content\/uploads\/2016\/11\/vue-musee-anatomie.jpg 300w\" sizes=\"(max-width: 225px) 100vw, 225px\" \/><p id=\"caption-attachment-205\" class=\"wp-caption-text\">Vue d&rsquo;ensemble du mus\u00e9e<\/p><\/div>\n<p>Le conservatoire occupe une superficie de 520 m2, ses dimensions \u00e9tant de 61 m de long, 8,5 m de large et 15 m de haut. Lorsqu\u2019on y p\u00e9n\u00e8tre, il offre une magnifique perspective, car il est subdivis\u00e9 en quatre parties s\u00e9par\u00e9es par des colonnes en stuc.<\/p>\n<p>Ce mus\u00e9e renferme plus de 5000 pi\u00e8ces portant sur l\u2019anatomie normale et pathologique ainsi que sur l\u2019anatomie compar\u00e9e et sur la zoologie, auxquelles s\u2019ajoutent de nombreux moulages en cire ou carton p\u00e2te montrant l\u2019anatomie et l\u2019aspect des maladies du si\u00e8cle dernier. Ces collections sont dispos\u00e9es dans seize armoires et trente et un meubles-vitrines.<\/p>\n<p>Les armoires dispos\u00e9es autour de la salle, dans le sens inverse des aiguilles d\u2019une montre \u00e0 partir de la porte d\u2019entr\u00e9e, renferment des dissections anatomiques portant sur diverses parties du corps humain, des pi\u00e8ces de t\u00e9ratologie et d\u2019anatomie compar\u00e9, de nombreux instruments chirurgicaux et obst\u00e9trique, des moulages cartonn\u00e9s pour d\u00e9monstration, plusieurs \u00e9l\u00e9ments d\u2019ost\u00e9ologie normale, pathologique et compar\u00e9e, des t\u00eates et des cr\u00e2nes et enfin une riche collection montrant des l\u00e9sions li\u00e9es aux maladies de la peau, de l\u2019appareil g\u00e9nito-urinaires, et dues au cancer.<\/p>\n<p>Les meubles-vitrines occupent le centre de la pi\u00e8ce : vingt-deux d\u2019entre-elles sont \u00e0 double compartiment ; parmi les autres, certaines, plus petites, sont surmont\u00e9es d\u2019animaux empaill\u00e9s ou de squelette. On remarque par ailleurs la magnifique collection en cire de F. Fontana ; des pi\u00e8ces de chirurgie de la guerre 14-18 ; cinq momies provenant d\u2019Antino\u00eb et des \u00eeles Gambiez (Polyn\u00e9sie) ; des pi\u00e8ces d\u2019ost\u00e9ologie compar\u00e9e (fossiles, reptiles, poissons, ch\u00e9loniens) ; des \u00e9l\u00e9ments d\u2019embryologie et de t\u00e9ratologie.<\/p>\n<p>Signalons qu\u2019au centre des trois derni\u00e8res subdivisions de la salle se trouvent trois \u00e9corch\u00e9s : successivement celui de Lami, celui en pl\u00e2tre de Richet (1920) et, au fond, celui de Delmas. Il existe enfin, dispos\u00e9s sur des st\u00e8les particuli\u00e8res, des squelettes reconstitu\u00e9s de plusieurs animaux : chameau, phoque du Groenland, otarie otiphaque (phoque \u00e0 oreilles).<\/p>\n<p>Sous l&rsquo;\u00e9gide du Professeur P. Aug\u00e9 : Pr\u00e9sident de l&rsquo;Universit\u00e9 UM1 et du Doyen de la facult\u00e9 de m\u00e9decine Professeur J. Bringer, des subventions importantes ont permis des travaux de restauration de l&rsquo;architecture, des pi\u00e8ces anatomiques dans le cadre de projets d&rsquo;int\u00e9ressement,et de la restauration des cires de Fontana avec la collaboration de Mme H. Palouzi\u00e9(DRAC-LR).Grace \u00e0 ces soutiens financiers de nombreux programmes de recherche dans le cadre de la valorisation de ce patrimoine sont en cours de r\u00e9alisation.<\/p>\n<p>&nbsp;<\/p>\n","protected":false},"excerpt":{"rendered":"<p>Plus de 5000 pi\u00e8ces&#8230; Le conservatoire occupe une superficie de 520 m2, ses dimensions \u00e9tant de 61 m de long, 8,5 m de large et 15 m de haut. Lorsqu\u2019on y p\u00e9n\u00e8tre, il offre une magnifique perspective, car il est subdivis\u00e9 en quatre parties s\u00e9par\u00e9es par des colonnes en stuc. Ce mus\u00e9e renferme plus de [&hellip;]<\/p>\n","protected":false},"author":1,"featured_media":0,"parent":0,"menu_order":0,"comment_status":"closed","ping_status":"open","template":"","meta":[],"_links":{"self":[{"href":"http:\/\/www.tomolis.com\/anatomie\/index.php\/wp-json\/wp\/v2\/pages\/2"}],"collection":[{"href":"http:\/\/www.tomolis.com\/anatomie\/index.php\/wp-json\/wp\/v2\/pages"}],"about":[{"href":"http:\/\/www.tomolis.com\/anatomie\/index.php\/wp-json\/wp\/v2\/types\/page"}],"author":[{"embeddable":true,"href":"http:\/\/www.tomolis.com\/anatomie\/index.php\/wp-json\/wp\/v2\/users\/1"}],"replies":[{"embeddable":true,"href":"http:\/\/www.tomolis.com\/anatomie\/index.php\/wp-json\/wp\/v2\/comments?post=2"}],"version-history":[{"count":9,"href":"http:\/\/www.tomolis.com\/anatomie\/index.php\/wp-json\/wp\/v2\/pages\/2\/revisions"}],"predecessor-version":[{"id":229,"href":"http:\/\/www.tomolis.com\/anatomie\/index.php\/wp-json\/wp\/v2\/pages\/2\/revisions\/229"}],"wp:attachment":[{"href":"http:\/\/www.tomolis.com\/anatomie\/index.php\/wp-json\/wp\/v2\/media?parent=2"}],"curies":[{"name":"wp","href":"https:\/\/api.w.org\/{rel}","templated":true}]}}