{"id":200,"date":"2016-11-28T18:22:02","date_gmt":"2016-11-28T17:22:02","guid":{"rendered":"http:\/\/www.tomolis.com\/anatomie\/?page_id=200"},"modified":"2016-11-28T18:22:02","modified_gmt":"2016-11-28T17:22:02","slug":"arnaud-de-villeneuve","status":"publish","type":"page","link":"http:\/\/www.tomolis.com\/anatomie\/index.php\/arnaud-de-villeneuve\/","title":{"rendered":"Arnaud de VILLENEUVE"},"content":{"rendered":"<h1>1235 (?) &#8211; 1311<\/h1>\n<h2>Le plus grand m\u00e9decin du moyen \u00e2ge.<br \/>\nLe pr\u00e9curseur de la m\u00e9decine moderne.<\/h2>\n<div id=\"attachment_134\" style=\"width: 226px\" class=\"wp-caption alignnone\"><img aria-describedby=\"caption-attachment-134\" loading=\"lazy\" class=\"size-medium wp-image-134\" src=\"http:\/\/www.tomolis.com\/anatomie\/wp-content\/uploads\/2016\/11\/Arnaud-de-Villeneuve-216x300.jpg\" alt=\"Arnaud de VILLENEUVE\" width=\"216\" height=\"300\" srcset=\"http:\/\/www.tomolis.com\/anatomie\/wp-content\/uploads\/2016\/11\/Arnaud-de-Villeneuve-216x300.jpg 216w, http:\/\/www.tomolis.com\/anatomie\/wp-content\/uploads\/2016\/11\/Arnaud-de-Villeneuve.jpg 300w\" sizes=\"(max-width: 216px) 100vw, 216px\" \/><p id=\"caption-attachment-134\" class=\"wp-caption-text\">Arnaud de VILLENEUVE<\/p><\/div>\n<p>On conna\u00eet mal les \u00e9v\u00e8nements de sa vie, partag\u00e9s entre l&rsquo;histoire et la l\u00e9gende.<br \/>\nL&rsquo;\u0153uvre m\u00e9dicale d&rsquo;Arnaud de Villeneuve est gigantesque et son influence fut grande sur de nombreuses g\u00e9n\u00e9rations de m\u00e9decins. Dans ses ouvrages, il fit preuve de connaissances extraordinaires : il souligna la valeur th\u00e9rapeutique des plantes, plus utiles et efficaces que les \u00a0\u00bb rem\u00e8des de bonnes femmes \u00a0\u00bb qui avaient tant cours au moyen \u00e2ge. Il introduit l&rsquo;alcool dans la pharmacop\u00e9e : Il prouva que cet alcool, contenu dans le vin ou l&rsquo;eau de vie, permettait d&rsquo;extraire, \u00e0 partir des diff\u00e9rents composants des plantes, des principes actifs, et de pr\u00e9parer aussi des m\u00e9dications plus actives.<br \/>\nVoil\u00e0 un m\u00e9decin qui a bien m\u00e9rit\u00e9 la reconnaissance de la ville o\u00f9 il a r\u00e9dig\u00e9 ses principales \u0153uvres et o\u00f9, surtout, il a donn\u00e9 \u00e0 la m\u00e9decine montpelli\u00e9raine ses lettres de noblesses.<\/p>\n","protected":false},"excerpt":{"rendered":"<p>1235 (?) &#8211; 1311 Le plus grand m\u00e9decin du moyen \u00e2ge. Le pr\u00e9curseur de la m\u00e9decine moderne. On conna\u00eet mal les \u00e9v\u00e8nements de sa vie, partag\u00e9s entre l&rsquo;histoire et la l\u00e9gende. L&rsquo;\u0153uvre m\u00e9dicale d&rsquo;Arnaud de Villeneuve est gigantesque et son influence fut grande sur de nombreuses g\u00e9n\u00e9rations de m\u00e9decins. Dans ses ouvrages, il fit preuve [&hellip;]<\/p>\n","protected":false},"author":1,"featured_media":0,"parent":0,"menu_order":0,"comment_status":"closed","ping_status":"closed","template":"","meta":[],"_links":{"self":[{"href":"http:\/\/www.tomolis.com\/anatomie\/index.php\/wp-json\/wp\/v2\/pages\/200"}],"collection":[{"href":"http:\/\/www.tomolis.com\/anatomie\/index.php\/wp-json\/wp\/v2\/pages"}],"about":[{"href":"http:\/\/www.tomolis.com\/anatomie\/index.php\/wp-json\/wp\/v2\/types\/page"}],"author":[{"embeddable":true,"href":"http:\/\/www.tomolis.com\/anatomie\/index.php\/wp-json\/wp\/v2\/users\/1"}],"replies":[{"embeddable":true,"href":"http:\/\/www.tomolis.com\/anatomie\/index.php\/wp-json\/wp\/v2\/comments?post=200"}],"version-history":[{"count":1,"href":"http:\/\/www.tomolis.com\/anatomie\/index.php\/wp-json\/wp\/v2\/pages\/200\/revisions"}],"predecessor-version":[{"id":201,"href":"http:\/\/www.tomolis.com\/anatomie\/index.php\/wp-json\/wp\/v2\/pages\/200\/revisions\/201"}],"wp:attachment":[{"href":"http:\/\/www.tomolis.com\/anatomie\/index.php\/wp-json\/wp\/v2\/media?parent=200"}],"curies":[{"name":"wp","href":"https:\/\/api.w.org\/{rel}","templated":true}]}}