{"id":23,"date":"2016-11-21T18:39:06","date_gmt":"2016-11-21T17:39:06","guid":{"rendered":"http:\/\/www.tomolis.com\/anatomie\/?page_id=23"},"modified":"2016-11-28T18:34:54","modified_gmt":"2016-11-28T17:34:54","slug":"histoire","status":"publish","type":"page","link":"http:\/\/www.tomolis.com\/anatomie\/index.php\/histoire\/","title":{"rendered":"Histoire"},"content":{"rendered":"<p>La cr\u00e9ation du mus\u00e9e d&rsquo;Anatomie est une cons\u00e9quence de la R\u00e9volution. Le 12 ao\u00fbt 1792, l&rsquo;Assembl\u00e9e L\u00e9gislative en supprimant \u00ab\u00a0sur toute la surface de la R\u00e9publique\u00a0\u00bb les associations et corporations, supprimait les deux institutions m\u00e9dicales existantes : Le Coll\u00e8ge Royal De M\u00e9decine, premi\u00e8re facult\u00e9 cr\u00e9\u00e9e au milieu du XVe si\u00e8cle est install\u00e9e dans un b\u00e2timent exigu, aujourd&rsquo;hui disparu, pr\u00e8s de (l&rsquo;\u00c9glise St. Mathieu) et le Coll\u00e8ge De Chirurgie (Coll\u00e8ge St. C\u00f4me) fond\u00e9 en 1755, gr\u00e2ce aux lib\u00e9ralit\u00e9s de Lapeyronie . Le 4 d\u00e9cembre 1794 (loi du 14 Frimaire An III) la Convention constatant que les arm\u00e9es de la R\u00e9publique avaient des besoins incessants en m\u00e9decins et chirurgiens sur les champs de bataille, ordonnait la cr\u00e9ation de trois \u00c9coles de Sant\u00e9 (d\u00e9nomm\u00e9es \u00c9cole de M\u00e9decine en 1803, et Facult\u00e9s en 1808) \u00e0 Paris, Strasbourg et Montpellier. Jean Antoine CHAPTAL favorisait l&rsquo;installation de cette \u00e9cole le 22 avril 1975 dans l&rsquo;ancien monast\u00e8re St. Beno\u00eet et St. Germain (o\u00f9 elle se trouve de nos jours), r\u00e9quisitionn\u00e9e par la Convention \u00e0 l&rsquo;\u00c9v\u00each\u00e9 de Montpellier.<\/p>\n<p>La\u00a0loi, consid\u00e9rant l&rsquo;importance de l&rsquo;anatomie dans le d\u00e9roulement des \u00e9tudes m\u00e9dicales, cr\u00e9ait un \u00ab\u00a0CONSERVATOIRE\u00a0\u00bb comprenant un \u00ab\u00a0Cabinet d&rsquo;Anatomie, une s\u00e9rie d&rsquo;instruments et d&rsquo;appareils de chirurgie et une collection d&rsquo;histoire naturelle m\u00e9dicale\u00a0\u00bb. La direction \u00e9tait confi\u00e9e \u00e0 un conservateur charg\u00e9 de faire annuellement la d\u00e9monstration des drogues usuelles et des instruments de chirurgie en deux cours distincts\u00a0\u00bb.<\/p>\n<p>Joseph Guillaume Virenque a \u00e9t\u00e9 le premier conservateur nomm\u00e9 par la loi du 26 Frimaire An III (17 d\u00e9cembre 1794). Onze conservateurs se sont succ\u00e8d\u00e9s jusqu&rsquo;en 1927 date \u00e0 partir de la quelle la fonction de conservateur fut supprim\u00e9e et rattach\u00e9e au Laboratoire d&rsquo;Anatomie (An III (1794) Joseph, Guillaume Virenque, An X (18O1-1802) Jacques, Philippe, Raymond Draparnaud, An XII (18O3-1804) Joseph Anglada, 1809, Antoine, Simon, Jules Duportal, 1823 Augustin, Gaspard, Emile, Ren\u00e9, 1835 Fran\u00e7ois Anselme-Jaumes, 1850 Justin Benoit, 1853 Pierre, Denis, Jules Quissac, 1879 Joseph Grynfelt, 1885 Jean Marie Bimar, 1915 Constant Lapeyre, 1917 Paul. Gilis, 1927 Fonction Supprim\u00e9e). Les responsables du Mus\u00e9e ont \u00e9t\u00e9 successivement Professeurs d&rsquo;Anatomie et de Physiologie : 1794 Ch. L. Dumas, 1813 Lordat, Et Professeurs D&rsquo;anatomie : 1824 J. M. Dubrueil, 1853 J. Benoit, 1888 V. Paulet, 1896 P. Gilis, 1927 J. Delmas, 1952 G. Laux, 1960 R. Marchal, 1963.M. De Ribet, 1965 P. Rabischong, 1999 F. Bonnel.<\/p>\n<div id=\"attachment_204\" style=\"width: 310px\" class=\"wp-caption alignnone\"><img aria-describedby=\"caption-attachment-204\" loading=\"lazy\" class=\"size-medium wp-image-204\" src=\"http:\/\/www.tomolis.com\/anatomie\/wp-content\/uploads\/2016\/11\/Fac-de-medecine-300x225.jpg\" alt=\"Entr\u00e9e de la facult\u00e9 de m\u00e9decine\" width=\"300\" height=\"225\" \/><p id=\"caption-attachment-204\" class=\"wp-caption-text\">Entr\u00e9e de la facult\u00e9 de m\u00e9decine<\/p><\/div>\n<p>Le local primitif octroy\u00e9 au conservatoire, tr\u00e8s exigu, ne poss\u00e9dait aucun mat\u00e9riel chirurgical. Les chirurgiens de ST. C\u00f4me, int\u00e9gr\u00e9s dans le personnel enseignant, n&rsquo;avaient rien amen\u00e9 avec eux et il n&rsquo;y avait aucune collection car l&rsquo;ancien Coll\u00e8ge Royal de M\u00e9decine ne poss\u00e9dait pas de mus\u00e9e anatomique. L&rsquo;absence de moyens financiers rendait impossible tout achat, malgr\u00e9 les demandes r\u00e9it\u00e9r\u00e9es de fonds \u00e0 Paris. Devant cette situation de d\u00e9tresse qui obligeait, d\u00e8s le 22 Germinal An III (11 avril 1795) \u00ab\u00a0les professeurs de m\u00e9decine op\u00e9rante de suspendre leurs cours de bandages, faute de linge et d&rsquo;un mannequin\u00a0\u00bb , la commission ex\u00e9cutive de l&rsquo;instruction publique ordonna au conservateur du mus\u00e9e de Paris de procurer au Conservatoire Montpelli\u00e9rain (qui en avait le plus pressant besoin) les instruments de chirurgie qui se trouvaient en double dans la collection de son \u00e9cole. Le 28 Frimaire An VII (18 d\u00e9cembre 1798), l&rsquo;\u00c9cole de M\u00e9decine demandait \u00e0 Paris 2 000 francs pour l&rsquo;achat d&rsquo;instruments chirurgicaux \u00ab\u00a0attendu qu&rsquo;\u00e0 l&rsquo;exception de deux boites pour les amputations, de deux pour le tr\u00e9pan et d&rsquo;une pour la fistule lacrymale, tous les autres instruments envoy\u00e9s par le directeur de l&rsquo;\u00e9cole de Paris sont plus propres \u00e0 meubler les ateliers d&rsquo;un artisan qu&rsquo;un arsenal de chirurgie.<\/p>\n<p>Le conservatoire acquit en juin 1795, la collection anatomique provenant de la succession du savant Joubert et en particulier \u00ab\u00a0l&rsquo;\u00e9corch\u00e9 de Houdon\u00a0\u00bb aujourd&rsquo;hui plac\u00e9 dans le grand escalier (4 septembre 1797). Trois prosecteurs de l&rsquo;\u00e9cole : F. Laborie, F. Putingon et B. Delmas, (c\u00e9l\u00e8bre obst\u00e9tricien) offraient en 1798 plusieurs pi\u00e8ces magnifiques d&rsquo;anatomie normale et pathologique.<\/p>\n<p>L&rsquo;enrichissement rapide des collections est la cons\u00e9quence de la d\u00e9cision de l&rsquo;\u00e9cole de M\u00e9decine en octobre 1798 qui stipulait que \u00a0\u00bb nul \u00e9l\u00e8ve, ne peut \u00eatre admis aux examens d\u00e9finitifs \u00e0 moins qu&rsquo;il n&rsquo;ait pr\u00e9sent\u00e9 une pi\u00e8ce anatomique naturelle ou artificielle pour \u00eatre d\u00e9pos\u00e9e au Conservatoire\u00a0\u00bb.<\/p>\n<p>Le 23 Germinal An XI (14 avril 1803), Chaptal (ministre de l&rsquo;int\u00e9rieur), fit acheter par le gouvernement et adresser au mus\u00e9e de l&rsquo;\u00e9cole plusieurs pi\u00e8ces anatomiques r\u00e9alis\u00e9es par F. Fontana, Conservateur du Mus\u00e9e du Palais du Duc de Toscane et c\u00e9l\u00e8bre c\u00e9rulo-plasticien.<\/p>\n<p>La m\u00eame ann\u00e9e, le conservateur Joseph Anglada achetait la collection de poissons de mer du sud, des c\u00f4tes de la Jama\u00efque et d&rsquo;Angleterre provenant de la succession d&rsquo;A. Broussonnet. Cuvier (c\u00e9l\u00e8bre pal\u00e9ontologiste) obtint qu&rsquo;une partie lui soit envoy\u00e9e, en \u00e9change de reproductions en pl\u00e2tre de ces animaux fossiles.<br \/>\nLe 23 Germinal An XII, (14 avril 1804) Laumonier de Rouen adressait ses premi\u00e8res pi\u00e8ces anatomiques en cire. Gr\u00e2ce \u00e0 Chaptal, B. Delmas (Chef de travaux en 1811) put se rendre aupr\u00e8s de ce ma\u00eetre rouennais pour apprendre l&rsquo;art de modeler la cire et r\u00e9alisa deux tr\u00e8s belles pi\u00e8ces : un \u00e9corch\u00e9 d&rsquo;enfant de 2 ans sur lequel appara\u00eet tr\u00e8s lisible, le syst\u00e8me lymphatique et plus tard, celui d&rsquo;un adulte avec tout l&rsquo;appareil musculaire.\u00a0\u00bb<\/p>\n<p>L&rsquo;exigu\u00eft\u00e9 du Conservatoire et l&rsquo;humidit\u00e9 du local contribuant \u00e0 alt\u00e9rer les pr\u00e9parations anatomiques, il \u00e9tait transf\u00e9r\u00e9 le 1er juillet 1817 dans une salle plus grande \u00ab\u00a0au rez-de-chauss\u00e9e de l&rsquo;aile occidentale qui conserva longtemps le nom d&rsquo;ancien Conservatoire\u00a0\u00bb. Aux dissections obtenues par les concours, s&rsquo;ajout\u00e8rent des pr\u00e9parations d&rsquo;anatomie pathologique offertes par de c\u00e9l\u00e8bres chirurgiens (Delpech, Lallemand, Dubreuil, Dug\u00e8s, Bouisson) et des mod\u00e8les en cire ou en pl\u00e2tre provenant de cas pathologiques observ\u00e9s en milieu hospitalier . Fran\u00e7ois Jaumes, (Conservateur) gr\u00e2ce \u00e0 l&rsquo;obtention par le ministre de l&rsquo;instruction publique, d&rsquo;une somme substantielle, achetait en 1842, 69 pi\u00e8ces d&rsquo;anatomie pathologique en carton p\u00e2te ex\u00e9cut\u00e9es par le Dr Thibert (montrant diverses l\u00e9sions du cerveau, des voies respiratoires, des appareils digestifs et g\u00e9nito-urinaires etc.). En 1848, fut d\u00e9pos\u00e9e la collection du Cabinet Dupont avec des pr\u00e9parations anatomiques, en cire, r\u00e9v\u00e9lant des l\u00e9sions canc\u00e9reuses ainsi que tous les aspects possibles de la maladie v\u00e9n\u00e9rienne .<\/p>\n<p>Dans l&rsquo;impossibilit\u00e9 d&rsquo;accueillir toutes les richesses anatomiques adress\u00e9es, la Facult\u00e9 demandait \u00e0 plusieurs reprises au Ministre la construction d&rsquo;un grand local plus adapt\u00e9 ; sous la f\u00e9rule du Recteur Thory et du Pr\u00e9fet Rouleaux-Dugage, un plan du nouveau conservatoire, \u00e9tabli par l&rsquo;architecte Alric \u00e9tait d\u00e9pos\u00e9 au ministre Salvandy. La Chambre des d\u00e9put\u00e9s accordait (en 1847) la somme de 158 064 fr. pour sa construction et la ville de Montpellier 20 000 fr. Le b\u00e2timent fut construit sur l&#8217;emplacement des anciens remparts (d\u00e9truits le 29 Prairial An V (18 juin 1797) le long du boulevard Henri IV, dans un style imitant la fa\u00e7ade principale et achev\u00e9 en 1851.<\/p>\n<div id=\"attachment_203\" style=\"width: 310px\" class=\"wp-caption alignnone\"><img aria-describedby=\"caption-attachment-203\" loading=\"lazy\" class=\"size-medium wp-image-203\" src=\"http:\/\/www.tomolis.com\/anatomie\/wp-content\/uploads\/2016\/11\/Eglise-300x225.jpg\" alt=\"Eglise \u00e0 proximit\u00e9 du mus\u00e9e\" width=\"300\" height=\"225\" \/><p id=\"caption-attachment-203\" class=\"wp-caption-text\">Eglise \u00e0 proximit\u00e9 du mus\u00e9e<\/p><\/div>\n","protected":false},"excerpt":{"rendered":"<p>La cr\u00e9ation du mus\u00e9e d&rsquo;Anatomie est une cons\u00e9quence de la R\u00e9volution. Le 12 ao\u00fbt 1792, l&rsquo;Assembl\u00e9e L\u00e9gislative en supprimant \u00ab\u00a0sur toute la surface de la R\u00e9publique\u00a0\u00bb les associations et corporations, supprimait les deux institutions m\u00e9dicales existantes : Le Coll\u00e8ge Royal De M\u00e9decine, premi\u00e8re facult\u00e9 cr\u00e9\u00e9e au milieu du XVe si\u00e8cle est install\u00e9e dans un b\u00e2timent [&hellip;]<\/p>\n","protected":false},"author":1,"featured_media":0,"parent":0,"menu_order":0,"comment_status":"closed","ping_status":"closed","template":"","meta":[],"_links":{"self":[{"href":"http:\/\/www.tomolis.com\/anatomie\/index.php\/wp-json\/wp\/v2\/pages\/23"}],"collection":[{"href":"http:\/\/www.tomolis.com\/anatomie\/index.php\/wp-json\/wp\/v2\/pages"}],"about":[{"href":"http:\/\/www.tomolis.com\/anatomie\/index.php\/wp-json\/wp\/v2\/types\/page"}],"author":[{"embeddable":true,"href":"http:\/\/www.tomolis.com\/anatomie\/index.php\/wp-json\/wp\/v2\/users\/1"}],"replies":[{"embeddable":true,"href":"http:\/\/www.tomolis.com\/anatomie\/index.php\/wp-json\/wp\/v2\/comments?post=23"}],"version-history":[{"count":6,"href":"http:\/\/www.tomolis.com\/anatomie\/index.php\/wp-json\/wp\/v2\/pages\/23\/revisions"}],"predecessor-version":[{"id":208,"href":"http:\/\/www.tomolis.com\/anatomie\/index.php\/wp-json\/wp\/v2\/pages\/23\/revisions\/208"}],"wp:attachment":[{"href":"http:\/\/www.tomolis.com\/anatomie\/index.php\/wp-json\/wp\/v2\/media?parent=23"}],"curies":[{"name":"wp","href":"https:\/\/api.w.org\/{rel}","templated":true}]}}