{"id":28,"date":"2016-11-21T18:43:42","date_gmt":"2016-11-21T17:43:42","guid":{"rendered":"http:\/\/www.tomolis.com\/anatomie\/?page_id=28"},"modified":"2016-11-28T17:40:22","modified_gmt":"2016-11-28T16:40:22","slug":"frederic-berard","status":"publish","type":"page","link":"http:\/\/www.tomolis.com\/anatomie\/index.php\/frederic-berard\/","title":{"rendered":"Fr\u00e9d\u00e9ric BERARD"},"content":{"rendered":"<h1>1789 &#8211; 1828<\/h1>\n<h2>M\u00e9decin &#8211; Philosophe &#8211; Historien.<\/h2>\n<div id=\"attachment_135\" style=\"width: 229px\" class=\"wp-caption alignnone\"><img aria-describedby=\"caption-attachment-135\" loading=\"lazy\" class=\"size-medium wp-image-135\" src=\"http:\/\/www.tomolis.com\/anatomie\/wp-content\/uploads\/2016\/11\/Berard-219x300.jpg\" alt=\"Fr\u00e9d\u00e9ric BERARD\" width=\"219\" height=\"300\" srcset=\"http:\/\/www.tomolis.com\/anatomie\/wp-content\/uploads\/2016\/11\/Berard-219x300.jpg 219w, http:\/\/www.tomolis.com\/anatomie\/wp-content\/uploads\/2016\/11\/Berard.jpg 300w\" sizes=\"(max-width: 219px) 100vw, 219px\" \/><p id=\"caption-attachment-135\" class=\"wp-caption-text\">Fr\u00e9d\u00e9ric BERARD<\/p><\/div>\n<p>En 1819, il publie son \u0153uvre ma\u00eetresse : \u00a0\u00bb Doctrine m\u00e9dicale de l&rsquo;\u00e9cole de Montpellier et comparaison de ses principes avec ceux des autres \u00e9coles anciennes et modernes \u00ab\u00a0. Dans cet ouvrage, il d\u00e9sire \u00a0\u00bb analyser avec soin les ouvrages les plus marquants de l&rsquo;\u00e9cole de Montpellier, ceux qui ont fix\u00e9 ses principes et qui, depuis cinquante ans, ont commenc\u00e9 \u00e0 renouveler le syst\u00e8me m\u00e9dical de l&rsquo;Europe par une r\u00e9volution qui n&rsquo;est pas encore achev\u00e9e \u00ab\u00a0.<\/p>\n","protected":false},"excerpt":{"rendered":"<p>1789 &#8211; 1828 M\u00e9decin &#8211; Philosophe &#8211; Historien. En 1819, il publie son \u0153uvre ma\u00eetresse : \u00a0\u00bb Doctrine m\u00e9dicale de l&rsquo;\u00e9cole de Montpellier et comparaison de ses principes avec ceux des autres \u00e9coles anciennes et modernes \u00ab\u00a0. Dans cet ouvrage, il d\u00e9sire \u00a0\u00bb analyser avec soin les ouvrages les plus marquants de l&rsquo;\u00e9cole de Montpellier, [&hellip;]<\/p>\n","protected":false},"author":1,"featured_media":0,"parent":0,"menu_order":1,"comment_status":"closed","ping_status":"closed","template":"","meta":[],"_links":{"self":[{"href":"http:\/\/www.tomolis.com\/anatomie\/index.php\/wp-json\/wp\/v2\/pages\/28"}],"collection":[{"href":"http:\/\/www.tomolis.com\/anatomie\/index.php\/wp-json\/wp\/v2\/pages"}],"about":[{"href":"http:\/\/www.tomolis.com\/anatomie\/index.php\/wp-json\/wp\/v2\/types\/page"}],"author":[{"embeddable":true,"href":"http:\/\/www.tomolis.com\/anatomie\/index.php\/wp-json\/wp\/v2\/users\/1"}],"replies":[{"embeddable":true,"href":"http:\/\/www.tomolis.com\/anatomie\/index.php\/wp-json\/wp\/v2\/comments?post=28"}],"version-history":[{"count":4,"href":"http:\/\/www.tomolis.com\/anatomie\/index.php\/wp-json\/wp\/v2\/pages\/28\/revisions"}],"predecessor-version":[{"id":161,"href":"http:\/\/www.tomolis.com\/anatomie\/index.php\/wp-json\/wp\/v2\/pages\/28\/revisions\/161"}],"wp:attachment":[{"href":"http:\/\/www.tomolis.com\/anatomie\/index.php\/wp-json\/wp\/v2\/media?parent=28"}],"curies":[{"name":"wp","href":"https:\/\/api.w.org\/{rel}","templated":true}]}}