{"id":32,"date":"2016-11-21T18:45:54","date_gmt":"2016-11-21T17:45:54","guid":{"rendered":"http:\/\/www.tomolis.com\/anatomie\/?page_id=32"},"modified":"2016-11-28T17:39:41","modified_gmt":"2016-11-28T16:39:41","slug":"francois-marie-xavier-bichat","status":"publish","type":"page","link":"http:\/\/www.tomolis.com\/anatomie\/index.php\/francois-marie-xavier-bichat\/","title":{"rendered":"Fran\u00e7ois Marie Xavier BICHAT"},"content":{"rendered":"<h1>1771 &#8211; 1802<\/h1>\n<h2>C\u00e9l\u00e8bre anatomiste, pionnier de la physiologie. P\u00e8re de l&rsquo;histologie.<\/h2>\n<div id=\"attachment_136\" style=\"width: 241px\" class=\"wp-caption alignnone\"><img aria-describedby=\"caption-attachment-136\" loading=\"lazy\" class=\"size-medium wp-image-136\" src=\"http:\/\/www.tomolis.com\/anatomie\/wp-content\/uploads\/2016\/11\/Bichat-231x300.jpg\" alt=\"Fran\u00e7ois Marie Xavier BICHAT\" width=\"231\" height=\"300\" srcset=\"http:\/\/www.tomolis.com\/anatomie\/wp-content\/uploads\/2016\/11\/Bichat-231x300.jpg 231w, http:\/\/www.tomolis.com\/anatomie\/wp-content\/uploads\/2016\/11\/Bichat.jpg 300w\" sizes=\"(max-width: 231px) 100vw, 231px\" \/><p id=\"caption-attachment-136\" class=\"wp-caption-text\">Fran\u00e7ois Marie Xavier BICHAT<\/p><\/div>\n<p>Il publie un ouvrage qui va soulever l&rsquo;enthousiasme de ses contemporains : le \u00a0\u00bb trait\u00e9 des membranes \u00a0\u00bb o\u00f9 il distingue trois grandes classes : les muqueuses, les s\u00e9reuses et les fibreuses. Mais c&rsquo;est \u00e0 partir de 1800 que BICHAT produira ses \u0153uvres les plus marquantes. Il publie \u00a0\u00bb Recherches physiologiques sur la vie et la mort \u00ab\u00a0, il y s\u00e9parait la vie organique (digestion, circulation, respiration) de la vie animale (sensation, intelligence, locomotion) et apportait le r\u00e9sultat de ses exp\u00e9riences.<\/p>\n","protected":false},"excerpt":{"rendered":"<p>1771 &#8211; 1802 C\u00e9l\u00e8bre anatomiste, pionnier de la physiologie. P\u00e8re de l&rsquo;histologie. Il publie un ouvrage qui va soulever l&rsquo;enthousiasme de ses contemporains : le \u00a0\u00bb trait\u00e9 des membranes \u00a0\u00bb o\u00f9 il distingue trois grandes classes : les muqueuses, les s\u00e9reuses et les fibreuses. Mais c&rsquo;est \u00e0 partir de 1800 que BICHAT produira ses \u0153uvres [&hellip;]<\/p>\n","protected":false},"author":1,"featured_media":0,"parent":0,"menu_order":0,"comment_status":"closed","ping_status":"closed","template":"","meta":[],"_links":{"self":[{"href":"http:\/\/www.tomolis.com\/anatomie\/index.php\/wp-json\/wp\/v2\/pages\/32"}],"collection":[{"href":"http:\/\/www.tomolis.com\/anatomie\/index.php\/wp-json\/wp\/v2\/pages"}],"about":[{"href":"http:\/\/www.tomolis.com\/anatomie\/index.php\/wp-json\/wp\/v2\/types\/page"}],"author":[{"embeddable":true,"href":"http:\/\/www.tomolis.com\/anatomie\/index.php\/wp-json\/wp\/v2\/users\/1"}],"replies":[{"embeddable":true,"href":"http:\/\/www.tomolis.com\/anatomie\/index.php\/wp-json\/wp\/v2\/comments?post=32"}],"version-history":[{"count":4,"href":"http:\/\/www.tomolis.com\/anatomie\/index.php\/wp-json\/wp\/v2\/pages\/32\/revisions"}],"predecessor-version":[{"id":160,"href":"http:\/\/www.tomolis.com\/anatomie\/index.php\/wp-json\/wp\/v2\/pages\/32\/revisions\/160"}],"wp:attachment":[{"href":"http:\/\/www.tomolis.com\/anatomie\/index.php\/wp-json\/wp\/v2\/media?parent=32"}],"curies":[{"name":"wp","href":"https:\/\/api.w.org\/{rel}","templated":true}]}}