{"id":42,"date":"2016-11-21T19:15:48","date_gmt":"2016-11-21T18:15:48","guid":{"rendered":"http:\/\/www.tomolis.com\/anatomie\/?page_id=42"},"modified":"2016-11-28T22:23:30","modified_gmt":"2016-11-28T21:23:30","slug":"teratologie","status":"publish","type":"page","link":"http:\/\/www.tomolis.com\/anatomie\/index.php\/teratologie\/","title":{"rendered":"T\u00e9ratologie"},"content":{"rendered":"\n\t<div class=\"slideshow_container slideshow_container_style-dark\" style=\"height: 400px; \" data-slideshow-id=\"243\" data-style-name=\"style-dark\" data-style-version=\"2.3.1\" >\n\n\t\t\t\t\t<div class=\"slideshow_loading_icon\"><\/div>\n\t\t\n\t\t<div class=\"slideshow_content\" style=\"display: none;\">\n\n\t\t\t<div class=\"slideshow_view\">\n\t\t\t\t<div class=\"slideshow_slide slideshow_slide_image\">\n\t\t\t\t\t\t\t\t\t\t\t<img src=\"http:\/\/www.tomolis.com\/anatomie\/wp-content\/uploads\/2016\/11\/foetus-a-deux-tetes.jpg\" alt=\"F\u0153tus \u00e0 deux t\u00eates\" width=\"396\" height=\"552\" \/>\n\t\t\t\t\t\t\t\t\t\t<div class=\"slideshow_description_box slideshow_transparent\">\n\t\t\t\t\t\t<div class=\"slideshow_title\">F\u0153tus \u00e0 deux t\u00eates<\/div>\t\t\t\t\t\t\t\t\t\t\t<\/div>\n\t\t\t\t<\/div>\n\n\t\t\t\t\t\t<div style=\"clear: both;\"><\/div><\/div><div class=\"slideshow_view\">\n\t\t\t\t<div class=\"slideshow_slide slideshow_slide_image\">\n\t\t\t\t\t\t\t\t\t\t\t<img src=\"http:\/\/www.tomolis.com\/anatomie\/wp-content\/uploads\/2016\/11\/siamois.jpg\" alt=\"Siamois\" width=\"800\" height=\"600\" \/>\n\t\t\t\t\t\t\t\t\t\t<div class=\"slideshow_description_box slideshow_transparent\">\n\t\t\t\t\t\t<div class=\"slideshow_title\">Siamois<\/div>\t\t\t\t\t\t\t\t\t\t\t<\/div>\n\t\t\t\t<\/div>\n\n\t\t\t\t\t\t<div style=\"clear: both;\"><\/div><\/div><div class=\"slideshow_view\">\n\t\t\t\t<div class=\"slideshow_slide slideshow_slide_image\">\n\t\t\t\t\t\t\t\t\t\t\t<img src=\"http:\/\/www.tomolis.com\/anatomie\/wp-content\/uploads\/2016\/11\/teratologie-001.jpg\" alt=\"T\u00e9ratologie\" width=\"410\" height=\"576\" \/>\n\t\t\t\t\t\t\t\t\t\t<div class=\"slideshow_description_box slideshow_transparent\">\n\t\t\t\t\t\t<div class=\"slideshow_title\">T\u00e9ratologie<\/div>\t\t\t\t\t\t\t\t\t\t\t<\/div>\n\t\t\t\t<\/div>\n\n\t\t\t\t\t\t<div style=\"clear: both;\"><\/div><\/div><div class=\"slideshow_view\">\n\t\t\t\t<div class=\"slideshow_slide slideshow_slide_image\">\n\t\t\t\t\t\t\t\t\t\t\t<img src=\"http:\/\/www.tomolis.com\/anatomie\/wp-content\/uploads\/2016\/11\/teratologie-002.jpg\" alt=\"T\u00e9ratologie\" width=\"800\" height=\"600\" \/>\n\t\t\t\t\t\t\t\t\t\t<div class=\"slideshow_description_box slideshow_transparent\">\n\t\t\t\t\t\t<div class=\"slideshow_title\">T\u00e9ratologie<\/div>\t\t\t\t\t\t\t\t\t\t\t<\/div>\n\t\t\t\t<\/div>\n\n\t\t\t\t\t\t<div style=\"clear: both;\"><\/div><\/div><div class=\"slideshow_view\">\n\t\t\t\t<div class=\"slideshow_slide slideshow_slide_image\">\n\t\t\t\t\t\t\t\t\t\t\t<img src=\"http:\/\/www.tomolis.com\/anatomie\/wp-content\/uploads\/2016\/11\/teratologie-003.jpg\" alt=\"T\u00e9ratologie\" width=\"720\" height=\"707\" \/>\n\t\t\t\t\t\t\t\t\t\t<div class=\"slideshow_description_box slideshow_transparent\">\n\t\t\t\t\t\t<div class=\"slideshow_title\">T\u00e9ratologie<\/div>\t\t\t\t\t\t\t\t\t\t\t<\/div>\n\t\t\t\t<\/div>\n\n\t\t\t\t\t\t<div style=\"clear: both;\"><\/div><\/div><div class=\"slideshow_view\">\n\t\t\t\t<div class=\"slideshow_slide slideshow_slide_image\">\n\t\t\t\t\t\t\t\t\t\t\t<img src=\"http:\/\/www.tomolis.com\/anatomie\/wp-content\/uploads\/2016\/11\/teratologie-malformations-foetus.jpg\" alt=\"Malformations du f\u0153tus\" width=\"794\" height=\"621\" \/>\n\t\t\t\t\t\t\t\t\t\t<div class=\"slideshow_description_box slideshow_transparent\">\n\t\t\t\t\t\t<div class=\"slideshow_title\">Malformations du f\u0153tus<\/div>\t\t\t\t\t\t\t\t\t\t\t<\/div>\n\t\t\t\t<\/div>\n\n\t\t\t\t\t\t<div style=\"clear: both;\"><\/div><\/div><div class=\"slideshow_view\">\n\t\t\t\t<div class=\"slideshow_slide slideshow_slide_image\">\n\t\t\t\t\t\t\t\t\t\t\t<img src=\"http:\/\/www.tomolis.com\/anatomie\/wp-content\/uploads\/2016\/11\/vitrine-teratologie-malformation-foetus.jpg\" alt=\"Vitrine de t\u00e9ratologie avec malformations du f\u0153tus\" width=\"479\" height=\"643\" \/>\n\t\t\t\t\t\t\t\t\t\t<div class=\"slideshow_description_box slideshow_transparent\">\n\t\t\t\t\t\t<div class=\"slideshow_title\">Vitrine de t\u00e9ratologie avec malformations du f\u0153tus<\/div>\t\t\t\t\t\t\t\t\t\t\t<\/div>\n\t\t\t\t<\/div>\n\n\t\t\t\t\t\t<div style=\"clear: both;\"><\/div><\/div>\n\t\t<\/div>\n\n\t\t<div class=\"slideshow_controlPanel slideshow_transparent\" style=\"display: none;\"><ul><li class=\"slideshow_togglePlay\" data-play-text=\"Play\" data-pause-text=\"Pause\"><\/li><\/ul><\/div>\n\n\t\t<div class=\"slideshow_button slideshow_previous slideshow_transparent\" role=\"button\" data-previous-text=\"Pr\u00e9c\u00e9dent\" style=\"display: none;\"><\/div>\n\t\t<div class=\"slideshow_button slideshow_next slideshow_transparent\" role=\"button\" data-next-text=\"Suivant\" style=\"display: none;\"><\/div>\n\n\t\t<div class=\"slideshow_pagination\" style=\"display: none;\" data-go-to-text=\"Go to slide\"><div class=\"slideshow_pagination_center\"><\/div><\/div>\n\n\t\t<!-- WordPress Slideshow Version 2.3.1 -->\n\n\t\t\t<\/div>\n\n\n","protected":false},"excerpt":{"rendered":"","protected":false},"author":1,"featured_media":0,"parent":0,"menu_order":0,"comment_status":"closed","ping_status":"closed","template":"","meta":[],"_links":{"self":[{"href":"http:\/\/www.tomolis.com\/anatomie\/index.php\/wp-json\/wp\/v2\/pages\/42"}],"collection":[{"href":"http:\/\/www.tomolis.com\/anatomie\/index.php\/wp-json\/wp\/v2\/pages"}],"about":[{"href":"http:\/\/www.tomolis.com\/anatomie\/index.php\/wp-json\/wp\/v2\/types\/page"}],"author":[{"embeddable":true,"href":"http:\/\/www.tomolis.com\/anatomie\/index.php\/wp-json\/wp\/v2\/users\/1"}],"replies":[{"embeddable":true,"href":"http:\/\/www.tomolis.com\/anatomie\/index.php\/wp-json\/wp\/v2\/comments?post=42"}],"version-history":[{"count":6,"href":"http:\/\/www.tomolis.com\/anatomie\/index.php\/wp-json\/wp\/v2\/pages\/42\/revisions"}],"predecessor-version":[{"id":245,"href":"http:\/\/www.tomolis.com\/anatomie\/index.php\/wp-json\/wp\/v2\/pages\/42\/revisions\/245"}],"wp:attachment":[{"href":"http:\/\/www.tomolis.com\/anatomie\/index.php\/wp-json\/wp\/v2\/media?parent=42"}],"curies":[{"name":"wp","href":"https:\/\/api.w.org\/{rel}","templated":true}]}}