{"id":489,"date":"2016-11-29T04:45:28","date_gmt":"2016-11-29T03:45:28","guid":{"rendered":"http:\/\/www.tomolis.com\/anatomie\/?page_id=489"},"modified":"2016-11-29T04:47:03","modified_gmt":"2016-11-29T03:47:03","slug":"charles-louis-dumas","status":"publish","type":"page","link":"http:\/\/www.tomolis.com\/anatomie\/index.php\/charles-louis-dumas\/","title":{"rendered":"Charles Louis DUMAS"},"content":{"rendered":"<h1>1765 &#8211; 1813<\/h1>\n<h2>Le premier doyen de la Facult\u00e9 de M\u00e9decine de Montpellier<\/h2>\n<div id=\"attachment_146\" style=\"width: 223px\" class=\"wp-caption alignnone\"><img aria-describedby=\"caption-attachment-146\" loading=\"lazy\" class=\"size-medium wp-image-146\" src=\"http:\/\/www.tomolis.com\/anatomie\/wp-content\/uploads\/2016\/11\/Dumas-213x300.jpg\" alt=\"Charles Louis DUMAS\" width=\"213\" height=\"300\" srcset=\"http:\/\/www.tomolis.com\/anatomie\/wp-content\/uploads\/2016\/11\/Dumas-213x300.jpg 213w, http:\/\/www.tomolis.com\/anatomie\/wp-content\/uploads\/2016\/11\/Dumas.jpg 300w\" sizes=\"(max-width: 213px) 100vw, 213px\" \/><p id=\"caption-attachment-146\" class=\"wp-caption-text\">Charles Louis DUMAS<\/p><\/div>\n<p>Il est l&rsquo;auteur de nombreux travaux d&rsquo;anatomie et de physiologie. Il a aussi \u00e9crit un ouvrage sur les maladies chroniques.<\/p>\n","protected":false},"excerpt":{"rendered":"<p>1765 &#8211; 1813 Le premier doyen de la Facult\u00e9 de M\u00e9decine de Montpellier Il est l&rsquo;auteur de nombreux travaux d&rsquo;anatomie et de physiologie. Il a aussi \u00e9crit un ouvrage sur les maladies chroniques.<\/p>\n","protected":false},"author":1,"featured_media":0,"parent":0,"menu_order":0,"comment_status":"closed","ping_status":"closed","template":"","meta":[],"_links":{"self":[{"href":"http:\/\/www.tomolis.com\/anatomie\/index.php\/wp-json\/wp\/v2\/pages\/489"}],"collection":[{"href":"http:\/\/www.tomolis.com\/anatomie\/index.php\/wp-json\/wp\/v2\/pages"}],"about":[{"href":"http:\/\/www.tomolis.com\/anatomie\/index.php\/wp-json\/wp\/v2\/types\/page"}],"author":[{"embeddable":true,"href":"http:\/\/www.tomolis.com\/anatomie\/index.php\/wp-json\/wp\/v2\/users\/1"}],"replies":[{"embeddable":true,"href":"http:\/\/www.tomolis.com\/anatomie\/index.php\/wp-json\/wp\/v2\/comments?post=489"}],"version-history":[{"count":2,"href":"http:\/\/www.tomolis.com\/anatomie\/index.php\/wp-json\/wp\/v2\/pages\/489\/revisions"}],"predecessor-version":[{"id":492,"href":"http:\/\/www.tomolis.com\/anatomie\/index.php\/wp-json\/wp\/v2\/pages\/489\/revisions\/492"}],"wp:attachment":[{"href":"http:\/\/www.tomolis.com\/anatomie\/index.php\/wp-json\/wp\/v2\/media?parent=489"}],"curies":[{"name":"wp","href":"https:\/\/api.w.org\/{rel}","templated":true}]}}