{"id":501,"date":"2016-11-30T23:59:50","date_gmt":"2016-11-30T22:59:50","guid":{"rendered":"http:\/\/www.tomolis.com\/anatomie\/?page_id=501"},"modified":"2016-12-01T02:30:14","modified_gmt":"2016-12-01T01:30:14","slug":"sommaire","status":"publish","type":"page","link":"http:\/\/www.tomolis.com\/anatomie\/index.php\/sommaire\/","title":{"rendered":"Sommaire"},"content":{"rendered":"<h1>De la dissection \u00e0 l\u2019anatomie virtuelle<\/h1>\n<h2>L&rsquo;anatomie \u00e0 Montpellier, un enseignement prestigieux<\/h2>\n<p><em>Par Fran\u00e7ois BONNEL avec la collaboration de Christophe Bonnel.<\/em><\/p>\n<h3><a href=\"http:\/\/www.tomolis.com\/anatomie\/index.php\/1re-periode-les-pionniers-1315-1800\/\">1re p\u00e9riode : les pionniers (1315-1800)<\/a><\/h3>\n<p><a href=\"http:\/\/www.tomolis.com\/anatomie\/index.php\/preambule\/\">Pr\u00e9ambule<\/a><br \/>\n<a href=\"http:\/\/www.tomolis.com\/anatomie\/index.php\/enseignement-de-lanatomie-a-ses-debuts-1315\/\">Enseignement de l&rsquo;anatomie \u00e0 ses d\u00e9buts (1315)<\/a><br \/>\n<a href=\"http:\/\/www.tomolis.com\/anatomie\/index.php\/rituel-des-dissections-1526\/\">Rituel des dissections (1526)<\/a><br \/>\n<a href=\"http:\/\/www.tomolis.com\/anatomie\/index.php\/creation-de-la-premiere-chaire-danatomie-et-des-plantes-1593\/\">Cr\u00e9ation de la premi\u00e8re chaire d&rsquo;Anatomie et des Plantes (1593)<\/a><br \/>\n<a href=\"http:\/\/www.tomolis.com\/anatomie\/index.php\/creation-des-dissecteurs-anatomistes-royaux-1595\/\">Cr\u00e9ation des dissecteurs anatomistes royaux (1595)<\/a><br \/>\n<a href=\"http:\/\/www.tomolis.com\/anatomie\/index.php\/les-successeurs-aux-richer-de-belleval\/\">Les successeurs aux Richer de Belleval<\/a><br \/>\n<a href=\"http:\/\/www.tomolis.com\/anatomie\/index.php\/la-dynastie-des-chicoyneau-1664-a-1759\/\">La dynastie des Chicoyneau (1664 \u00e0 1759)<\/a><br \/>\n<a href=\"http:\/\/www.tomolis.com\/anatomie\/index.php\/emergence-danatomistes-illustres-1640-1742\/\">\u00c9mergence d\u2019anatomistes illustres (1640-1742)<\/a><br \/>\n<a href=\"http:\/\/www.tomolis.com\/anatomie\/index.php\/lere-nouvelle-ecole-de-sante-1794\/\">L&rsquo;\u00e8re nouvelle : \u00c9cole de Sant\u00e9 : 1794<\/a><br \/>\n<a href=\"http:\/\/www.tomolis.com\/anatomie\/index.php\/creation-de-la-chaire-danatomie-et-physiologie-1794\/\">Cr\u00e9ation de la Chaire d&rsquo;Anatomie et Physiologie (1794)<\/a><\/p>\n<h2><a href=\"http:\/\/www.tomolis.com\/anatomie\/index.php\/2eme-periode-glorieuse-1800-1927\/\">2\u00e8me p\u00e9riode : Glorieuse (1800-1927)<\/a><\/h2>\n<p><a href=\"http:\/\/www.tomolis.com\/anatomie\/index.php\/lenseignement-prive-danatomie-1800\/\">L&rsquo;enseignement priv\u00e9 d&rsquo;Anatomie (1800)<\/a><br \/>\n<a href=\"http:\/\/www.tomolis.com\/anatomie\/index.php\/creation-du-conservatoire-1794\/\">Cr\u00e9ation du Conservatoire (1794)<\/a><br \/>\n<a href=\"http:\/\/www.tomolis.com\/anatomie\/index.php\/le-nouveau-conservatoire-1851\/\">Le nouveau Conservatoire : 1851<\/a><br \/>\n<a href=\"http:\/\/www.tomolis.com\/anatomie\/index.php\/le-prosectorat-1794-1902\/\">Le prosectorat 1794-1902<\/a><br \/>\n<a href=\"http:\/\/www.tomolis.com\/anatomie\/index.php\/creation-de-lecole-pratique-danatomie-et-de-chirurgie-1811\/\">Cr\u00e9ation de l&rsquo;\u00e9cole pratique d&rsquo;Anatomie et de Chirurgie (1811)<\/a><br \/>\n<a href=\"http:\/\/www.tomolis.com\/anatomie\/index.php\/creation-daides-danatomie-1811\/\">Cr\u00e9ation d&rsquo;aides d&rsquo;anatomie (1811)<\/a><br \/>\n<a href=\"http:\/\/www.tomolis.com\/anatomie\/index.php\/reglement-daide-danatomiste-1854\/\">R\u00e8glement d&rsquo;aide d&rsquo;anatomiste (1854)<\/a><br \/>\n<a href=\"http:\/\/www.tomolis.com\/anatomie\/index.php\/individualisation-dune-chaire-danatomie-1824\/\">Individualisation d&rsquo;une chaire d&rsquo;Anatomie (1824)<\/a><br \/>\n<a href=\"http:\/\/www.tomolis.com\/anatomie\/index.php\/justin-benoit\/\">Justin Benoit<\/a><br \/>\n<a href=\"http:\/\/www.tomolis.com\/anatomie\/index.php\/construction-dun-pavillon-anatomique-1868\/\">Construction d&rsquo;un pavillon anatomique (1868)<\/a><br \/>\n<a href=\"http:\/\/www.tomolis.com\/anatomie\/index.php\/empire-mairie-de-montpellier-faculte-de-medecine\/\">Empire, Mairie de Montpellier Facult\u00e9 de M\u00e9decine<\/a><br \/>\n<a href=\"http:\/\/www.tomolis.com\/anatomie\/index.php\/le-premier-adjoint-chevalier-de-la-legion-dhonneur-g-ferrier\/\">Le premier adjoint chevalier de la l\u00e9gion d&rsquo;honneur G. Ferrier.<\/a><br \/>\n<a href=\"http:\/\/www.tomolis.com\/anatomie\/index.php\/concours-pour-la-place-de-prosecteur-vacante-a-la-faculte-de-medecine-de-montpellier\/\">Concours pour la place de prosecteur vacante \u00e0 la facult\u00e9 de m\u00e9decine de Montpellier.<\/a><br \/>\n<a href=\"http:\/\/www.tomolis.com\/anatomie\/index.php\/reglement-travaux-pratiques-danatomie\/\">R\u00e8glement Travaux pratiques d&rsquo;anatomie<\/a><br \/>\n<a href=\"http:\/\/www.tomolis.com\/anatomie\/index.php\/paulet-1828-1906\/\">Paulet (1828-1906)<\/a><br \/>\n<a href=\"http:\/\/www.tomolis.com\/anatomie\/index.php\/gilis-1857-1929\/\">Gilis (1857-1929)<\/a><br \/>\n<a href=\"http:\/\/www.tomolis.com\/anatomie\/index.php\/organisation-cours-et-travaux-pratiques\/\">Organisation cours et travaux pratiques<\/a><br \/>\n<a href=\"http:\/\/www.tomolis.com\/anatomie\/index.php\/la-fin-du-conservatoire-1927\/\">La fin du conservatoire (1927)<\/a><br \/>\n<a href=\"http:\/\/www.tomolis.com\/anatomie\/index.php\/bibliographie\/\">Bibliographie<\/a><br \/>\n<a href=\"http:\/\/www.tomolis.com\/anatomie\/index.php\/liste-chronologique-des-conservateurs\/\">Liste chronologique des conservateurs<\/a><\/p>\n","protected":false},"excerpt":{"rendered":"<p>De la dissection \u00e0 l\u2019anatomie virtuelle L&rsquo;anatomie \u00e0 Montpellier, un enseignement prestigieux Par Fran\u00e7ois BONNEL avec la collaboration de Christophe Bonnel. 1re p\u00e9riode : les pionniers (1315-1800) Pr\u00e9ambule Enseignement de l&rsquo;anatomie \u00e0 ses d\u00e9buts (1315) Rituel des dissections (1526) Cr\u00e9ation de la premi\u00e8re chaire d&rsquo;Anatomie et des Plantes (1593) Cr\u00e9ation des dissecteurs anatomistes royaux (1595) [&hellip;]<\/p>\n","protected":false},"author":1,"featured_media":0,"parent":0,"menu_order":0,"comment_status":"closed","ping_status":"closed","template":"","meta":[],"_links":{"self":[{"href":"http:\/\/www.tomolis.com\/anatomie\/index.php\/wp-json\/wp\/v2\/pages\/501"}],"collection":[{"href":"http:\/\/www.tomolis.com\/anatomie\/index.php\/wp-json\/wp\/v2\/pages"}],"about":[{"href":"http:\/\/www.tomolis.com\/anatomie\/index.php\/wp-json\/wp\/v2\/types\/page"}],"author":[{"embeddable":true,"href":"http:\/\/www.tomolis.com\/anatomie\/index.php\/wp-json\/wp\/v2\/users\/1"}],"replies":[{"embeddable":true,"href":"http:\/\/www.tomolis.com\/anatomie\/index.php\/wp-json\/wp\/v2\/comments?post=501"}],"version-history":[{"count":5,"href":"http:\/\/www.tomolis.com\/anatomie\/index.php\/wp-json\/wp\/v2\/pages\/501\/revisions"}],"predecessor-version":[{"id":613,"href":"http:\/\/www.tomolis.com\/anatomie\/index.php\/wp-json\/wp\/v2\/pages\/501\/revisions\/613"}],"wp:attachment":[{"href":"http:\/\/www.tomolis.com\/anatomie\/index.php\/wp-json\/wp\/v2\/media?parent=501"}],"curies":[{"name":"wp","href":"https:\/\/api.w.org\/{rel}","templated":true}]}}