{"id":508,"date":"2016-12-01T00:14:53","date_gmt":"2016-11-30T23:14:53","guid":{"rendered":"http:\/\/www.tomolis.com\/anatomie\/?page_id=508"},"modified":"2016-12-01T00:14:53","modified_gmt":"2016-11-30T23:14:53","slug":"preambule","status":"publish","type":"page","link":"http:\/\/www.tomolis.com\/anatomie\/index.php\/preambule\/","title":{"rendered":"Pr\u00e9ambule"},"content":{"rendered":"<p>La reconstitution des \u00e9pisodes de cet enseignement n\u2019a jamais fait l\u2019objet de rapport pr\u00e9cis. Les sources auxquelles nous nous r\u00e9f\u00e9rons sont \u00e9parses ce qui a rendu notre recherche difficile. Des auteurs ont rapport\u00e9 \u00e0 l\u2019occasion de successions \u00e0 la chaire d\u2019Anatomie (Grynfeltt, Gilis, Laux) ou \u00e0 titre Historique (Astruc, Dulieu) des faits qui nous ont permis de reconstituer le d\u00e9veloppement de l\u2019anatomie \u00e0 Montpellier. Nous avons vivement regrett\u00e9 qu\u2019aucune archive digne de ce nom n\u2019ai jamais fait l\u2019objet de prise en consid\u00e9ration de ce patrimoine culturel unique en France. \u00c0 partir de 1830 la Revue de M\u00e9decine de Montpellier dont la parution \u00e9tait hebdomadaire relate des faits qui nous ont \u00e9galement servis pour l\u2019\u00e9laboration de cet historique dont nous sommes conscient des insuffisances. La r\u00e9miniscence de ces documents pourra servir aux futures g\u00e9n\u00e9rations de base et de m\u00e9moire pour constater que gr\u00e2ce \u00e0 ces anciens Ma\u00eetres, l\u2019Anatomie a conquis ses lettres de noblesse avec un engagement total face aux difficult\u00e9s que rencontre toute action, mais avec une d\u00e9termination que nous essayerons de mettre en exergue.<\/p>\n","protected":false},"excerpt":{"rendered":"<p>La reconstitution des \u00e9pisodes de cet enseignement n\u2019a jamais fait l\u2019objet de rapport pr\u00e9cis. Les sources auxquelles nous nous r\u00e9f\u00e9rons sont \u00e9parses ce qui a rendu notre recherche difficile. Des auteurs ont rapport\u00e9 \u00e0 l\u2019occasion de successions \u00e0 la chaire d\u2019Anatomie (Grynfeltt, Gilis, Laux) ou \u00e0 titre Historique (Astruc, Dulieu) des faits qui nous ont [&hellip;]<\/p>\n","protected":false},"author":1,"featured_media":0,"parent":0,"menu_order":0,"comment_status":"closed","ping_status":"closed","template":"","meta":[],"_links":{"self":[{"href":"http:\/\/www.tomolis.com\/anatomie\/index.php\/wp-json\/wp\/v2\/pages\/508"}],"collection":[{"href":"http:\/\/www.tomolis.com\/anatomie\/index.php\/wp-json\/wp\/v2\/pages"}],"about":[{"href":"http:\/\/www.tomolis.com\/anatomie\/index.php\/wp-json\/wp\/v2\/types\/page"}],"author":[{"embeddable":true,"href":"http:\/\/www.tomolis.com\/anatomie\/index.php\/wp-json\/wp\/v2\/users\/1"}],"replies":[{"embeddable":true,"href":"http:\/\/www.tomolis.com\/anatomie\/index.php\/wp-json\/wp\/v2\/comments?post=508"}],"version-history":[{"count":1,"href":"http:\/\/www.tomolis.com\/anatomie\/index.php\/wp-json\/wp\/v2\/pages\/508\/revisions"}],"predecessor-version":[{"id":509,"href":"http:\/\/www.tomolis.com\/anatomie\/index.php\/wp-json\/wp\/v2\/pages\/508\/revisions\/509"}],"wp:attachment":[{"href":"http:\/\/www.tomolis.com\/anatomie\/index.php\/wp-json\/wp\/v2\/media?parent=508"}],"curies":[{"name":"wp","href":"https:\/\/api.w.org\/{rel}","templated":true}]}}