{"id":511,"date":"2016-12-01T00:16:08","date_gmt":"2016-11-30T23:16:08","guid":{"rendered":"http:\/\/www.tomolis.com\/anatomie\/?page_id=511"},"modified":"2016-12-01T00:16:08","modified_gmt":"2016-11-30T23:16:08","slug":"enseignement-de-lanatomie-a-ses-debuts-1315","status":"publish","type":"page","link":"http:\/\/www.tomolis.com\/anatomie\/index.php\/enseignement-de-lanatomie-a-ses-debuts-1315\/","title":{"rendered":"Enseignement de l&rsquo;anatomie \u00e0 ses d\u00e9buts (1315)"},"content":{"rendered":"<p>L&rsquo;enseignement anatomique de l&rsquo;\u00c9cole de Montpellier au Moyen Age d\u00e9bute avec Ricard Senior (Richard Anglicus) dont son Micrologus, comprend une partie r\u00e9serv\u00e9e \u00e0 l&rsquo;anatomie ainsi que Petrus Hispanus qui \u00e9dite une Anathomia et un trait\u00e9 : \u00ab Quaedam de partibus corporis humani, de coitu, de honesta et mala muliere<\/p>\n<p>C&rsquo;est dans cet esprit qu&rsquo;Henri de Mondeville (1260-1320) fit \u00e0 Montpellier la premi\u00e8re dissection en France vraisemblablement non autoris\u00e9e en 1315 s&rsquo;inspirant du canon d&rsquo;Avicenne et du techne de Galien. Il apprit l&rsquo;anatomie \u00e0 Montpellier sous l&rsquo;autorit\u00e9 de Guillaume de Salicet et l\u2019enseigna avant de monter \u00e0 Paris o\u00f9 il \u00e9tait m\u00e9decin de Philippe IV Le Bel (1268-1314) et de Louis le Hutin ( 1289-1316 ). Bien qu\u2019ayant exerc\u00e9 la chirurgie \u00e0 Montpellier, il a publi\u00e9 \u00e0 Paris les parties principales du corps humain en treize planches dessin\u00e9es d&rsquo;apr\u00e8s nature et classe les tissus et les organes en tissus blancs (nerfs, tendons, ligaments, apon\u00e9vroses) et en chairs (muscles, glandes, ganglions).<\/p>\n<p>Les dissections \u00e0 Montpellier ont commenc\u00e9 officiellement en 1340, ann\u00e9e qui vit l&rsquo;Universit\u00e9 de m\u00e9decine se doter d&rsquo;importants statuts nouveaux \u00e0 l&rsquo;article XIII, \u00ab De anatom\u00eea quia expenenca optima rerum magistra dicitur, statuimus quod, de biennio in biennium ad lorgins, Cancellanus, una cam Mag\u00eestro non legente, sacramento sint astincti ut provedeant quod fi\u00e2t anathom\u00eea corporalis \u00bb Une anatomie \u00e9tait d\u00e9j\u00e0 pr\u00e9vue, tous les deux ans, en 1340, mais sans doute, l&rsquo;Universit\u00e9<br \/>\nn&rsquo;avait-elle pas l&rsquo;autorit\u00e9 voulue pour convaincre ceux qui pourraient lui d\u00e9livrer des cadavres ?<\/p>\n<p>Le personnel de l&rsquo;\u00c9cole \u00e9tait constitu\u00e9 par tous les m\u00e9decins de la ville, regroup\u00e9s en une sorte de syndicat m\u00e9dical en vue de l&rsquo;enseignement professionnel. Chacun de ses membres, \u00e0 tour de r\u00f4le, ou suivant ses go\u00fbts, faisait les d\u00e9monstrations anatomiques. D\u00e8s 1340. Guy de Chauliac (1300-1368) s\u00fbt les utiliser brillamment dans son enseignement \u00ab c &lsquo;est une gageure de vouloir soigner le corps, si on ne conna\u00eet pas la structure des organes, leurs rapports, et leur topographie \u00bb. En (1363) il \u00e9crivait : \u00a0\u00bb tout artisan est tenu de cognoistre le subjet sur lequel il travaille, autrement il erre en ouvrant et tels sont les mauvais cuisiniers ni ne tranchent selon les jointures, mas herisent cassent et d\u00e9chirent\u00a0\u00bb.<\/p>\n<p>Les difficult\u00e9s d\u2019obtention des cadavres obligea le Duc d&rsquo;Anjou, gouverneur du Languedoc, par mandement du 10 octobre 1376, les officiers de justice du Languedoc de fournir chaque ann\u00e9e le cadavre d&rsquo;un supplici\u00e9 \u00e0 l&rsquo;Universit\u00e9 de m\u00e9decine, conform\u00e9ment \u00e0 l&rsquo;article des statuts de 1340. Par une lettre Charles II Le Mauvais (1332-1837), Roi de Navarre confirmait \u00e0 l&rsquo;\u00e9cole de m\u00e9decine le privil\u00e8ge d&rsquo;obtenir annuellement des officiers royaux de Montpellier le cadavre d&rsquo;un supplici\u00e9 (Pampelune 11 juin 1377). \u00ab\u00a0Soyent tenu d\u00e9livr\u00e9 aux dite mestres et autres estudiants tous les ans une fois seulement un condamn\u00e9 \u00e0 mort de quelques sexes ou soy qui soit, noy\u00e9 ou pendu ou autrement mis \u00e0 mort par jugement pr\u00e9c\u00e9dant pour en faire anatomie \u00e0 la simple r\u00e9quisition du Chancelier du dite estude dans une r\u00e9quisition par le sieur Chancelier procureur et syndic de l&rsquo;universit\u00e9 faite l&rsquo;an 1401 et le 22 d&rsquo;octobre au baile de leur bailler le pendu au gibet de coldetin comme c&rsquo;est la coutume que le baile leur doit bailler un malfaiteur condamn\u00e9 \u00e0 mort pour faire anatomie\u00a0\u00bb. Les Rois de France : Charles VI (1368-1422) au mois de mai 1396, Charles VII (1403-1461) le 12 mars 1436 et Charles VIII (1470-1498) en janvier 1484, et en mai 1496, confirment le mandement de Louis d&rsquo;Anjou.<\/p>\n<p>L&rsquo;\u00e9cole de m\u00e9decine prononce des r\u00e9quisitions pour avoir le corps d&rsquo;un pendu, les 22 octobre 1401 et 10 janvier 1456. Les dissections \u00e9taient d\u00e9sormais de rigueur \u00e0 Montpellier, tout au moins de temps en temps, car il fallait trouver un supplici\u00e9 et aussi que ce soit en p\u00e9riode hivernale. Il n&rsquo;\u00e9tait pas possible, en effet, de conserver les cadavres. Ceux-ci, en g\u00e9n\u00e9ral, \u00e9taient autopsi\u00e9s en un seul temps. Montpellier devan\u00e7a dans ce domaine l&rsquo;Universit\u00e9 de Paris qui n&rsquo;aura semblable privil\u00e8ge qu&rsquo;en 1498.<\/p>\n<p>En 1498, un \u00e9dit de Louis XII (1462-1515) porta un coup fatal \u00e0 cette organisation, en cr\u00e9ant quatre places de professeurs, sp\u00e9cialement charg\u00e9s de l&rsquo;enseignement, avec la collaboration, il est vrai, du corps des docteurs, qui, \u00e0 ce titre, continuaient \u00e0 jouir de certains privil\u00e8ges et pr\u00e9rogatives. Peu \u00e0 peu, les professeurs retinrent tous les b\u00e9n\u00e9fices pour eux ; aussi, vers le milieu du XVIe si\u00e8cle, les docteurs se sont retir\u00e9s de l&rsquo;enseignement et l&rsquo;\u00c9cole est r\u00e9duite aux seuls professeurs royaux. Les quatre premiers professeurs furent directement nomm\u00e9s par le Roi ; l&rsquo;\u00c9v\u00eaque de Maguelone \u00e9tait charg\u00e9 de pourvoir aux vacances qui viendraient \u00e0 se produire ; les places, d&rsquo;apr\u00e8s l&rsquo;\u00e9dit de 1498, devaient \u00eatre mises au concours. Ces premiers titulaires n&rsquo;eurent point d&rsquo;affectation sp\u00e9ciale ; ils \u00e9taient charg\u00e9s d&rsquo;enseigner la m\u00e9decine : chacun s&rsquo;adonna plus sp\u00e9cialement aux \u00e9tudes qui lui plaisaient davantage.<\/p>\n","protected":false},"excerpt":{"rendered":"<p>L&rsquo;enseignement anatomique de l&rsquo;\u00c9cole de Montpellier au Moyen Age d\u00e9bute avec Ricard Senior (Richard Anglicus) dont son Micrologus, comprend une partie r\u00e9serv\u00e9e \u00e0 l&rsquo;anatomie ainsi que Petrus Hispanus qui \u00e9dite une Anathomia et un trait\u00e9 : \u00ab Quaedam de partibus corporis humani, de coitu, de honesta et mala muliere C&rsquo;est dans cet esprit qu&rsquo;Henri de [&hellip;]<\/p>\n","protected":false},"author":1,"featured_media":0,"parent":0,"menu_order":0,"comment_status":"closed","ping_status":"closed","template":"","meta":[],"_links":{"self":[{"href":"http:\/\/www.tomolis.com\/anatomie\/index.php\/wp-json\/wp\/v2\/pages\/511"}],"collection":[{"href":"http:\/\/www.tomolis.com\/anatomie\/index.php\/wp-json\/wp\/v2\/pages"}],"about":[{"href":"http:\/\/www.tomolis.com\/anatomie\/index.php\/wp-json\/wp\/v2\/types\/page"}],"author":[{"embeddable":true,"href":"http:\/\/www.tomolis.com\/anatomie\/index.php\/wp-json\/wp\/v2\/users\/1"}],"replies":[{"embeddable":true,"href":"http:\/\/www.tomolis.com\/anatomie\/index.php\/wp-json\/wp\/v2\/comments?post=511"}],"version-history":[{"count":1,"href":"http:\/\/www.tomolis.com\/anatomie\/index.php\/wp-json\/wp\/v2\/pages\/511\/revisions"}],"predecessor-version":[{"id":512,"href":"http:\/\/www.tomolis.com\/anatomie\/index.php\/wp-json\/wp\/v2\/pages\/511\/revisions\/512"}],"wp:attachment":[{"href":"http:\/\/www.tomolis.com\/anatomie\/index.php\/wp-json\/wp\/v2\/media?parent=511"}],"curies":[{"name":"wp","href":"https:\/\/api.w.org\/{rel}","templated":true}]}}