{"id":521,"date":"2016-12-01T00:36:18","date_gmt":"2016-11-30T23:36:18","guid":{"rendered":"http:\/\/www.tomolis.com\/anatomie\/?page_id=521"},"modified":"2016-12-01T00:36:18","modified_gmt":"2016-11-30T23:36:18","slug":"creation-de-la-premiere-chaire-danatomie-et-des-plantes-1593","status":"publish","type":"page","link":"http:\/\/www.tomolis.com\/anatomie\/index.php\/creation-de-la-premiere-chaire-danatomie-et-des-plantes-1593\/","title":{"rendered":"Cr\u00e9ation de la premi\u00e8re chaire d&rsquo;Anatomie et des Plantes (1593)"},"content":{"rendered":"<p>A la fin du XVIe si\u00e8cle, deux \u00e9dits d&rsquo;Henri IV (ao\u00fbt 1593) vont compl\u00e9ter l&rsquo;organisation de l&rsquo;enseignement chirurgical \u00e0 l&rsquo;Universit\u00e9 de M\u00e9decine : aux quatre chaires professorales, ou r\u00e9gences, d\u00e9j\u00e0 existantes, viennent se joindre deux cr\u00e9ations, celle d&rsquo;anatomie et des plantes (botanique) en 1593, et celle de chirurgie et de pharmacie en 1597 (appointements fixe de 100 livres par an).<\/p>\n<p>En 1595 \u00a0\u00bb Edict du Roy Henry quatriesme contenant cr\u00e9ation de la cinqiesme r\u00e9gence en l&rsquo;Universit\u00e9 pour la d\u00e9monstration de l\u2019Anatomie et Plantes au nom du maistre Richer de Belleval, au mois de descembre mil cinq cents nonante et trols, enregistr\u00e9 au livre des privil\u00e8ges et restant originelement au pouvoir dus dit de Belleval, y ayant outre ce une coppie deuement collationn\u00e9e au sac des r\u00e9gence par poste \u00ab\u00a0. Pierre Richer de Belleval (1595-1623) avait charge d&rsquo;enseigner l&rsquo;anatomie pendant l&rsquo;hiver et l&rsquo;explication des plantes, tant \u00e9trang\u00e8res que domestiques durant le printemps et l&rsquo;\u00e9t\u00e9. Il obtint d&rsquo;Henri IV (1553-1610) la cr\u00e9ation du Jardin des Plantes, dont il fut le premier organisateur. Il \u00e9tait un doux botaniste, sans vocation pour l&rsquo;anatomie, que l&rsquo;\u00e9tude des plantes int\u00e9ressait plus que la dissection du cadavre, et se refusa \u00e0 s&rsquo;acquitter de sa fonction anatomique ; la facult\u00e9 lui fit les plus fortes remontrances, suspendit son traitement ; un arr\u00eat du Parlement le somma de faire son cours ; le chancelier lui \u00e9crivit une lettre de bl\u00e2me : peines perdues ; le cours d&rsquo;anatomie ch\u00f4mait tout l&rsquo;hiver ; et, deux ans apr\u00e8s, de guerre lasse, il fallait lui adjoindre un \u00ab dissecteur anatomiste royal\u00a0\u00bb ayant mission de d\u00e9couper et monstrer l&rsquo;anatomie, tant les os que autres parties d&rsquo;icelle \u00bb.<\/p>\n","protected":false},"excerpt":{"rendered":"<p>A la fin du XVIe si\u00e8cle, deux \u00e9dits d&rsquo;Henri IV (ao\u00fbt 1593) vont compl\u00e9ter l&rsquo;organisation de l&rsquo;enseignement chirurgical \u00e0 l&rsquo;Universit\u00e9 de M\u00e9decine : aux quatre chaires professorales, ou r\u00e9gences, d\u00e9j\u00e0 existantes, viennent se joindre deux cr\u00e9ations, celle d&rsquo;anatomie et des plantes (botanique) en 1593, et celle de chirurgie et de pharmacie en 1597 (appointements fixe [&hellip;]<\/p>\n","protected":false},"author":1,"featured_media":0,"parent":0,"menu_order":0,"comment_status":"closed","ping_status":"closed","template":"","meta":[],"_links":{"self":[{"href":"http:\/\/www.tomolis.com\/anatomie\/index.php\/wp-json\/wp\/v2\/pages\/521"}],"collection":[{"href":"http:\/\/www.tomolis.com\/anatomie\/index.php\/wp-json\/wp\/v2\/pages"}],"about":[{"href":"http:\/\/www.tomolis.com\/anatomie\/index.php\/wp-json\/wp\/v2\/types\/page"}],"author":[{"embeddable":true,"href":"http:\/\/www.tomolis.com\/anatomie\/index.php\/wp-json\/wp\/v2\/users\/1"}],"replies":[{"embeddable":true,"href":"http:\/\/www.tomolis.com\/anatomie\/index.php\/wp-json\/wp\/v2\/comments?post=521"}],"version-history":[{"count":1,"href":"http:\/\/www.tomolis.com\/anatomie\/index.php\/wp-json\/wp\/v2\/pages\/521\/revisions"}],"predecessor-version":[{"id":522,"href":"http:\/\/www.tomolis.com\/anatomie\/index.php\/wp-json\/wp\/v2\/pages\/521\/revisions\/522"}],"wp:attachment":[{"href":"http:\/\/www.tomolis.com\/anatomie\/index.php\/wp-json\/wp\/v2\/media?parent=521"}],"curies":[{"name":"wp","href":"https:\/\/api.w.org\/{rel}","templated":true}]}}