{"id":523,"date":"2016-12-01T00:38:09","date_gmt":"2016-11-30T23:38:09","guid":{"rendered":"http:\/\/www.tomolis.com\/anatomie\/?page_id=523"},"modified":"2016-12-01T00:38:09","modified_gmt":"2016-11-30T23:38:09","slug":"creation-des-dissecteurs-anatomistes-royaux-1595","status":"publish","type":"page","link":"http:\/\/www.tomolis.com\/anatomie\/index.php\/creation-des-dissecteurs-anatomistes-royaux-1595\/","title":{"rendered":"Cr\u00e9ation des dissecteurs anatomistes royaux (1595)"},"content":{"rendered":"<p>En ao\u00fbt 1595 \u00a0\u00bb Edict du Roy Henry quatriesme portant \u00e9rection et cr\u00e9ation de dissecteur anatomiste royal en l&rsquo;Universit\u00e9 au nom de maistre Barth\u00e9lemi Cabrol \u00e0 Lyon au mois d&rsquo;aoust mil cinq cents nonante bien certifi\u00e9 enregistr\u00e9 au tiers des privil\u00e8ges et restant originalement au pouvoir du dit Cabrol, y ayant une copie collationn\u00e9e au sac des r\u00e9gence par poste \u00ab\u00a0.<br \/>\nCabrol (1529-1603) fut nomm\u00e9 \u00e0 cette charge de premier d\u00e9monstrateur royal d&rsquo;anatomie, avec 100 \u00e9cus de pension et les droits des gants et drag\u00e9es des gradu\u00e9s de l&rsquo;Universit\u00e9. De religion protestante, il \u00e9pousa Jeanne Rondelet m\u00e8re du professeur Rondelet. Il fut le chirurgien attitr\u00e9 du duc Anne Montmorency (1493-1567) gouverneur du Languedoc. La caract\u00e9ristique de ce d\u00e9monstrateur \u00e9tait qu&rsquo;il n&rsquo;\u00e9tait pas m\u00e9decin et en cons\u00e9quence il n&rsquo;avait pas le droit de porter l&rsquo;habit traditionnel. Cette incursion d&rsquo;un chirurgien pour enseigner l&rsquo;anatomie n&rsquo;aura pas de suite et ce n&rsquo;est qu&rsquo;au XVIIIe si\u00e8cle que d&rsquo;autres chirurgiens pourront acc\u00e9der \u00e0 cet enseignement de la discipline. La pratique de cette anatomie par ces d\u00e9monstrateurs (anatomiste royal, dissecteurs anatomistes) ob\u00e9issait \u00e0 une organisation sp\u00e9cifique puisque le cadavre \u00e9tait diss\u00e9qu\u00e9 en amphith\u00e9\u00e2tre d&rsquo;anatomie apr\u00e8s que l&rsquo;enseignent ait fait un cours. En raison, du petit nombre de cadavre mis \u00e0 dispositions, il s&rsquo;agissait au cours de ses d\u00e9monstrations de dissection globale sur toutes les r\u00e9gions afin de pourvoir tirer le maximum de cette mise \u00e0 disposition du cadavre.<\/p>\n<p>Il a laiss\u00e9 un petit manuel d&rsquo;anatomie \u00e0 l&rsquo;usage des \u00e9tudiants, ainsi qu&rsquo;Andr\u00e9 du Laurens, professeur vers 1610, qui a publi\u00e9 une anatomie renfermant la description de toutes les parties du corps humain, et aussi exacte qu&rsquo;il \u00e9tait possible \u00e0 cette \u00e9poque.<\/p>\n<p>Le successeur de Cabrol fut Gariel qui \u00e0 l&rsquo;occasion d&rsquo;une dispute (concours) entre quatre candidats fut nomm\u00e9 le 9 mars 1604. Le successeur de Gariel en raison des \u00e9moluments qui pour l&rsquo;\u00e9poque \u00e9taient substantiels sera une raison de favoritisme familial et les futurs successeurs auront une parent\u00e9 plus ou moins directe avec leurs pr\u00e9d\u00e9cesseurs, ainsi en 1625 Thierry Haguenot \u00e9tait le gendre de Gariel et en 1644 sera nomm\u00e9 Honor\u00e9 Haguenot qui \u00e9tait le fils du pr\u00e9c\u00e9dent. En 1649 la charge sera attribu\u00e9e \u00e0 son cousin Jean Nissole qui en 1689 fera nommer son fils Pierre Nissole jusqu&rsquo;en 1726. Le successeur de Nissole fut Jean Soullier jusqu&rsquo;en 1749 qui sera remplac\u00e9 par Thomas Goulard jusqu&rsquo;en 1784 qui sera lui-m\u00eame remplac\u00e9 par Jean Baptiste Laborie jusqu&rsquo;en 1792.<\/p>\n<p>Louis Laborie (1730-1795) professeur au coll\u00e8ge royal de chirurgie de St C\u00f4me \u00e0 Montpellier, d\u00e9monstrateur royal d&rsquo;anatomie, \u00e0 l&rsquo;universit\u00e9 de m\u00e9decine, professeur d&rsquo;accouchement et de gyn\u00e9cologie \u00e0 l&rsquo;\u00e9cole de sant\u00e9 de l&rsquo;an III (1794) fit para\u00eetre en 1770 un ouvrage en sept volumes sur l&rsquo;histoire de l&rsquo;anatomie et de la chirurgie. Il peut \u00eatre consid\u00e9r\u00e9 comme un tr\u00e8s grand ambassadeur de l&rsquo;\u00e9cole d&rsquo;anatomie. Au XVIIIe si\u00e8cle dans toutes les \u00e9coles et facult\u00e9 d&rsquo;Europe, l&rsquo;anatomie sera enseign\u00e9e d&rsquo;apr\u00e8s la dissection et fera partie du programme obligatoire des \u00e9tudes m\u00e9dicales et chirurgicales.<\/p>\n","protected":false},"excerpt":{"rendered":"<p>En ao\u00fbt 1595 \u00a0\u00bb Edict du Roy Henry quatriesme portant \u00e9rection et cr\u00e9ation de dissecteur anatomiste royal en l&rsquo;Universit\u00e9 au nom de maistre Barth\u00e9lemi Cabrol \u00e0 Lyon au mois d&rsquo;aoust mil cinq cents nonante bien certifi\u00e9 enregistr\u00e9 au tiers des privil\u00e8ges et restant originalement au pouvoir du dit Cabrol, y ayant une copie collationn\u00e9e au [&hellip;]<\/p>\n","protected":false},"author":1,"featured_media":0,"parent":0,"menu_order":0,"comment_status":"closed","ping_status":"closed","template":"","meta":[],"_links":{"self":[{"href":"http:\/\/www.tomolis.com\/anatomie\/index.php\/wp-json\/wp\/v2\/pages\/523"}],"collection":[{"href":"http:\/\/www.tomolis.com\/anatomie\/index.php\/wp-json\/wp\/v2\/pages"}],"about":[{"href":"http:\/\/www.tomolis.com\/anatomie\/index.php\/wp-json\/wp\/v2\/types\/page"}],"author":[{"embeddable":true,"href":"http:\/\/www.tomolis.com\/anatomie\/index.php\/wp-json\/wp\/v2\/users\/1"}],"replies":[{"embeddable":true,"href":"http:\/\/www.tomolis.com\/anatomie\/index.php\/wp-json\/wp\/v2\/comments?post=523"}],"version-history":[{"count":1,"href":"http:\/\/www.tomolis.com\/anatomie\/index.php\/wp-json\/wp\/v2\/pages\/523\/revisions"}],"predecessor-version":[{"id":524,"href":"http:\/\/www.tomolis.com\/anatomie\/index.php\/wp-json\/wp\/v2\/pages\/523\/revisions\/524"}],"wp:attachment":[{"href":"http:\/\/www.tomolis.com\/anatomie\/index.php\/wp-json\/wp\/v2\/media?parent=523"}],"curies":[{"name":"wp","href":"https:\/\/api.w.org\/{rel}","templated":true}]}}