{"id":529,"date":"2016-12-01T00:40:40","date_gmt":"2016-11-30T23:40:40","guid":{"rendered":"http:\/\/www.tomolis.com\/anatomie\/?page_id=529"},"modified":"2016-12-01T00:40:40","modified_gmt":"2016-11-30T23:40:40","slug":"emergence-danatomistes-illustres-1640-1742","status":"publish","type":"page","link":"http:\/\/www.tomolis.com\/anatomie\/index.php\/emergence-danatomistes-illustres-1640-1742\/","title":{"rendered":"\u00c9mergence d\u2019anatomistes illustres (1640-1742)"},"content":{"rendered":"<p>Pendant cette deuxi\u00e8me p\u00e9riode, malgr\u00e9 une organisation d\u00e9fectueuse, Montpellier eut des anatomistes qui ont fait des d\u00e9couvertes et publi\u00e9 des ouvrages remarquables. De tels hommes ne manquaient pas \u00e0 Montpellier : Cabrol, Andr\u00e9 du Laurens (1558-1609) \u00e9taient des anatomistes.<\/p>\n<p>Pecquet (1622-1674) \u00e9tait \u00e9tudiant \u00e0 Montpellier quand il d\u00e9couvrit la citerne qui porte son nom (1647). Chirac (1648-1732) qui devint professeur de m\u00e9decine en 1687, avait fait des le\u00e7ons d&rsquo;anatomie avec talent ; il a laiss\u00e9 sur la structure des cheveux (1688) un petit livre fort curieux et il \u00e9tait un de ceux qui connaissaient le mieux l&rsquo;anatomie dans l&rsquo;\u00e9cole.<\/p>\n<p>Vers la m\u00eame \u00e9poque, en 1684, Raimond Vieussens (1641-1716) diss\u00e9qua plus de 500 cadavres et publia un magnifique trait\u00e9 sur l&rsquo;anatomie du syst\u00e8me nerveux. Cet infatigable chercheur \u00e9tait n\u00e9 dans un village du Rouergue ; apr\u00e8s avoir fait toutes ses \u00e9tudes m\u00e9dicales \u00e0 Montpellier, il devint, en 1671, m\u00e9decin de l&rsquo;h\u00f4pital Saint \u00c9loi. Il n&rsquo;obtint pas le titre de professeur, mais il enseignait l&rsquo;anatomie. Le nom de Vieussens est d&rsquo;ailleurs rest\u00e9s attach\u00e9 \u00e0 plusieurs parties de l&rsquo;enc\u00e9phale. La \u00a0\u00bb Nevrographia universalis, hoc est, omnium humani corporis nervorum, simul ac cerebri medullae que spinalis descriptio anatomica \u00a0\u00bb est l&rsquo;\u0153uvre capitale de Vieussens. Il a publi\u00e9 d&rsquo;autres travaux, parmi lesquels le trait\u00e9 \u00a0\u00bb sur les vaisseaux du corps humain \u00a0\u00bb (1705), un autre \u00a0\u00bb sur la structure du c\u0153ur et les causes du mouvement naturel du c\u0153ur et un autre sur la structure de l&rsquo;oreille \u00ab\u00a0. Ses travaux ont port\u00e9 sur l&rsquo;anatomie de l&rsquo;oreille interne et il fait une description tr\u00e8s pr\u00e9cise de tous les \u00e9l\u00e9ments de la caisse du tympan. Il distingue le premier dans le cerveau la substance blanche de la substance grise d\u00e9crit le centre ovale, les structures du c\u0153ur (anneaux de Vieussens, les ventricules c\u00e9r\u00e9braux). Sa r\u00e9putation lui valut d&rsquo;\u00eatre nomm\u00e9 premier m\u00e9decin de la Duchesse de Montpansier dite la grande Mademoiselle qu&rsquo;il soigna pendant 5 ans jusqu&rsquo;\u00e0 sa mort en septembre 1693.<\/p>\n<p>Antoine Ferrien (1613-1763) fut re\u00e7u docteur \u00e0 la Facult\u00e9 de M\u00e9decine de Montpellier et de Paris. Il exer\u00e7a successivement les fonctions de professeur de m\u00e9decine au Coll\u00e8ge Royal et de professeur d&rsquo;anatomie et de chirurgie au Jardin du Roi. Il manifesta de bonne heure un penchant d\u00e9cid\u00e9 pour les \u00e9tudes m\u00e9dicales et pour l&rsquo;anatomie en particulier. En 1715, il vint \u00e0 la Facult\u00e9 de Montpellier o\u00f9 il suivit les le\u00e7ons de Vieussens et de Deidier, mais il ne s&rsquo;attacha pas \u00e0 eux en raison, a-t-il dit, du peu de qualit\u00e9 de leur enseignement. Re\u00e7u bachelier en 1716, il alla \u00e0 Marseille o\u00f9 il obtint d&rsquo;ouvrir les corps de sujets dont il avait suivi la maladie. Ses dissections furent remarqu\u00e9es et on le pria de faire un cours complet d&rsquo;anatomie et de chirurgie. En 1728, il revint \u00e0 Montpellier o\u00f9 il re\u00e7ut la cons\u00e9cration du doctorat et o\u00f9 il prit la chaire laiss\u00e9e vacante par Astruc. Il quitta d\u00e9finitivement Montpellier et s&rsquo;en fut \u00e0 Paris o\u00f9 il ouvrit un cours d&rsquo;anatomie fort appr\u00e9ci\u00e9. En 1742, professeur de m\u00e9decine au Coll\u00e8ge Royal. En 1758, il fut invit\u00e9 \u00e0 occuper la chaire d&rsquo;anatomie et de chirurgie, devenue vacante au Jardin du Roi par la retraite de Winslov. Il mit dans ses le\u00e7ons un ordre remarquable et il eut un grand succ\u00e8s. S&rsquo;il a assez bien d\u00e9crit les canalicules excr\u00e9teurs (1733), il a mal interpr\u00e9t\u00e9 la circulation du foie. Il admet que la veine porte a deux sortes de rameaux : les art\u00e9riels qui porteraient le sang au foie, et les veineux qui recevraient le sang de l&rsquo;art\u00e8re h\u00e9patique pour le verser dans la veine porte. Il a essay\u00e9 de d\u00e9montrer l&rsquo;existence des vaisseaux lymphatiques dans le foie.<\/p>\n","protected":false},"excerpt":{"rendered":"<p>Pendant cette deuxi\u00e8me p\u00e9riode, malgr\u00e9 une organisation d\u00e9fectueuse, Montpellier eut des anatomistes qui ont fait des d\u00e9couvertes et publi\u00e9 des ouvrages remarquables. De tels hommes ne manquaient pas \u00e0 Montpellier : Cabrol, Andr\u00e9 du Laurens (1558-1609) \u00e9taient des anatomistes. Pecquet (1622-1674) \u00e9tait \u00e9tudiant \u00e0 Montpellier quand il d\u00e9couvrit la citerne qui porte son nom (1647). [&hellip;]<\/p>\n","protected":false},"author":1,"featured_media":0,"parent":0,"menu_order":0,"comment_status":"closed","ping_status":"closed","template":"","meta":[],"_links":{"self":[{"href":"http:\/\/www.tomolis.com\/anatomie\/index.php\/wp-json\/wp\/v2\/pages\/529"}],"collection":[{"href":"http:\/\/www.tomolis.com\/anatomie\/index.php\/wp-json\/wp\/v2\/pages"}],"about":[{"href":"http:\/\/www.tomolis.com\/anatomie\/index.php\/wp-json\/wp\/v2\/types\/page"}],"author":[{"embeddable":true,"href":"http:\/\/www.tomolis.com\/anatomie\/index.php\/wp-json\/wp\/v2\/users\/1"}],"replies":[{"embeddable":true,"href":"http:\/\/www.tomolis.com\/anatomie\/index.php\/wp-json\/wp\/v2\/comments?post=529"}],"version-history":[{"count":1,"href":"http:\/\/www.tomolis.com\/anatomie\/index.php\/wp-json\/wp\/v2\/pages\/529\/revisions"}],"predecessor-version":[{"id":530,"href":"http:\/\/www.tomolis.com\/anatomie\/index.php\/wp-json\/wp\/v2\/pages\/529\/revisions\/530"}],"wp:attachment":[{"href":"http:\/\/www.tomolis.com\/anatomie\/index.php\/wp-json\/wp\/v2\/media?parent=529"}],"curies":[{"name":"wp","href":"https:\/\/api.w.org\/{rel}","templated":true}]}}