{"id":531,"date":"2016-12-01T00:41:22","date_gmt":"2016-11-30T23:41:22","guid":{"rendered":"http:\/\/www.tomolis.com\/anatomie\/?page_id=531"},"modified":"2016-12-01T00:41:22","modified_gmt":"2016-11-30T23:41:22","slug":"lere-nouvelle-ecole-de-sante-1794","status":"publish","type":"page","link":"http:\/\/www.tomolis.com\/anatomie\/index.php\/lere-nouvelle-ecole-de-sante-1794\/","title":{"rendered":"L&rsquo;\u00e8re nouvelle : \u00c9cole de Sant\u00e9 : 1794"},"content":{"rendered":"<p>La R\u00e9volution allait changer la face des choses. L&rsquo;ancienne Universit\u00e9 de m\u00e9decine et le Coll\u00e8ge des chirurgiens de Saint C\u00f4me, quoique affranchis depuis quelques ann\u00e9es de l&rsquo;administration \u00e9piscopale, n&rsquo;en subissaient pas moins encore l&rsquo;influence ; aussi la loi du 18 ao\u00fbt 1792, qui fut notifi\u00e9e aux congr\u00e9gations de Montpellier le 27 septembre, en supprimant les corporations et les associations, supprima \u00e9galement nos deux institutions m\u00e9dicales.<\/p>\n<p>Le 18 ao\u00fbt 1792, l&rsquo;Assembl\u00e9e L\u00e9gislative en supprimant \u00ab\u00a0sur toute la surface de la R\u00e9publique\u00a0\u00bb les associations et corporations, supprimait les deux institutions m\u00e9dicales existantes. Le 14 d\u00e9cembre 1794 (loi du 14 Frimaire An III) la Convention Nationale sur un rapport de Fourcroy, auquel collabora l&rsquo;illustre Chaussier, constatant que les arm\u00e9es de la R\u00e9publique avaient des besoins incessants en m\u00e9decins et chirurgiens sur les champs de bataille, ordonnait la cr\u00e9ation de trois \u00c9coles de Sant\u00e9 (d\u00e9nomm\u00e9es \u00c9cole de M\u00e9decine en 1803 et Facult\u00e9s en 1808) \u00e0 Paris, Montpellier et Strasbourg.<\/p>\n<p>Les hommes de la Convention avaient compris que, pour avoir des \u00e9coles de m\u00e9decine florissantes, il fallait en r\u00e9duire le nombre ; que, pour avoir un enseignement complet et puissant, il fallait en centraliser les \u00e9l\u00e9ments en trois centres principaux, au lieu de les laisser se diss\u00e9miner en une multitude d&rsquo;\u00e9coles qui ne pouvaient que vivoter sans grand profit pour la science et pour la patrie. Dans ces nouvelles institutions, comme le fait justement remarquer le docteur Montanier, la th\u00e9orie est remplac\u00e9e par des \u00e9tudes pratiques, et on se croirait d\u00e9j\u00e0 \u00e0 plusieurs si\u00e8cles de l&rsquo;ancienne Universit\u00e9.<\/p>\n<p>Jean Antoine Chaptal (1756-1832) favorisait l&rsquo;installation de cette \u00e9cole le 22 avril 1775 dans l&rsquo;ancien monast\u00e8re St. Beno\u00eet et St. Germain o\u00f9 elle se trouva r\u00e9quisitionn\u00e9e par la Convention \u00e0 l&rsquo;\u00c9v\u00each\u00e9 de Montpellier.<\/p>\n","protected":false},"excerpt":{"rendered":"<p>La R\u00e9volution allait changer la face des choses. L&rsquo;ancienne Universit\u00e9 de m\u00e9decine et le Coll\u00e8ge des chirurgiens de Saint C\u00f4me, quoique affranchis depuis quelques ann\u00e9es de l&rsquo;administration \u00e9piscopale, n&rsquo;en subissaient pas moins encore l&rsquo;influence ; aussi la loi du 18 ao\u00fbt 1792, qui fut notifi\u00e9e aux congr\u00e9gations de Montpellier le 27 septembre, en supprimant les [&hellip;]<\/p>\n","protected":false},"author":1,"featured_media":0,"parent":0,"menu_order":0,"comment_status":"closed","ping_status":"closed","template":"","meta":[],"_links":{"self":[{"href":"http:\/\/www.tomolis.com\/anatomie\/index.php\/wp-json\/wp\/v2\/pages\/531"}],"collection":[{"href":"http:\/\/www.tomolis.com\/anatomie\/index.php\/wp-json\/wp\/v2\/pages"}],"about":[{"href":"http:\/\/www.tomolis.com\/anatomie\/index.php\/wp-json\/wp\/v2\/types\/page"}],"author":[{"embeddable":true,"href":"http:\/\/www.tomolis.com\/anatomie\/index.php\/wp-json\/wp\/v2\/users\/1"}],"replies":[{"embeddable":true,"href":"http:\/\/www.tomolis.com\/anatomie\/index.php\/wp-json\/wp\/v2\/comments?post=531"}],"version-history":[{"count":1,"href":"http:\/\/www.tomolis.com\/anatomie\/index.php\/wp-json\/wp\/v2\/pages\/531\/revisions"}],"predecessor-version":[{"id":532,"href":"http:\/\/www.tomolis.com\/anatomie\/index.php\/wp-json\/wp\/v2\/pages\/531\/revisions\/532"}],"wp:attachment":[{"href":"http:\/\/www.tomolis.com\/anatomie\/index.php\/wp-json\/wp\/v2\/media?parent=531"}],"curies":[{"name":"wp","href":"https:\/\/api.w.org\/{rel}","templated":true}]}}