{"id":533,"date":"2016-12-01T00:42:02","date_gmt":"2016-11-30T23:42:02","guid":{"rendered":"http:\/\/www.tomolis.com\/anatomie\/?page_id=533"},"modified":"2016-12-01T00:42:02","modified_gmt":"2016-11-30T23:42:02","slug":"creation-de-la-chaire-danatomie-et-physiologie-1794","status":"publish","type":"page","link":"http:\/\/www.tomolis.com\/anatomie\/index.php\/creation-de-la-chaire-danatomie-et-physiologie-1794\/","title":{"rendered":"Cr\u00e9ation de la Chaire d&rsquo;Anatomie et Physiologie (1794)"},"content":{"rendered":"<p>L&rsquo;anatomie qui, de 1593 \u00e0 1792 avait \u00e9t\u00e9 associ\u00e9e \u00e0 la botanique, va \u00e0 partir de 1794 \u00eatre jumel\u00e9e avec la physiologie. Cette derni\u00e8re science s&rsquo;\u00e9tait individualis\u00e9e ant\u00e9rieurement mais pas au point d&rsquo;avoir une chaire propre. La physiologie \u00e9tait consid\u00e9r\u00e9e comme un compl\u00e9ment naturel de l&rsquo;anatomie. On \u00e9tudiait un organe pour en conna\u00eetre sa structure et savoir \u00e0 quoi il servait. Il faudra attendre quelques ann\u00e9es pour que soit attribu\u00e9e \u00e0 la physiologie une chaire \u00e0 part enti\u00e8re (1824). La chaire d&rsquo;anatomie et de physiologie eut comme titulaires successifs Charles Louis Dumas et Lordat.<\/p>\n<p>Charles Louis Dumas (1765-1813), \u00e0, qui fut confi\u00e9e la chaire d&rsquo;Anatomie et de Physiologie, de 1794 \u00e0 1813, fut un des esprits les plus distingu\u00e9s de son temps, et, il apporta dans l&rsquo;\u00e9tude des deux sciences qu&rsquo;il \u00e9tait charg\u00e9 d&rsquo;enseigner un esprit \u00e9galement sup\u00e9rieur. Dumas, par sa m\u00e9thode scientifique, par son go\u00fbt pour les exp\u00e9riences, m\u00e9ritait d&rsquo;\u00eatre consid\u00e9r\u00e9 comme un physiologiste de talent. Il fut un anatomiste de valeur. Il suffit, pour s&rsquo;en convaincre, de parcourir son Syst\u00e8me M\u00e9thodique de Nomenclature et de Classification des Muscles du corps humain. Sa nomenclature n&rsquo;a pas \u00e9t\u00e9 adopt\u00e9e, mais, pour l&rsquo;\u00e9tablir, il fallait bien conna\u00eetre les insertions musculaires (1797). \u00c0 l\u2019exemple de Chaussier, il propose de d\u00e9signer les muscles non plus par les anciens noms souvent \u00e9tranges, mais par des phrases descriptives dans lesquelles rentrent toutes les attaches de ces muscles ; les phrases commencent par les noms d&rsquo;attaches fixes et se terminent par ceux des points mobiles. Quelques exemples : le delto\u00efde s&rsquo;appelait \u00ab\u00a0sous acromio-clavi-hum\u00e9ral\u00a0\u00bb ; le mass\u00e9ter \u00a0\u00bb zygomato maxillaire \u00a0\u00bb le grand oblique de l&rsquo;\u0153il \u00a0\u00bb muscle optico-trochl\u00e9i-scl\u00e9roticien \u00ab\u00a0. Toutes ces d\u00e9nominations sont tr\u00e8s exactes, mais de telles nomenclatures ne sont jamais rest\u00e9es dans le langage anatomique courant, car, pour retenir ces noms, il faut d\u00e9j\u00e0 conna\u00eetre les muscles qu&rsquo;ils d\u00e9signent. N&rsquo;importe, cette tentative d\u00e9montre que Dumas \u00e9tait un anatomiste minutieux et attentif, tandis que ses autres \u00e9crits prouvent qu&rsquo;il avait un esprit philosophique vaste et \u00e9tendu.<\/p>\n<p>Lordat (1773-1870), qui \u00e9tait professeur de m\u00e9decine op\u00e9ratoire depuis 1811, lui succ\u00e8de en 1813, et garde la chaire d&rsquo;Anatomie et de Physiologie jusqu&rsquo;en 1824. \u00c0 cette date, cette chaire fut d\u00e9doubl\u00e9e. Il enseigne comme professeur de 1811 \u00e0 1860, pendant un demi-si\u00e8cle. Il occupe une grande place dans l&rsquo;histoire de notre \u00e9cole, dont il a \u00e9t\u00e9 longtemps reconnu comme le repr\u00e9sentant le plus autoris\u00e9 au point de vue doctrinal et philosophique. Il peut \u00eatre consid\u00e9r\u00e9 comme le chef du vitalisme Montpelli\u00e9rain. Quoiqu&rsquo;il nous ait laiss\u00e9 \u00a0\u00bb l&rsquo;Anatomie du Singe Vert \u00ab\u00a0, \u201cil avait peu d&rsquo;aptitude pour les \u00e9tudes anatomiques. En 1824, il obtient de ne plus enseigner que la physiologie et un nouveau professeur est nomm\u00e9 en anatomie. Paris d\u00e9signe un m\u00e9decin de la marine, Joseph Marie Dubrueil qui y enseignera pendant 29 ans.<\/p>\n","protected":false},"excerpt":{"rendered":"<p>L&rsquo;anatomie qui, de 1593 \u00e0 1792 avait \u00e9t\u00e9 associ\u00e9e \u00e0 la botanique, va \u00e0 partir de 1794 \u00eatre jumel\u00e9e avec la physiologie. Cette derni\u00e8re science s&rsquo;\u00e9tait individualis\u00e9e ant\u00e9rieurement mais pas au point d&rsquo;avoir une chaire propre. La physiologie \u00e9tait consid\u00e9r\u00e9e comme un compl\u00e9ment naturel de l&rsquo;anatomie. On \u00e9tudiait un organe pour en conna\u00eetre sa structure [&hellip;]<\/p>\n","protected":false},"author":1,"featured_media":0,"parent":0,"menu_order":0,"comment_status":"closed","ping_status":"closed","template":"","meta":[],"_links":{"self":[{"href":"http:\/\/www.tomolis.com\/anatomie\/index.php\/wp-json\/wp\/v2\/pages\/533"}],"collection":[{"href":"http:\/\/www.tomolis.com\/anatomie\/index.php\/wp-json\/wp\/v2\/pages"}],"about":[{"href":"http:\/\/www.tomolis.com\/anatomie\/index.php\/wp-json\/wp\/v2\/types\/page"}],"author":[{"embeddable":true,"href":"http:\/\/www.tomolis.com\/anatomie\/index.php\/wp-json\/wp\/v2\/users\/1"}],"replies":[{"embeddable":true,"href":"http:\/\/www.tomolis.com\/anatomie\/index.php\/wp-json\/wp\/v2\/comments?post=533"}],"version-history":[{"count":1,"href":"http:\/\/www.tomolis.com\/anatomie\/index.php\/wp-json\/wp\/v2\/pages\/533\/revisions"}],"predecessor-version":[{"id":534,"href":"http:\/\/www.tomolis.com\/anatomie\/index.php\/wp-json\/wp\/v2\/pages\/533\/revisions\/534"}],"wp:attachment":[{"href":"http:\/\/www.tomolis.com\/anatomie\/index.php\/wp-json\/wp\/v2\/media?parent=533"}],"curies":[{"name":"wp","href":"https:\/\/api.w.org\/{rel}","templated":true}]}}