{"id":543,"date":"2016-12-01T00:57:04","date_gmt":"2016-11-30T23:57:04","guid":{"rendered":"http:\/\/www.tomolis.com\/anatomie\/?page_id=543"},"modified":"2016-12-01T02:14:24","modified_gmt":"2016-12-01T01:14:24","slug":"2eme-periode-glorieuse-1800-1927","status":"publish","type":"page","link":"http:\/\/www.tomolis.com\/anatomie\/index.php\/2eme-periode-glorieuse-1800-1927\/","title":{"rendered":"2\u00e8me p\u00e9riode : Glorieuse (1800-1927)"},"content":{"rendered":"<p><strong>Cr\u00e9ation de la Chaire d\u2019Anatomie et du Conservatoire d&rsquo;Anatomie.<br \/>\n<\/strong><br \/>\nToutes les actions de la premi\u00e8re p\u00e9riode l\u2019ont \u00e9t\u00e9 sans v\u00e9ritable canalisation. Les initiatives priv\u00e9es aussi bien dans le cadre de l\u2019enseignement et de l\u2019innovation avaient besoin d\u2019une codification et d\u2019un encadrement plus rigoureux. Les n\u00e9cessit\u00e9s conjoncturelles sur la formation des m\u00e9decins \u00e9taient devenues \u00e9videntes pour tous les responsables. Cette 2\u00e8me p\u00e9riode va \u00eatre riche en d\u00e9cisions et en r\u00e9alisations avec la cr\u00e9ation d\u2019un Conservatoire d&rsquo;Anatomie, de l&rsquo;\u00e9cole pratique d&rsquo;Anatomie et de Chirurgie et de la Chaire d\u2019Anatomie.<\/p>\n","protected":false},"excerpt":{"rendered":"<p>Cr\u00e9ation de la Chaire d\u2019Anatomie et du Conservatoire d&rsquo;Anatomie. Toutes les actions de la premi\u00e8re p\u00e9riode l\u2019ont \u00e9t\u00e9 sans v\u00e9ritable canalisation. Les initiatives priv\u00e9es aussi bien dans le cadre de l\u2019enseignement et de l\u2019innovation avaient besoin d\u2019une codification et d\u2019un encadrement plus rigoureux. Les n\u00e9cessit\u00e9s conjoncturelles sur la formation des m\u00e9decins \u00e9taient devenues \u00e9videntes pour [&hellip;]<\/p>\n","protected":false},"author":1,"featured_media":0,"parent":0,"menu_order":0,"comment_status":"closed","ping_status":"closed","template":"","meta":[],"_links":{"self":[{"href":"http:\/\/www.tomolis.com\/anatomie\/index.php\/wp-json\/wp\/v2\/pages\/543"}],"collection":[{"href":"http:\/\/www.tomolis.com\/anatomie\/index.php\/wp-json\/wp\/v2\/pages"}],"about":[{"href":"http:\/\/www.tomolis.com\/anatomie\/index.php\/wp-json\/wp\/v2\/types\/page"}],"author":[{"embeddable":true,"href":"http:\/\/www.tomolis.com\/anatomie\/index.php\/wp-json\/wp\/v2\/users\/1"}],"replies":[{"embeddable":true,"href":"http:\/\/www.tomolis.com\/anatomie\/index.php\/wp-json\/wp\/v2\/comments?post=543"}],"version-history":[{"count":2,"href":"http:\/\/www.tomolis.com\/anatomie\/index.php\/wp-json\/wp\/v2\/pages\/543\/revisions"}],"predecessor-version":[{"id":611,"href":"http:\/\/www.tomolis.com\/anatomie\/index.php\/wp-json\/wp\/v2\/pages\/543\/revisions\/611"}],"wp:attachment":[{"href":"http:\/\/www.tomolis.com\/anatomie\/index.php\/wp-json\/wp\/v2\/media?parent=543"}],"curies":[{"name":"wp","href":"https:\/\/api.w.org\/{rel}","templated":true}]}}