{"id":546,"date":"2016-12-01T01:01:41","date_gmt":"2016-12-01T00:01:41","guid":{"rendered":"http:\/\/www.tomolis.com\/anatomie\/?page_id=546"},"modified":"2016-12-01T01:01:41","modified_gmt":"2016-12-01T00:01:41","slug":"lenseignement-prive-danatomie-1800","status":"publish","type":"page","link":"http:\/\/www.tomolis.com\/anatomie\/index.php\/lenseignement-prive-danatomie-1800\/","title":{"rendered":"L&rsquo;enseignement priv\u00e9 d&rsquo;Anatomie (1800)"},"content":{"rendered":"<p>II faut mentionner le d\u00e9veloppement pris, pendant cette p\u00e9riode, dans l&rsquo;\u00e9cole, par l&rsquo;enseignement libre. Jusque vers 1830, il a exist\u00e9 \u00e0 Montpellier des amphith\u00e9\u00e2tres d&rsquo;anatomie priv\u00e9s, situ\u00e9s sur la rive gauche du Verdanson, en face du cimeti\u00e8re compris entre ce ruisseau et le Boulevard actuel de l&rsquo;H\u00f4pital g\u00e9n\u00e9ral. Delmas, Batigne, Bertrand, Estor eurent ainsi des pavillons, o\u00f9 ils faisaient diss\u00e9quer leurs \u00e9l\u00e8ves particuliers. O\u00f9 trouvaient-ils la mati\u00e8re anatomique ? \u00c0 cette \u00e9poque, il y avait \u00e0 Montpellier deux cimeti\u00e8res, celui de l&rsquo;H\u00f4pital G\u00e9n\u00e9ral, r\u00e9serv\u00e9 aux personnes riches, et le cimeti\u00e8re des pauvres, celui-l\u00e0 m\u00eame qui longeait le Verdanson. Les pavillons d&rsquo;anatomie \u00e9taient en face ; on se procurait les cadavres soit en s&rsquo;entendant avec les fossoyeurs, soit en les volant la nuit ; Ces proc\u00e9d\u00e9s \u00e9taient d&rsquo;ailleurs bien connus de la population, et l&rsquo;on \u00e9vitait de son mieux le cimeti\u00e8re des pauvres. Comme on avait, \u00e0 cette \u00e9poque, la libert\u00e9 de choisir son lieu de s\u00e9pulture, on enterrait un peu partout : dans les jardins, dans les cours des maisons ; certains jardiniers laissaient enterrer ceux qui le leur demandaient dans les terrains qu&rsquo;ils cultivaient, moyennant une faible redevance de 5 ou 6 francs. On mettait m\u00eame dans les cercueils de la chaux vive, que l&rsquo;on \u00e9teignait ensuite pour d\u00e9t\u00e9riorer le corps et d\u00e9concerter ainsi les indiscr\u00e9tions du scalpel.<\/p>\n<p>Parmi ces enseignements libres, une mention sp\u00e9ciale est due \u00e0 celui d&rsquo;Estor Jean-Louis-Eug\u00e8ne (1796-1856)), qui, de 1818 \u00e0 1838, pendant vingt ann\u00e9es, s&rsquo;est livr\u00e9 sans interruption \u00e0 un enseignement particulier de l&rsquo;anatomie, qui a \u00e9t\u00e9 en quelque sorte populaire \u00e0 Montpellier. Estor devint professeur de m\u00e9decine op\u00e9ratoire, il a laiss\u00e9 une preuve \u00e9crite de la valeur de son enseignement anatomique par la publication, malheureusement inachev\u00e9e, d&rsquo;un trait\u00e9 d&rsquo;anatomie appliqu\u00e9e \u00e0 la physiologie et \u00e0 la pathologie (1833). Les deux volumes parus sont consacr\u00e9s \u00e0 l&rsquo;ost\u00e9ologie et \u00e0 la syndesmologie.<\/p>\n<p>Une autre mention doit \u00eatre envisag\u00e9e \u00e0 l&rsquo;\u00e9gard d&rsquo;Antoine Portal (1742-1832) qui domine toute l&rsquo;histoire de l&rsquo;Anatomie : l&rsquo;importance de ses \u00e9crits est telle qu&rsquo;il connut en son temps une grande renomm\u00e9e et l&rsquo;\u0153uvre historique qu&rsquo;il a laiss\u00e9e est consid\u00e9rable. N\u00e9 \u00e0 Gaillac, Portal fit ses \u00e9tudes m\u00e9dicales \u00e0 la Facult\u00e9 de Montpellier qui lui conf\u00e9ra le doctorat. Il \u00e9tait encore sur les bancs de l&rsquo;\u00e9cole lorsqu&rsquo;il manifesta un go\u00fbt marqu\u00e9 pour l&rsquo;enseignement et il ouvrit un cours priv\u00e9 d&rsquo;anatomie qui eut du succ\u00e8s. Il avait \u00e0 peine vingt ans lorsque l&rsquo;Acad\u00e9mie des Sciences de Montpellier l&rsquo;admit dans son sein. Intelligent de belle allure ambitieux aussi il jugea de bonne heure que ses qualit\u00e9s ne trouveraient leur emploi qu&rsquo;\u00e0 Paris et il gagna la capitale nanti des recommandations du cardinal de Bernis pour les personnages les plus en vue de la Cour du monde et de la science. Son ardeur au travail son succ\u00e8s dans les recherches anatomiques et aussi son entregent lui valut bient\u00f4t de nombreuses sympathies ; S\u00e9nac et Lieutaud le prirent sous leur patronage. Comme il n&rsquo;\u00e9tait docteur que de Montpellier, il n&rsquo;avait aucun droit d&rsquo;exercer et d&rsquo;enseigner \u00e0 Paris, ses protecteurs le mirent hors de poursuite en le faisant nommer \u00ab\u00a0Professeur d&rsquo;Anatomie du Dauphin\u00a0\u00bb. Il avait \u00e0 peine 33 ans lorsque Buon, dont il avait conquis l&rsquo;amiti\u00e9, le fit nommer professeur d&rsquo;Anatomie au Jardin Royal des Plantes, adjoint \u00e0 Antoine Petit qui n&rsquo;avait pas r\u00e9ussi \u00e0 faire d\u00e9signer son suppl\u00e9ant Vicq d&rsquo;Azyr, savant r\u00e9put\u00e9 cependant pour la largeur de ses vues et l&rsquo;\u00e9tendue de sa culture. Portal, \u00e9rudit, orateur, homme de cour et d&rsquo;intrigue, a connu les plus grands honneurs. Il a v\u00e9cu jusqu&rsquo;\u00e0 90 ans sous les r\u00e9gimes politiques les plus divers, il eut l&rsquo;habilet\u00e9 de s&rsquo;assurer la bienveillance de tous les pouvoirs ; il fut le m\u00e9decin particulier de Louis XVIII (1755-1824) et de Charles X (1757-1836) qui le fit Baron. Il provoqua la fondation de l&rsquo;Acad\u00e9mie de M\u00e9decine dont il fut nomm\u00e9 pr\u00e9sident \u00e0 vie. Il mourut charg\u00e9 de gloire apr\u00e8s une brillante et laborieuse carri\u00e8re. Travailleur acharn\u00e9, savant de laboratoire et de biblioth\u00e8que plus encore qu&rsquo;homme du monde, il a \u00e9norm\u00e9ment publi\u00e9 dans toutes les branches de la m\u00e9decine, ses \u0153uvres principales sont 1&prime; \u00ab\u00a0Histoire de l&rsquo;Anatomie et de la Chirurgie\u00a0\u00bb et le \u00ab\u00a0Cours d&rsquo;Anatomie m\u00e9dicale\u00a0\u00bb.<\/p>\n<p>Ceux qui \u00e9criront le feront surtout \u00e0 titre individuel comme J.B.A.Murat (1803), J.F.Seneaux, prosecteur (1805 mettront l&rsquo;accent sur les avantages et les inconv\u00e9nients des nomenclatures anatomiques existantes (1807-1846).<\/p>\n","protected":false},"excerpt":{"rendered":"<p>II faut mentionner le d\u00e9veloppement pris, pendant cette p\u00e9riode, dans l&rsquo;\u00e9cole, par l&rsquo;enseignement libre. Jusque vers 1830, il a exist\u00e9 \u00e0 Montpellier des amphith\u00e9\u00e2tres d&rsquo;anatomie priv\u00e9s, situ\u00e9s sur la rive gauche du Verdanson, en face du cimeti\u00e8re compris entre ce ruisseau et le Boulevard actuel de l&rsquo;H\u00f4pital g\u00e9n\u00e9ral. Delmas, Batigne, Bertrand, Estor eurent ainsi des [&hellip;]<\/p>\n","protected":false},"author":1,"featured_media":0,"parent":0,"menu_order":0,"comment_status":"closed","ping_status":"closed","template":"","meta":[],"_links":{"self":[{"href":"http:\/\/www.tomolis.com\/anatomie\/index.php\/wp-json\/wp\/v2\/pages\/546"}],"collection":[{"href":"http:\/\/www.tomolis.com\/anatomie\/index.php\/wp-json\/wp\/v2\/pages"}],"about":[{"href":"http:\/\/www.tomolis.com\/anatomie\/index.php\/wp-json\/wp\/v2\/types\/page"}],"author":[{"embeddable":true,"href":"http:\/\/www.tomolis.com\/anatomie\/index.php\/wp-json\/wp\/v2\/users\/1"}],"replies":[{"embeddable":true,"href":"http:\/\/www.tomolis.com\/anatomie\/index.php\/wp-json\/wp\/v2\/comments?post=546"}],"version-history":[{"count":1,"href":"http:\/\/www.tomolis.com\/anatomie\/index.php\/wp-json\/wp\/v2\/pages\/546\/revisions"}],"predecessor-version":[{"id":547,"href":"http:\/\/www.tomolis.com\/anatomie\/index.php\/wp-json\/wp\/v2\/pages\/546\/revisions\/547"}],"wp:attachment":[{"href":"http:\/\/www.tomolis.com\/anatomie\/index.php\/wp-json\/wp\/v2\/media?parent=546"}],"curies":[{"name":"wp","href":"https:\/\/api.w.org\/{rel}","templated":true}]}}