{"id":550,"date":"2016-12-01T01:13:11","date_gmt":"2016-12-01T00:13:11","guid":{"rendered":"http:\/\/www.tomolis.com\/anatomie\/?page_id=550"},"modified":"2016-12-01T01:14:18","modified_gmt":"2016-12-01T00:14:18","slug":"le-nouveau-conservatoire-1851","status":"publish","type":"page","link":"http:\/\/www.tomolis.com\/anatomie\/index.php\/le-nouveau-conservatoire-1851\/","title":{"rendered":"Le nouveau Conservatoire : 1851"},"content":{"rendered":"<p>L&rsquo;importance de l&rsquo;ancien conservatoire en mati\u00e8re d&rsquo;enseignement permet de comprendre les d\u00e9marches pour la cr\u00e9ation d&rsquo;une nouvelle structure d&rsquo;accueil des \u00e9tudiants. Il est \u00e0 noter que tous les enseignants de la Facult\u00e9 empruntaient des pi\u00e8ces anatomiques ou des instruments pour leur enseignement.<\/p>\n<p>Aussi la Facult\u00e9 demanda-t-elle, \u00e0 plusieurs reprises, au Ministre la construction d&rsquo;un nouveau Conservatoire qui, en 1845, \u00e0 la suite d&rsquo;une d\u00e9lib\u00e9ration du Conseil acad\u00e9mique pr\u00e9sid\u00e9 par M. Thory, recteur, le pr\u00e9fet de l&rsquo;H\u00e9rault, M. Rouleaux-Dugage, venant en aide \u00e0 la Facult\u00e9, chargea M. Alric, architecte du d\u00e9partement, de dresser un plan pour la construction d&rsquo;un Conservatoire. Ce projet, imm\u00e9diatement \u00e9labor\u00e9 par l&rsquo;habile architecte, \u00e9tait bient\u00f4t remis par le Pr\u00e9fet lui-m\u00eame \u00e0 M. de Salvandy, ministre de l&rsquo;instruction publique.<\/p>\n<p>Ce ne fut pourtant qu&rsquo;en 1847 que ce projet, pr\u00e9sent\u00e9 \u00e0 la Chambre des d\u00e9put\u00e9s par le Ministre et vivement appuy\u00e9 par M. Vigie, premier pr\u00e9sident \u00e0 la cour royale de Montpellier et d\u00e9put\u00e9 de l&rsquo;H\u00e9rault, fut converti en loi, par laquelle une somme de 158064 fr. dont 90 cent, \u00e9tait allou\u00e9e pour la construction et l&rsquo;ameublement d&rsquo;un Conservatoire anatomique. La ville de Montpellier devait contribuer dans cette somme pour 20 000 fr.<\/p>\n<p>Le b\u00e2timent fut construit sur l&#8217;emplacement des anciens remparts (d\u00e9truits le 29 Prairial An V (18 juin 1797) le long du boulevard Henri IV, dans un style imitant la fa\u00e7ade principale.<\/p>\n<p>L&rsquo;adjudication des travaux fut approuv\u00e9e par le Ministre de l&rsquo;instruction publique en novembre 1847 et l&rsquo;\u00e9difice \u00e9tait achev\u00e9 en 1851. Ce b\u00e2timent est d&rsquo;une longueur de 68 m\u00e8tres, sur pr\u00e9s de 10 m\u00e8tres de largeur. Au rez-de-chauss\u00e9e sont des salles destin\u00e9es \u00e0 divers services de la Facult\u00e9 (salle d&rsquo;examens, laboratoire de physiologie, cabinet de physique, \u00e9cole pratique de chimie). La salle du Conservatoire occupe tout le premier \u00e9tage ; elle a la longueur enti\u00e8re de l&rsquo;\u00e9difice, et se trouve divis\u00e9e en quatre parties li\u00e9es par des colonnes interm\u00e9diaires d&rsquo;ordre dorique, rev\u00eatues en martre imitatif (vert antique), De grandes et belles armoires sont plac\u00e9es au pourtour de la galerie. La partie sup\u00e9rieure des murs a \u00e9t\u00e9 peinte en grisaille par M. Monseret, qui y a repr\u00e9sent\u00e9 les diverses sciences qui se lient \u00e0 la m\u00e9decine. Le plafond, d&rsquo;une \u00e9l\u00e9vation en rapport avec la longueur de la salle, a \u00e9t\u00e9 d\u00e9cor\u00e9 par M. Baroffi, avec un soin qui fait honneur \u00e0 cet artiste. On y voit des m\u00e9daillons polychromes repr\u00e9sentant les hommes qui ont illustr\u00e9 la science m\u00e9dicale ou les sciences dites accessoires ; ces m\u00e9daillons sont dus \u00e0 l&rsquo;habile pinceau de M. Monceret.<\/p>\n<p>Le 1er ao\u00fbt 1850, sur la proposition du professeur Hippolyte Rech, la facult\u00e9 de m\u00e9decine arr\u00eatait une liste de vingt-sept m\u00e9decins les plus c\u00e9l\u00e8bres qui eurent le privil\u00e8ge d&rsquo;\u00eatre repr\u00e9sent\u00e9s sur ce plafond. On y voit des m\u00e9daillons repr\u00e9sentant les hommes qui ont illustr\u00e9 la science m\u00e9dicale ou les sciences accessoires.<\/p>\n<p>Aristote (384-322 avant J.-C.) : le p\u00e8re de la biologie et de l&rsquo;anatomie compar\u00e9e, le plus grand savant de l&rsquo;Antiquit\u00e9.<\/p>\n<p><a href=\"http:\/\/www.tomolis.com\/anatomie\/index.php\/arnaud-de-villeneuve\/\">Arnaud de Villeneuve (1235-1311) : le plus grand m\u00e9decin du moyen \u00e2ge, le pr\u00e9curseur de la m\u00e9decine moderne.<\/a><\/p>\n<p><a href=\"http:\/\/www.tomolis.com\/anatomie\/index.php\/gui-de-chauliac\/\">Gui de Chauliac (1300-1368) : le p\u00e8re de la chirurgie<\/a><\/p>\n<p><a href=\"http:\/\/www.tomolis.com\/anatomie\/index.php\/guillaume-rondelet\/\">Guillaume Rondelet (1507-1566), anatomiste, zoologiste, botaniste et hydrologiste.<\/a><\/p>\n<p><a href=\"http:\/\/www.tomolis.com\/anatomie\/index.php\/ambroise-pare\/\">Ambroise Par\u00e9 (1510-1590) : le p\u00e8re de la chirurgie moderne.<\/a><\/p>\n<p><a href=\"http:\/\/www.tomolis.com\/anatomie\/index.php\/andre-vesale\/\">Andr\u00e9 V\u00e9sale (1514-1564) : le plus grand anatomiste du XVIe si\u00e8cle.<\/a><\/p>\n<p><a href=\"http:\/\/www.tomolis.com\/anatomie\/index.php\/laurent-joubert\/\">Laurent Joubert (1529-1582) : pionnier de la di\u00e9t\u00e9tique et p\u00e8re du codex des apothicaires.<\/a><\/p>\n<p><a href=\"http:\/\/www.tomolis.com\/anatomie\/index.php\/barthelemy-cabrol\/\">Barth\u00e9lemi Cabrol (1529-1603) : un des premiers d\u00e9monstrateurs d&rsquo;anatomie.<\/a><\/p>\n<p>Jean Pecquet (1622-1674) : le p\u00e8re de la lymphologie.<\/p>\n<p><a href=\"http:\/\/www.tomolis.com\/anatomie\/index.php\/raymond-vieussens\/\">Raymond Vieussens (1635-1715) : clinicien, anatomiste, physiologiste et chimiste.<\/a><\/p>\n<p><a href=\"http:\/\/www.tomolis.com\/anatomie\/index.php\/pierre-magnol\/\">Pierre Magnol (1638-1715) : un des plus grands botanistes.<\/a><\/p>\n<p><a href=\"http:\/\/www.tomolis.com\/anatomie\/index.php\/francois-lapeyronie\/\">Fran\u00e7ois Lapeyronie (1678-1747) : le r\u00e9novateur de la chirurgie, cr\u00e9ateur du coll\u00e8ge royal de chirurgie.<\/a><\/p>\n<p><a href=\"http:\/\/www.tomolis.com\/anatomie\/index.php\/jean-baptiste-morgagni\/\">Jean Baptiste Morgagni (1682-1771) : le p\u00e8re de l&rsquo;anatomo-pathologie.<\/a><\/p>\n<p>Fran\u00e7ois Bourguignon de Bussi\u00e9res de Lamure (1717-1777) : grand physiologiste.<\/p>\n<p><a href=\"http:\/\/www.tomolis.com\/anatomie\/index.php\/theophile-de-bordeu\/\">Th\u00e9ophile de Bordeu (1722-1776) : pr\u00e9curseur de l&rsquo;endocrinologie et fondateur de l&rsquo;hydrologie.<\/a><\/p>\n<p>Henri Fouquet (1727-1806) : organisateur de l&rsquo;enseignement clinique \u00e0 l&rsquo;h\u00f4pital.<\/p>\n<p><a href=\"http:\/\/www.tomolis.com\/anatomie\/index.php\/antoine-gouan\/\">Antoine Gouan (1733-1821) : r\u00e9novateur du jardin des plantes apr\u00e8s la r\u00e9volution.<\/a><\/p>\n<p>Guillaume Charles Jean Marguerite de Grimaud (1752-1789) : sp\u00e9cialiste des fi\u00e8vres.<\/p>\n<p><a href=\"http:\/\/www.tomolis.com\/anatomie\/index.php\/jean-antoine-chaptal\/\">Jean Antoine Chaptal (1756-182) : le plus grand bienfaiteur de la facult\u00e9 de m\u00e9decine.<\/a><\/p>\n<p><a href=\"http:\/\/www.tomolis.com\/anatomie\/index.php\/pierre-marie-auguste-broussonnet\/\">Pierre Auguste Broussonet (1761-1807) : continua l&rsquo;\u0153uvre de Gouan.<\/a><\/p>\n<p><a href=\"http:\/\/www.tomolis.com\/anatomie\/index.php\/charles-louis-dumas\/\">Charles Louis Dumas (1765-1813) : premier doyen de la facult\u00e9 de m\u00e9decine de Montpellier.<\/a><\/p>\n<p>Georges Cuvier (1769-1832) : cr\u00e9ateur de la pal\u00e9ontologie.<\/p>\n<p><a href=\"http:\/\/www.tomolis.com\/anatomie\/index.php\/francois-marie-xavier-bichat\/\">Fran\u00e7ois Marie Xavier Bichat (1771-1802) : c\u00e9l\u00e8bre anatomiste, pionnier de la physiologie et p\u00e8re de l&rsquo;histologie.<\/a><\/p>\n<p><a href=\"http:\/\/www.tomolis.com\/anatomie\/index.php\/claude-jacques-mathieu-delpech\/\">Claude Jacques Mathieu Delpech (1777-1832) : p\u00e8re de l&rsquo;orthop\u00e9die.<\/a><\/p>\n<p><a href=\"http:\/\/www.tomolis.com\/anatomie\/index.php\/augustin-pyramus-de-candolle\/\">Augustin Pyramus de Candolle (1789-1841) : grand botaniste et fondateur pour la seconde fois du jardin des plantes.<\/a><\/p>\n<p><a href=\"http:\/\/www.tomolis.com\/anatomie\/index.php\/frederic-berard\/\">Fr\u00e9d\u00e9ric B\u00e9rard (1789-1828) : m\u00e9decin, philosophe et historien.<\/a><\/p>\n<p><a href=\"http:\/\/www.tomolis.com\/anatomie\/index.php\/antoine-louis-duges\/\">Antoine Louis Duges (1797-1838) : obst\u00e9tricien et naturaliste.<\/a><\/p>\n<p>En 1848, pendant la gestion de Jaumes, le Conservatoire re\u00e7oit la belle collection du cabinet Dupont, compos\u00e9e de pi\u00e8ces en cire reproduisant tous les cas possibles de maladies v\u00e9n\u00e9riennes, diverses l\u00e9sions canc\u00e9reuses.<br \/>\nToutes ces acquisitions, toutes les pi\u00e8ces anatomo pathologiques et toutes celles que fournissaient les divers concours, soit en anatomie humaine, soit en anatomie compar\u00e9e, augmentaient tellement les collections, que l&rsquo;ancien secr\u00e9tariat de l&rsquo;Acad\u00e9mie devenait tous les jours de plus en plus insuffisant.<\/p>\n<p>Justin Benoit (1813-1893), nomm\u00e9 conservateur le 11 juillet 1850, a inaugur\u00e9 ce nouveau service, qu&rsquo;il a gard\u00e9 et dirig\u00e9 jusqu&rsquo;au 15 juin 1853, jusqu&rsquo;\u00e0 sa nomination \u00e0 la chaire d&rsquo;anatomie, en remplacement de Dubrueil. La famille de Dubrueil, fit don en 1854 d&rsquo;une belle collection de 79 t\u00eates de sujets appartenant aux diverses races humaines.<\/p>\n<p>M. Lami a donn\u00e9 \u00e0 la Facult\u00e9 de m\u00e9decine en 1858 un \u00c9corch\u00e9. C&rsquo;est un homme adulte, de grandeur naturelle, d&rsquo;une belle stature, occup\u00e9 \u00e0 creuser une fosse au moyen d&rsquo;une b\u00eache, et sur lequel se voient en \u00e9tat de contraction tous les muscles qui agissent dans l&rsquo;effort qu&rsquo;il fait pour faire p\u00e9n\u00e9trer sa b\u00eache dans le sol. Ce n&rsquo;est plus la nature inerte, morte, qu&rsquo;a voulu repr\u00e9senter M. Lami mais la nature en action ; de sorte que l&rsquo;\u0153uvre de cet \u00e9minent artiste laisse bien loin derri\u00e8re elle tous les \u00e9corch\u00e9s qui figurent dans la plupart des mus\u00e9es. Comme l&rsquo;ont fait remarquer Lordat et Beno\u00eet, tous les muscles sont en action, except\u00e9 ceux de la face, cependant que dans tout effort violent les muscles faciaux se contractent.<\/p>\n<p>Pages, ancien agr\u00e9g\u00e9 de la Facult\u00e9 en 1876, envoya plus de 50 t\u00eates, naturelles ou en pl\u00e2tre, reproduisant les principaux types humains. Mentionnons une belle collection de poissons d&rsquo;Am\u00e9rique, et surtout des eaux douces des \u00c9tats-Unis, donn\u00e9e en 1878 par le professeur Charles Fr\u00e9d\u00e9ric Martins (1806-1889), qui l&rsquo;avait re\u00e7ue d&rsquo;Agassiz.<\/p>\n<p>Pour le laboratoire annex\u00e9 au conservatoire, une allocation de 5000 Franc (17 avril 1880) a \u00e9t\u00e9 accord\u00e9e au conservatoire de la facult\u00e9 pour l&rsquo;installation d&rsquo;un atelier d&rsquo;un laboratoire affect\u00e9 \u00e0 la r\u00e9paration des pi\u00e8ces d\u00e9t\u00e9rior\u00e9es et au montage des pi\u00e8ces nouvelles. Le besoin de cette installation \u00e9tait incontestablement urgent. Sans elle, l&rsquo;entretien d&rsquo;un autre conservatoire sur un pied convenable \u00e9tait fort difficile pour ne pas dire impossible et le fait est que ce d\u00e9partement de la facult\u00e9 p\u00e9riclitait bien un peu depuis quelque temps. Gr\u00e2ce \u00e0 cette installation les pi\u00e8ces par trop alt\u00e9r\u00e9es et capables d&rsquo;\u00eatre encore conserv\u00e9es seront remises en \u00e9tat et de nouvelles pourront \u00eatre facilement ex\u00e9cut\u00e9es. Que de pr\u00e9cieux mat\u00e9riaux ont \u00e9t\u00e9 perdus faute de l&rsquo;outillage n\u00e9cessaire et de moyens de conservation suffisant pour les mettre \u00e0 profits. Inutile de redire ici l&rsquo;importance qu&rsquo;\u00e0 eu depuis 1851 l&rsquo;\u00e9poque de son ach\u00e8vement le conservatoire actuel dans l&rsquo;organisation de la facult\u00e9.<\/p>\n<p>Ce n&rsquo;est qu&rsquo;\u00e0 partir de 1945 que par manque de cr\u00e9dit et de personnel responsable qu&rsquo;il a \u00e9t\u00e9 d\u00e9di\u00e9 \u00e0 une fonction de Mus\u00e9e qui repr\u00e9sente le v\u00e9ritable patrimoine vivant de la Facult\u00e9 de M\u00e9decine.<\/p>\n<p>A titre personnel nous ne pouvons que regretter l&rsquo;\u00e9tat dans lequel se trouve ce conservatoire (Mus\u00e9e) qui malgr\u00e9 une prise de conscience collective n&rsquo;a pas b\u00e9n\u00e9fici\u00e9 de cr\u00e9dits pharaoniques destin\u00e9s \u00e0 lui redonner l&rsquo;\u00e9clat qu&rsquo;il m\u00e9riterait.<\/p>\n","protected":false},"excerpt":{"rendered":"<p>L&rsquo;importance de l&rsquo;ancien conservatoire en mati\u00e8re d&rsquo;enseignement permet de comprendre les d\u00e9marches pour la cr\u00e9ation d&rsquo;une nouvelle structure d&rsquo;accueil des \u00e9tudiants. Il est \u00e0 noter que tous les enseignants de la Facult\u00e9 empruntaient des pi\u00e8ces anatomiques ou des instruments pour leur enseignement. Aussi la Facult\u00e9 demanda-t-elle, \u00e0 plusieurs reprises, au Ministre la construction d&rsquo;un nouveau [&hellip;]<\/p>\n","protected":false},"author":1,"featured_media":0,"parent":0,"menu_order":0,"comment_status":"closed","ping_status":"closed","template":"","meta":[],"_links":{"self":[{"href":"http:\/\/www.tomolis.com\/anatomie\/index.php\/wp-json\/wp\/v2\/pages\/550"}],"collection":[{"href":"http:\/\/www.tomolis.com\/anatomie\/index.php\/wp-json\/wp\/v2\/pages"}],"about":[{"href":"http:\/\/www.tomolis.com\/anatomie\/index.php\/wp-json\/wp\/v2\/types\/page"}],"author":[{"embeddable":true,"href":"http:\/\/www.tomolis.com\/anatomie\/index.php\/wp-json\/wp\/v2\/users\/1"}],"replies":[{"embeddable":true,"href":"http:\/\/www.tomolis.com\/anatomie\/index.php\/wp-json\/wp\/v2\/comments?post=550"}],"version-history":[{"count":3,"href":"http:\/\/www.tomolis.com\/anatomie\/index.php\/wp-json\/wp\/v2\/pages\/550\/revisions"}],"predecessor-version":[{"id":553,"href":"http:\/\/www.tomolis.com\/anatomie\/index.php\/wp-json\/wp\/v2\/pages\/550\/revisions\/553"}],"wp:attachment":[{"href":"http:\/\/www.tomolis.com\/anatomie\/index.php\/wp-json\/wp\/v2\/media?parent=550"}],"curies":[{"name":"wp","href":"https:\/\/api.w.org\/{rel}","templated":true}]}}