{"id":554,"date":"2016-12-01T01:15:08","date_gmt":"2016-12-01T00:15:08","guid":{"rendered":"http:\/\/www.tomolis.com\/anatomie\/?page_id=554"},"modified":"2016-12-01T01:15:08","modified_gmt":"2016-12-01T00:15:08","slug":"le-prosectorat-1794-1902","status":"publish","type":"page","link":"http:\/\/www.tomolis.com\/anatomie\/index.php\/le-prosectorat-1794-1902\/","title":{"rendered":"Le prosectorat 1794-1902"},"content":{"rendered":"<p>D\u00e8s la cr\u00e9ation de l&rsquo;\u00e9cole de sant\u00e9, il fut d\u00e9cid\u00e9 de doter celle-ci de trois postes de prosecteurs (nomm\u00e9s pour 3 ans) institu\u00e9s d\u00e8s le 15 vent\u00f4se an III (15 1794). Fran\u00e7ois Poutingon, Fran\u00e7ois Laborie et Bernard Delmas, tous trois d&rsquo;ascendance plus ou moins chirurgicale, en furent les b\u00e9n\u00e9ficiaires. D\u00e9s l&rsquo;an VI (1796), Laborie d\u00e9missionna. Il fut remplac\u00e9 par Lordat. Par la suite, Poutingon c\u00e9da sa place \u00e0 Jean-Fran\u00e7ois Seneaux qui sera destitu\u00e9 en l&rsquo;an X (1802) pour des raisons plus ou moins politiques. En 1804, Lordat partira \u00e0 son tour, appel\u00e9 aux fonctions de chef de travaux. Delmas se retrouvera seul et, par la suite, une seule place de prosecteur sera maintenue jusqu&rsquo;au XXe si\u00e8cle. Les prosecteurs \u00e9taient d&rsquo;importants auxiliaires nomm\u00e9s par concours.<\/p>\n<p>A partir de Lordat, rares seront ceux qui ne feront pas une carri\u00e8re universitaire (liste des prosecteurs : An III (1794) Delmas Bernard, Laborie Fran\u00e7ois, Poutingon Fran\u00e7ois, An VI (1797) Delmas Bernard, Lordat Jacques, Poutingon Fran\u00e7ois, An X (1801) Delmas Bernard, Lordat Jacques, Seneaux Jean-Fran\u00e7ois, 1804 Delmas Bernard, 1812 Roubieu Guillaume-Joseph, 1833 Alqui\u00e9 Alexis, 1837 Rodrigues Jean-Baptiste-Hubert, 1839 Vergez Henri, 1850 Bouliech Joachim-Gaspard-C\u00e9sar, 1857 Bertrand Camille, 1862 Masse Ernest-Alexandre, 1866 Grynfeltt Joseph-Casimir, 1869 Pizot Albert-Jean-Ernest, 1872 Bimar Jean-Marie-Th\u00e9odore-Auguste, 1879 Joullie Andr\u00e9, 1880 Grynfeltt Joseph-Casimir, 1881 Forgue Emile-Auguste, 1883 Gilis Jean-Louis-Paul, 1884 Guy Jean-Fran\u00e7ois, 1885 Batigne Pierre-Marie-Joseph-Paul, 1886 Lapeyre Constant, 1889 Mouret Jules-Paulin, 1893 Vires Joseph-Guillaume-Norbert, 1896 Iti\u00e9 Joseph, 1899 Riche Laurent-Fran\u00e7ois Vincent, 1902 Rouvi\u00e8re Marie-Joseph-L\u00e9on-Henri, Chefs de travaux en anatomie (1803)<\/p>\n<p>Le poste de chefs de travaux en anatomie fut cr\u00e9\u00e9 le 2 fructidor an X (2 ao\u00fbt 1803) par transformation d&rsquo;un des deux postes de prosecteurs. Les chefs de travaux seront d&rsquo;importants personnages qui, bien souvent, acc\u00e9deront \u00e0 cette place non seulement \u00e0 la suite d&rsquo;un concours sp\u00e9cial mais encore apr\u00e8s avoir \u00e9t\u00e9 re\u00e7us \u00e0 l&rsquo;agr\u00e9gation.<\/p>\n<p>Modalit\u00e9 de recrutement :<br \/>\nUNIVERSIT\u00c9 DE FRANCE ACAD\u00c9MIE DE MONTPELLIER<br \/>\nFacult\u00e9 de m\u00e9decine.<\/p>\n<p>Concours pour la place de chef de travaux anatomique. Ce concours sera ouvert devant la facult\u00e9 de m\u00e9decine de Montpellier, le mardi 1er mai 1832. les candidats pourront s&rsquo;inscrire au secr\u00e9tariat de la facult\u00e9 de m\u00e9decine, jusqu&rsquo;au 20 avril inclusivement. Pour \u00eatre admis \u00e0 concourir il n&rsquo;est pas n\u00e9cessaire de justifier le grade de docteur. Les \u00e9preuves du concours seront distribu\u00e9es dans l&rsquo;ordre suivant :<\/p>\n<p>1 : pr\u00e9parer dans un nombre de jours d\u00e9termin\u00e9 et par un proc\u00e9d\u00e9 qui en permette la conservation une ou plusieurs pi\u00e8ces d&rsquo;anatomie humaine, une ou plusieurs pi\u00e8ces d&rsquo;anatomie compar\u00e9e, dont une partie sera publiquement d\u00e9montr\u00e9e par le pr\u00e9parateur, et l&rsquo;autre par le concurrent.<\/p>\n<p>2 : pr\u00e9parer une pi\u00e8ce fra\u00eeche d&rsquo;anatomie humaine, qui sera d\u00e9montr\u00e9e par le pr\u00e9parateur m\u00eame.<\/p>\n<p>3 : pr\u00e9parer une pi\u00e8ce fra\u00eeche d&rsquo;anatomie compar\u00e9e, qui sera d\u00e9montr\u00e9e par un comp\u00e9titeur.<\/p>\n<p>4 : improviser par \u00e9crit une question d&rsquo;anatomie g\u00e9n\u00e9rale et pathologique.<\/p>\n<p>5 : pratiquer une ou plusieurs op\u00e9rations chirurgicales et en \u00e9crire le manuel.<\/p>\n<p>Les attributions du chef de travaux anatomiques consistent \u00e0 faire des d\u00e9monstrations d&rsquo;anatomie, des r\u00e9p\u00e9titions du manuel des op\u00e9rations chirurgicales, a surveiller les dissections des \u00e9l\u00e8ves de l&rsquo;\u00e9cole pratique, et \u00e0 pr\u00e9parer des pi\u00e8ces anatomiques pour le conservatoire de la facult\u00e9. La dur\u00e9e des fonctions du chef de travaux anatomique est de six ans.<\/p>\n<p>Le traitement attach\u00e9 \u00e0 ses fonctions et de 2 500 francs par an.<br \/>\nVu, permis d&rsquo;imprimer et afficher Montpellier le 4 f\u00e9vrier 1832.<br \/>\nle recteur de l&rsquo;Acad\u00e9mie, J. D. GERGONNE.<br \/>\nMontpellier le 4 f\u00e9vrier 1832<br \/>\npour le doyen de la facult\u00e9 de m\u00e9decine, DUBRUEIL assesseur.<br \/>\nLes titulaires successifs feront carri\u00e8re dans la Facult\u00e9, soit comme agr\u00e9g\u00e9s, soit plus tard comme professeurs (liste des chefs de travaux anatomique : Lordat Jacques, Delmas Bernard, Batigne Jean-Pierre, Serre Michel, Bouisson Etienne-Fr\u00e9d\u00e9ric, Dumas Isidore, Alqui\u00e9 Alexis. 1804 1811 1826 1832 1834 1839 1845 Courty Am\u00e9d\u00e9, Moutet Jean-Fr\u00e9d\u00e9ric, Jacquemet Pierre-Michel, Sabatier Armand, Masse Ernest-Alexandre, Bimar Jean-Marie-Th\u00e9odore- Auguste, Chalot Jacques-Marie-Victor, Gilis Jean-Louis-Paul, Forgue Emile-Auguste, Mouret Jules-Paulin, 1851 1857 1857.1865 1869 1876 1882 1884 1887 1895, 1904 Rouvi\u00e8re Marie-Joseph-L\u00e9on-Henri 1911 Grynfeltt Edouard 1913 Delmas Jean).<\/p>\n","protected":false},"excerpt":{"rendered":"<p>D\u00e8s la cr\u00e9ation de l&rsquo;\u00e9cole de sant\u00e9, il fut d\u00e9cid\u00e9 de doter celle-ci de trois postes de prosecteurs (nomm\u00e9s pour 3 ans) institu\u00e9s d\u00e8s le 15 vent\u00f4se an III (15 1794). Fran\u00e7ois Poutingon, Fran\u00e7ois Laborie et Bernard Delmas, tous trois d&rsquo;ascendance plus ou moins chirurgicale, en furent les b\u00e9n\u00e9ficiaires. D\u00e9s l&rsquo;an VI (1796), Laborie d\u00e9missionna. [&hellip;]<\/p>\n","protected":false},"author":1,"featured_media":0,"parent":0,"menu_order":0,"comment_status":"closed","ping_status":"closed","template":"","meta":[],"_links":{"self":[{"href":"http:\/\/www.tomolis.com\/anatomie\/index.php\/wp-json\/wp\/v2\/pages\/554"}],"collection":[{"href":"http:\/\/www.tomolis.com\/anatomie\/index.php\/wp-json\/wp\/v2\/pages"}],"about":[{"href":"http:\/\/www.tomolis.com\/anatomie\/index.php\/wp-json\/wp\/v2\/types\/page"}],"author":[{"embeddable":true,"href":"http:\/\/www.tomolis.com\/anatomie\/index.php\/wp-json\/wp\/v2\/users\/1"}],"replies":[{"embeddable":true,"href":"http:\/\/www.tomolis.com\/anatomie\/index.php\/wp-json\/wp\/v2\/comments?post=554"}],"version-history":[{"count":1,"href":"http:\/\/www.tomolis.com\/anatomie\/index.php\/wp-json\/wp\/v2\/pages\/554\/revisions"}],"predecessor-version":[{"id":555,"href":"http:\/\/www.tomolis.com\/anatomie\/index.php\/wp-json\/wp\/v2\/pages\/554\/revisions\/555"}],"wp:attachment":[{"href":"http:\/\/www.tomolis.com\/anatomie\/index.php\/wp-json\/wp\/v2\/media?parent=554"}],"curies":[{"name":"wp","href":"https:\/\/api.w.org\/{rel}","templated":true}]}}