{"id":556,"date":"2016-12-01T01:16:51","date_gmt":"2016-12-01T00:16:51","guid":{"rendered":"http:\/\/www.tomolis.com\/anatomie\/?page_id=556"},"modified":"2016-12-01T01:16:51","modified_gmt":"2016-12-01T00:16:51","slug":"creation-de-lecole-pratique-danatomie-et-de-chirurgie-1811","status":"publish","type":"page","link":"http:\/\/www.tomolis.com\/anatomie\/index.php\/creation-de-lecole-pratique-danatomie-et-de-chirurgie-1811\/","title":{"rendered":"Cr\u00e9ation de l&rsquo;\u00e9cole pratique d&rsquo;Anatomie et de Chirurgie (1811)"},"content":{"rendered":"<p>L&rsquo;enseignement de l&rsquo;anatomie se devait d&rsquo;\u00eatre essentiellement pratique, mais la difficult\u00e9 de se procurer des cadavres emp\u00eacha toutefois d&rsquo;envisager des dissections pour tous. On pallia cet inconv\u00e9nient en cr\u00e9ant, le 28 novembre 1811, une \u00e9cole pratique d&rsquo;Anatomie et de Chirurgie dans laquelle dix \u00e9tudiants en anatomie et dix \u00e9tudiants en chirurgie auront le privil\u00e8ge de pouvoir s&rsquo;initier aux dissections ainsi qu&rsquo;\u00e0 des rudiments de chirurgie. Leur pr\u00e9sence sera requise quatre heures par jour, de 10 heures \u00e0 14 heures, du mois de novembre au mois d&rsquo;avril. Ces \u00e9tudiants se recruteront par concours, dix par an, et leur stage sera de deux ann\u00e9es.<\/p>\n<p>R\u00e8glement<\/p>\n<p>\u00c9cole pratique d&rsquo;anatomie et d&rsquo;op\u00e9ration chirurgicale r\u00e8glement int\u00e9rieur.<\/p>\n<p>Article premier<br \/>\nLes \u00e9l\u00e8ves de l&rsquo;\u00e9cole pratique sont tenus d&rsquo;apporter dans les dissections la d\u00e9cence et la propret\u00e9 que commande des travaux de ce genre.<\/p>\n<p>Article deux<br \/>\nLes \u00e9l\u00e8ves \u00e9trangers \u00e0 l&rsquo;\u00e9cole pratique pourront assister aux dissections sous aucun pr\u00e9texte ne pourront remplacer ce de l&rsquo;\u00e9cole pratique absent malade ou n\u00e9gligeant.<\/p>\n<p>Article trois<br \/>\nUn cadavre entier sera distribuait \u00e0 quatre \u00e9l\u00e8ves prie en nombre \u00e9gale dans les deux s\u00e9ries et d&rsquo;apr\u00e8s leurs num\u00e9ros d&rsquo;ordre. Les cadavres autopsi\u00e9s seront distribu\u00e9s \u00e0 deux ou trois \u00e9l\u00e8ves conform\u00e9ment \u00e0 l&rsquo;\u00e9tat d&rsquo;int\u00e9grit\u00e9 du sujet.<\/p>\n<p>Article quatre<br \/>\nQuand le nombre des cadavres sont insuffisant les uns serviront exclusivement au pr\u00e9paration pour les cours, les autres seront livr\u00e9s aux \u00e9l\u00e8ves. Si le nombre est insuffisant, les cadavres disponibles seront dispos\u00e9s de deux mani\u00e8res.<\/p>\n<p>Article cinq<br \/>\nLa distribution des cadavres aura lieu \u00e0 une heure fixe et sera faite par le prosecteur qui inscrira sur un registre le nom des \u00e9lev\u00e9s, le jour de la distribution l&rsquo;\u00e9tat du cadavre.<\/p>\n<p>Article six<br \/>\nLes \u00e9l\u00e8ves seront avertis par une affiche 24 heures \u00e0 l&rsquo;avance et convoqu\u00e9s en nombre double de celui n\u00e9cessaire pour la distribution. Un d\u00e9lai de 5 minutes seulement sera accord\u00e9 apr\u00e8s l&rsquo;expiration de l&rsquo;heure indiqu\u00e9.<\/p>\n<p>Article sept<br \/>\nLes \u00e9l\u00e8ves qui ne se rendront pas dans le d\u00e9lai fix\u00e9 perdront irr\u00e9vocablement leurs tours. Si des circonstances majeures les emp\u00eachent de se rendre, ils ne devront points remettre leurs procurations \u00e0 l&rsquo;un de leurs condisciples, mais informer personnellement leur prosecteur.<\/p>\n<p>Article huit<br \/>\nLorsqu&rsquo;un cadavre aura \u00e9t\u00e9 distribu\u00e9, les \u00e9l\u00e8ves devront mettre de l&rsquo;assiduit\u00e9 dans leurs dissections. En cas de n\u00e9gligence on les remplacera imm\u00e9diatement et en outre leurs tours sera perdu pour la prochaine fois.<\/p>\n<p>Article neuf<br \/>\nLes chances d&rsquo;obtention du sujet \u00e9tant les m\u00eames pour tous on ne pourra point les refuser et en arguant de leur \u00e9tat d&rsquo;infiltration ou autre circonstance d\u00e9favorable. Quiconque refusera pour de pareil motif perdra ses droits aux dissections jusqu&rsquo;\u00e0 l&rsquo;\u00e9puisement de sa s\u00e9rie.<\/p>\n<p>Article dix<br \/>\nLes os des sujets livr\u00e9s pour les dissections n&rsquo;appartiennent pas aux \u00e9l\u00e8ves. Ce qui d\u00e9sireront en pr\u00e9parer devront obtenir l&rsquo;autorisation du chef de travaux anatomique ou prosecteur.<\/p>\n<p>Article onze<br \/>\nLes sujets seront inject\u00e9s par les \u00e9l\u00e8ves eux m\u00eame sous les yeux et avec l&rsquo;assistance des aides anatomistes.<\/p>\n<p>Article douze<br \/>\nUn squelette et tous les instruments n\u00e9cessaire aux dissections except\u00e9es les boites de scalpels seront mises \u00e0 la disposition des \u00e9l\u00e8ves. Ceux ci devront les rendre au servant d&rsquo;amphith\u00e9\u00e2tre qui en sera lui-m\u00eame responsable envers ses chefs.<\/p>\n<p>Article quinze<br \/>\nToutes les demandes et r\u00e9clamation devront \u00eatre adress\u00e9s au chef de travaux anatomique.<br \/>\nMontpellier le 24 novembre 1836. Le doyen de la facult\u00e9 de m\u00e9decine DUBRUEIL.<\/p>\n","protected":false},"excerpt":{"rendered":"<p>L&rsquo;enseignement de l&rsquo;anatomie se devait d&rsquo;\u00eatre essentiellement pratique, mais la difficult\u00e9 de se procurer des cadavres emp\u00eacha toutefois d&rsquo;envisager des dissections pour tous. On pallia cet inconv\u00e9nient en cr\u00e9ant, le 28 novembre 1811, une \u00e9cole pratique d&rsquo;Anatomie et de Chirurgie dans laquelle dix \u00e9tudiants en anatomie et dix \u00e9tudiants en chirurgie auront le privil\u00e8ge de [&hellip;]<\/p>\n","protected":false},"author":1,"featured_media":0,"parent":0,"menu_order":0,"comment_status":"closed","ping_status":"closed","template":"","meta":[],"_links":{"self":[{"href":"http:\/\/www.tomolis.com\/anatomie\/index.php\/wp-json\/wp\/v2\/pages\/556"}],"collection":[{"href":"http:\/\/www.tomolis.com\/anatomie\/index.php\/wp-json\/wp\/v2\/pages"}],"about":[{"href":"http:\/\/www.tomolis.com\/anatomie\/index.php\/wp-json\/wp\/v2\/types\/page"}],"author":[{"embeddable":true,"href":"http:\/\/www.tomolis.com\/anatomie\/index.php\/wp-json\/wp\/v2\/users\/1"}],"replies":[{"embeddable":true,"href":"http:\/\/www.tomolis.com\/anatomie\/index.php\/wp-json\/wp\/v2\/comments?post=556"}],"version-history":[{"count":1,"href":"http:\/\/www.tomolis.com\/anatomie\/index.php\/wp-json\/wp\/v2\/pages\/556\/revisions"}],"predecessor-version":[{"id":557,"href":"http:\/\/www.tomolis.com\/anatomie\/index.php\/wp-json\/wp\/v2\/pages\/556\/revisions\/557"}],"wp:attachment":[{"href":"http:\/\/www.tomolis.com\/anatomie\/index.php\/wp-json\/wp\/v2\/media?parent=556"}],"curies":[{"name":"wp","href":"https:\/\/api.w.org\/{rel}","templated":true}]}}