{"id":558,"date":"2016-12-01T01:17:40","date_gmt":"2016-12-01T00:17:40","guid":{"rendered":"http:\/\/www.tomolis.com\/anatomie\/?page_id=558"},"modified":"2016-12-01T01:18:07","modified_gmt":"2016-12-01T00:18:07","slug":"creation-daides-danatomie-1811","status":"publish","type":"page","link":"http:\/\/www.tomolis.com\/anatomie\/index.php\/creation-daides-danatomie-1811\/","title":{"rendered":"Cr\u00e9ation d&rsquo;aides d&rsquo;anatomie (1811)"},"content":{"rendered":"<p>Pour faire fonctionner l&rsquo;\u00e9cole pratique, il \u00e9tait n\u00e9cessaire de disposer d&rsquo;un personnel d&rsquo;encadrement, le chef de travaux et le prosecteur ne suffisant pas l&rsquo;\u00c9cole pratique cr\u00e9a le 19 novembre 1811 deux postes d&rsquo;aides d&rsquo;anatomie dont les titulaires furent nomm\u00e9s au concours pour une dur\u00e9e de deux ans. Ce sont des \u00e9tudiants qui seront appel\u00e9s \u00e0 ces places parmi eux, plusieurs feront une brillante carri\u00e8re universitaire. Beaucoup cess\u00e8rent leurs fonctions avant les deux ann\u00e9es r\u00e9volues, ce qui entra\u00eenera des nominations provisoires. Apr\u00e8s 1834, il fut aboli puis \u00e0 nouveau cr\u00e9\u00e9 le 9 mars 1852 avec des disputes ann\u00e9e par ann\u00e9e jusqu&rsquo;au XXe si\u00e8cle, mais les nouveaux aides d&rsquo;anatomie ne se retrouveront que rarement dans le personnel universitaire. A partir de 1897, on ne parlera plus d&rsquo;aides d&rsquo;anatomie mais de pr\u00e9parateurs d&rsquo;anatomie bien que, depuis l&rsquo;an III (1794), les prosecteurs en faisaient virtuellement fonctions.<\/p>\n","protected":false},"excerpt":{"rendered":"<p>Pour faire fonctionner l&rsquo;\u00e9cole pratique, il \u00e9tait n\u00e9cessaire de disposer d&rsquo;un personnel d&rsquo;encadrement, le chef de travaux et le prosecteur ne suffisant pas l&rsquo;\u00c9cole pratique cr\u00e9a le 19 novembre 1811 deux postes d&rsquo;aides d&rsquo;anatomie dont les titulaires furent nomm\u00e9s au concours pour une dur\u00e9e de deux ans. Ce sont des \u00e9tudiants qui seront appel\u00e9s \u00e0 [&hellip;]<\/p>\n","protected":false},"author":1,"featured_media":0,"parent":0,"menu_order":0,"comment_status":"closed","ping_status":"closed","template":"","meta":[],"_links":{"self":[{"href":"http:\/\/www.tomolis.com\/anatomie\/index.php\/wp-json\/wp\/v2\/pages\/558"}],"collection":[{"href":"http:\/\/www.tomolis.com\/anatomie\/index.php\/wp-json\/wp\/v2\/pages"}],"about":[{"href":"http:\/\/www.tomolis.com\/anatomie\/index.php\/wp-json\/wp\/v2\/types\/page"}],"author":[{"embeddable":true,"href":"http:\/\/www.tomolis.com\/anatomie\/index.php\/wp-json\/wp\/v2\/users\/1"}],"replies":[{"embeddable":true,"href":"http:\/\/www.tomolis.com\/anatomie\/index.php\/wp-json\/wp\/v2\/comments?post=558"}],"version-history":[{"count":2,"href":"http:\/\/www.tomolis.com\/anatomie\/index.php\/wp-json\/wp\/v2\/pages\/558\/revisions"}],"predecessor-version":[{"id":560,"href":"http:\/\/www.tomolis.com\/anatomie\/index.php\/wp-json\/wp\/v2\/pages\/558\/revisions\/560"}],"wp:attachment":[{"href":"http:\/\/www.tomolis.com\/anatomie\/index.php\/wp-json\/wp\/v2\/media?parent=558"}],"curies":[{"name":"wp","href":"https:\/\/api.w.org\/{rel}","templated":true}]}}