{"id":561,"date":"2016-12-01T01:18:48","date_gmt":"2016-12-01T00:18:48","guid":{"rendered":"http:\/\/www.tomolis.com\/anatomie\/?page_id=561"},"modified":"2016-12-01T01:18:48","modified_gmt":"2016-12-01T00:18:48","slug":"reglement-daide-danatomiste-1854","status":"publish","type":"page","link":"http:\/\/www.tomolis.com\/anatomie\/index.php\/reglement-daide-danatomiste-1854\/","title":{"rendered":"R\u00e8glement d&rsquo;aide d&rsquo;anatomiste (1854)"},"content":{"rendered":"<p class=\"Bold\">Un r\u00e8glement relatif au fonction d&rsquo;aide d&rsquo;anatomiste dans la facult\u00e9 Montpellier a \u00e9t\u00e9 \u00e9dict\u00e9 en 1854 il notait :<\/p>\n<p><span class=\"BleuItalique\">Article 1 :<\/span> les aides anatomistes prennent part aux travaux d&rsquo;anatomies et de chirurgies de toute nature qui ont lieu dans la facult\u00e9 et dans l&rsquo;\u00e9cole pratique en remplissant leurs r\u00f4les qui leurs sont assign\u00e9s par le professeur d&rsquo;anatomie et par celui de m\u00e9decine op\u00e9ratoire.<\/p>\n<p><span class=\"BleuItalique\">Article 2 :<\/span> ils doivent en outre leur concours au professeur qui r\u00e9clame leurs services dans l&rsquo;enceinte de la facult\u00e9 pour les besoins de leur enseignement.<\/p>\n<p><span class=\"BleuItalique\">Article 3 :<\/span> \u00e0 la fin du semestre d&rsquo;hiver chaque aide anatomistes est tenu de pr\u00e9parer par des proc\u00e9d\u00e9s qui en permettent la conservation deux pi\u00e8ces d&rsquo;anatomie normale ou pathologique qui leurs sont indiqu\u00e9s.<\/p>\n<p><span class=\"BleuItalique\">Article 4 :<\/span> pour toucher leurs appointements les aides anatomistes devront produire mensuellement et d\u00e9poser pr\u00e9alablement entre les mains de l&rsquo;agent comptable un certificat du professeur d&rsquo;anatomie consentant qu&rsquo;ils ont rempli leurs fonctions d&rsquo;une mani\u00e8re convenable.<\/p>\n<p><span class=\"BleuItalique\">Article 5 :<\/span> le professeur pourra suspendre provisoirement l&rsquo;aide anatomiste pour un motif qui lui para\u00eetra grave et il devra en instruire imm\u00e9diatement le doyen de la facult\u00e9.<\/p>\n<p><span class=\"BleuItalique\">Article 6 :<\/span> en cas d&rsquo;absence d&rsquo;un aide anatomiste ou lorsque les besoins du service l&rsquo;exige le professeur pourra appeler comme aide anatomiste adjoint celui qui dans le jugement du concours pour cette place aura \u00e9t\u00e9 class\u00e9 apr\u00e8s l&rsquo;\u00e9lu. A d\u00e9faut d&rsquo;\u00e9l\u00e8ve de cette cat\u00e9gorie le choix du professeur se portera sur les \u00e9l\u00e8ves de l&rsquo;\u00e9cole pratique. Dans tous les cas ce choix sera soumis \u00e0 l&rsquo;approbation du doyen.<\/p>\n<p><span class=\"BleuItalique\">Article 7 :<\/span> l&rsquo;aide anatomiste adjoint qui remplacerait un titulaire toucherai les appointements allou\u00e9s \u00e0 ce dernier \u00e0 moins que l&rsquo;absence du titulaire n&rsquo;eut pour cause une maladie r\u00e9guli\u00e8rement constat\u00e9e.<br \/>\nD\u00e9lib\u00e9r\u00e9 et approuv\u00e9 par la facult\u00e9 de m\u00e9decine dans la s\u00e9ance du 27 avril 1854 pour extrait conforme le doyen G.E. BENOIT.<\/p>\n","protected":false},"excerpt":{"rendered":"<p>Un r\u00e8glement relatif au fonction d&rsquo;aide d&rsquo;anatomiste dans la facult\u00e9 Montpellier a \u00e9t\u00e9 \u00e9dict\u00e9 en 1854 il notait : Article 1 : les aides anatomistes prennent part aux travaux d&rsquo;anatomies et de chirurgies de toute nature qui ont lieu dans la facult\u00e9 et dans l&rsquo;\u00e9cole pratique en remplissant leurs r\u00f4les qui leurs sont assign\u00e9s par [&hellip;]<\/p>\n","protected":false},"author":1,"featured_media":0,"parent":0,"menu_order":0,"comment_status":"closed","ping_status":"closed","template":"","meta":[],"_links":{"self":[{"href":"http:\/\/www.tomolis.com\/anatomie\/index.php\/wp-json\/wp\/v2\/pages\/561"}],"collection":[{"href":"http:\/\/www.tomolis.com\/anatomie\/index.php\/wp-json\/wp\/v2\/pages"}],"about":[{"href":"http:\/\/www.tomolis.com\/anatomie\/index.php\/wp-json\/wp\/v2\/types\/page"}],"author":[{"embeddable":true,"href":"http:\/\/www.tomolis.com\/anatomie\/index.php\/wp-json\/wp\/v2\/users\/1"}],"replies":[{"embeddable":true,"href":"http:\/\/www.tomolis.com\/anatomie\/index.php\/wp-json\/wp\/v2\/comments?post=561"}],"version-history":[{"count":1,"href":"http:\/\/www.tomolis.com\/anatomie\/index.php\/wp-json\/wp\/v2\/pages\/561\/revisions"}],"predecessor-version":[{"id":562,"href":"http:\/\/www.tomolis.com\/anatomie\/index.php\/wp-json\/wp\/v2\/pages\/561\/revisions\/562"}],"wp:attachment":[{"href":"http:\/\/www.tomolis.com\/anatomie\/index.php\/wp-json\/wp\/v2\/media?parent=561"}],"curies":[{"name":"wp","href":"https:\/\/api.w.org\/{rel}","templated":true}]}}