{"id":563,"date":"2016-12-01T01:19:44","date_gmt":"2016-12-01T00:19:44","guid":{"rendered":"http:\/\/www.tomolis.com\/anatomie\/?page_id=563"},"modified":"2016-12-01T01:19:44","modified_gmt":"2016-12-01T00:19:44","slug":"individualisation-dune-chaire-danatomie-1824","status":"publish","type":"page","link":"http:\/\/www.tomolis.com\/anatomie\/index.php\/individualisation-dune-chaire-danatomie-1824\/","title":{"rendered":"Individualisation d&rsquo;une chaire d&rsquo;Anatomie (1824)"},"content":{"rendered":"<p>Depuis 1315 l\u2019enseignement de l\u2019anatomie \u00e9tait sous la responsabilit\u00e9 d\u2019un professeur qui devait se partager avec d\u2019autres comp\u00e9tences telles la botanique ou la physiologie. L\u2019augmentation des connaissances de ces disciplines n\u2019a pas \u00e9chapp\u00e9 aux responsables et pour toutes ces raisons il \u00e9tait indispensable de leur donner une autonomie. Toutes le nominations qui vont se succ\u00e9der feront appel \u00e0 des candidats d\u00e9termin\u00e9s pour magnifier la discipline.<\/p>\n<p>Le 12 d\u00e9cembre 1824, Joseph-Marie Dubrueil (1791-1852) \u00e9tait nomm\u00e9 professeur d&rsquo;anatomie \u00e0 Montpellier. Il appartenait au corps des chirurgiens de la marine, et y avait conquis de brillants \u00e9tats de service. Il fut envoy\u00e9 aux Antilles, en 1818, pour combattre une \u00e9pid\u00e9mie de fi\u00e8vre jaune, et re\u00e7ut, \u00e0 son retour, le titre, peu prodigu\u00e9 aux m\u00e9decins de membre de la L\u00e9gion d&rsquo;honneur. Il \u00e9tait professeur d&rsquo;anatomie \u00e0 l&rsquo;\u00c9cole de Toulon, apr\u00e8s avoir enseign\u00e9 \u00e0 celle de Rochefort, quand Delpech le remarqua et prit l&rsquo;initiative de le faire nommer \u00e0 Montpellier. Son entr\u00e9e dans l&rsquo;\u00c9cole, nous dit Bouisson, fut un \u00e9v\u00e9nement. L&rsquo;anatomie, domin\u00e9e par des sciences plus aim\u00e9es, se releva sous l&rsquo;effort de sa parole ardente, de son z\u00e8le infatigable, de son caract\u00e8re organisateur, de son activit\u00e9 communicative. Le conservatoire, jusqu&rsquo;alors d\u00e9nu\u00e9, se peupla de belles pr\u00e9parations ; l&rsquo;amphith\u00e9\u00e2tre anatomique, presque abandonn\u00e9, se peupla d&rsquo;auditeurs ; des enseignements particuliers surgirent avec \u00e9clat autour de celui qui l&rsquo;avait heureusement inaugur\u00e9.<\/p>\n<p>Son talent avait fait na\u00eetre cette \u00e8re nouvelle, et l&rsquo;histoire d\u00e9taill\u00e9e de notre \u00e9cole dira un jour quel effet fut produit ici par l&rsquo;association de son influence avec celle de ses \u00e9minents coll\u00e8gues, Delpech, Dug\u00e8s et Lallemand.<\/p>\n<p>Pendant la premi\u00e8re moiti\u00e9 de ce si\u00e8cle, l&rsquo;anatomie a \u00e9t\u00e9 en honneur dans la Facult\u00e9 avec Delpech, le c\u00e9l\u00e8bre chirurgien qui la connaissait tr\u00e8s bien avait \u00e9t\u00e9 professeur particulier d&rsquo;anatomie \u00e0 Paris par autorisation de S. E. le grand ma\u00eetre.<\/p>\n<p>En 1825 Cruveilhier enseignant l\u2019anatomie \u00e0 Montpellier, fut nomm\u00e9 \u00e0 la chaire de m\u00e9decine op\u00e9ratoire sur les conseils de Dupuytren et l&rsquo;occupa pendant 15 mois. Il fit un travail remarquable sur l&rsquo;ost\u00e9ologie et la myologie des batraciens \u00e0 leurs diff\u00e9rents \u00e2ges ce qui lui valu le grand prix de physiologie de l&rsquo;Acad\u00e9mie des Sciences. Nomm\u00e9 \u00e0 Paris il publie des \u00e9tudes anatomiques en deux volumes paru en 1830 et un Trait\u00e9 d&rsquo;Anatomie descriptive en quatre volumes, paru de 1834 \u00e0 1836 qui connut cinq \u00e9ditions.<\/p>\n<p>Dug\u00e8s () publiait, en 1838, un beau trait\u00e9 de physiologie compar\u00e9e de l&rsquo;homme et des animaux et se livrait aux vivisections. Lallemand a laiss\u00e9 des traces durables de son passage en des travaux \u00e9crits : ses observations originales sur les caract\u00e8res ost\u00e9ologiques des races humaines lui valurent la haute et durable amiti\u00e9 de Geoffroy Saint-Hilaire ; ses recherches sur les l\u00e9sions organiques du c\u0153ur et les an\u00e9vrismes de l&rsquo;aorte furent tr\u00e8s remarqu\u00e9es (Trait\u00e9 des anomalies art\u00e9rielles consid\u00e9r\u00e9es dans leurs rapports avec la pathologie et les op\u00e9rations chirurgicales) ouvrage accompagn\u00e9 d&rsquo;un bel atlas, 1817), et par lequel l&rsquo;auteur a montr\u00e9 qu&rsquo;il \u00e9tait \u00e0 la fois anatomiste et chirurgien. Son arriv\u00e9e \u00e0 Montpellier eut pour r\u00e9sultat de donner une tr\u00e8s vive impulsion \u00e0 l&rsquo;enseignement de l&rsquo;anatomie. Ses services furent appr\u00e9ci\u00e9s de tous. Il fut doyen de la Facult\u00e9 de 1832 \u00e0 1837.<\/p>\n","protected":false},"excerpt":{"rendered":"<p>Depuis 1315 l\u2019enseignement de l\u2019anatomie \u00e9tait sous la responsabilit\u00e9 d\u2019un professeur qui devait se partager avec d\u2019autres comp\u00e9tences telles la botanique ou la physiologie. L\u2019augmentation des connaissances de ces disciplines n\u2019a pas \u00e9chapp\u00e9 aux responsables et pour toutes ces raisons il \u00e9tait indispensable de leur donner une autonomie. Toutes le nominations qui vont se succ\u00e9der [&hellip;]<\/p>\n","protected":false},"author":1,"featured_media":0,"parent":0,"menu_order":0,"comment_status":"closed","ping_status":"closed","template":"","meta":[],"_links":{"self":[{"href":"http:\/\/www.tomolis.com\/anatomie\/index.php\/wp-json\/wp\/v2\/pages\/563"}],"collection":[{"href":"http:\/\/www.tomolis.com\/anatomie\/index.php\/wp-json\/wp\/v2\/pages"}],"about":[{"href":"http:\/\/www.tomolis.com\/anatomie\/index.php\/wp-json\/wp\/v2\/types\/page"}],"author":[{"embeddable":true,"href":"http:\/\/www.tomolis.com\/anatomie\/index.php\/wp-json\/wp\/v2\/users\/1"}],"replies":[{"embeddable":true,"href":"http:\/\/www.tomolis.com\/anatomie\/index.php\/wp-json\/wp\/v2\/comments?post=563"}],"version-history":[{"count":1,"href":"http:\/\/www.tomolis.com\/anatomie\/index.php\/wp-json\/wp\/v2\/pages\/563\/revisions"}],"predecessor-version":[{"id":564,"href":"http:\/\/www.tomolis.com\/anatomie\/index.php\/wp-json\/wp\/v2\/pages\/563\/revisions\/564"}],"wp:attachment":[{"href":"http:\/\/www.tomolis.com\/anatomie\/index.php\/wp-json\/wp\/v2\/media?parent=563"}],"curies":[{"name":"wp","href":"https:\/\/api.w.org\/{rel}","templated":true}]}}