{"id":582,"date":"2016-12-01T01:44:55","date_gmt":"2016-12-01T00:44:55","guid":{"rendered":"http:\/\/www.tomolis.com\/anatomie\/?page_id=582"},"modified":"2016-12-01T01:44:55","modified_gmt":"2016-12-01T00:44:55","slug":"le-premier-adjoint-chevalier-de-la-legion-dhonneur-g-ferrier","status":"publish","type":"page","link":"http:\/\/www.tomolis.com\/anatomie\/index.php\/le-premier-adjoint-chevalier-de-la-legion-dhonneur-g-ferrier\/","title":{"rendered":"Le premier adjoint chevalier de la l\u00e9gion d&rsquo;honneur G. Ferrier."},"content":{"rendered":"<p>Le pavillon d&rsquo;anatomie a \u00e9t\u00e9 construit pendant l&rsquo;ann\u00e9e scolaire 1871\/1872 sous le d\u00e9canat de monsieur le professeur BUISSON qui contribua puissamment \u00e0 son \u00e9dification. Il servira aux dissections et aux exercices pratiques de m\u00e9decine op\u00e9ratoire et rempla\u00e7\u00e2t avantageusement les anciennes salles qui \u00e9taient destin\u00e9es au m\u00eame usage dont les nombreuses d\u00e9fectuosit\u00e9s rendaient le s\u00e9jour en quelque sorte m\u00e9ritoire m\u00eame au plus laborieux. Ce pavillon \u00e9tait situ\u00e9 au Nord de la facult\u00e9 il se composait essentiellement d&rsquo;un \u00e9difice rectangulaire et d&rsquo;une cour. Il poss\u00e9dait une salle rectangulaire avec 12 tables les unes en marbres les autres en ch\u00eane recouvertes de cuivre \u00e9tam\u00e9s et excav\u00e9 l\u00e9g\u00e8rement vers leur centre ou se trouve pour l&rsquo;\u00e9coulement des liquides la bouche d&rsquo;un conduit en plomb qui par son extr\u00e9mit\u00e9 oppos\u00e9 plonge dans le sol et abouti aux \u00e9gouts. Ces tables \u00e9taient suffisamment \u00e9loign\u00e9es les unes des autres et sur chacune un \u00e9clairage au gaz. Un po\u00eale, deux petites tables \u00e0 \u00e9taux sell\u00e9s dans la muraille Ouest, un lavabo \u00e0 chaque angle, deux tables noires et une s\u00e9rie de planches d&rsquo;anatomie encadr\u00e9 compl\u00e9tait l&rsquo;ameublement. Aux extr\u00e9mit\u00e9s de la salle de dissection se trouvaient huit pi\u00e8ces divis\u00e9es en deux \u00e9tages les quatre pi\u00e8ces inf\u00e9rieures \u00e9taient au m\u00eame niveau que la salle et comprenne au Nord le cabinet des aides anatomie destin\u00e9e \u00e0 la pr\u00e9paration des cours et la salle d&rsquo;entrep\u00f4t des gros instruments du linge et des substances n\u00e9cessaires pour la conservation des cadavres. Au Sud se trouvait d&rsquo;un cot\u00e9 le laboratoire des gar\u00e7ons muni d&rsquo;un grand fourneau pour l&rsquo;eau chaude et de l&rsquo;autre le vestiaire qui pr\u00e9c\u00e8de l&rsquo;entr\u00e9e de la salle de dissection avec de nombreux r\u00e2teliers et 68 casiers \u00e0 serrures. Les quatre pi\u00e8ces sup\u00e9rieures \u00e9taient destin\u00e9es au cabinet du professeur d&rsquo;anatomie et au cabinet du chef des travaux et au Sud du cabinet du prosecteur. Il existait une vaste salle r\u00e9sultant de la fusion de deux pi\u00e8ces destin\u00e9es aux manipulations d\u00e9licates d&rsquo;anatomie macroscopique ou microscopique et pouvant admettre une douzaine d&rsquo;\u00e9l\u00e8ves au moins. Cette salle bien \u00e9clair\u00e9e renfermait plusieurs grandes tables, des \u00e9tag\u00e8res, des armoires, pour les instruments d\u00e9licats, une grande chemin\u00e9e avec prise d&rsquo;eau et de gaz. C&rsquo;est dans ce laboratoire que les \u00e9l\u00e8ves s&rsquo;exer\u00e7aient aux travaux pratiques d&rsquo;anatomie compar\u00e9e inaugur\u00e9e dans la facult\u00e9. Le laboratoire d&rsquo;anatomie a \u00e9t\u00e9 construit sous l&rsquo;\u00e9gide de Monsieur Moitessier doyen de la facult\u00e9 de m\u00e9decine et de Monsieur Besine architecte du d\u00e9partement.<\/p>\n<p>Les titulaires de la chaire ne furent pas les seuls \u00e0 s&rsquo;int\u00e9resser \u00e0 l&rsquo;Anatomie. Bien qu&rsquo;ayant enseign\u00e9 d&rsquo;autres mati\u00e8res, Joseph- CasimirGrynfeltt (1840-1913) n&rsquo;a cess\u00e9, sa vie durant, de se montrer un anatomiste doubl\u00e9 d&rsquo;un chirurgien et d&rsquo;un obst\u00e9tricien. Il suff\u00eet pour cela de rappeler le \u00ab\u00a0triangle\u00a0\u00bb qui porte son nom.<\/p>\n<p>D&rsquo;autres ont contribu\u00e9 au renon de l&rsquo;anatomie avec Pierre-Michel Jacquemet (1824-1897), dont le conservatoire poss\u00e8de des pr\u00e9parations affirmant son habilet\u00e9 dans la dissection, M. Sabatier (1863), \u00e9minent doyen de la Facult\u00e9 des sciences de Montpellier, un des ma\u00eetres autoris\u00e9s de l&rsquo;Anatomie compar\u00e9e, M. Masse (1869), professeur de m\u00e9decine op\u00e9ratoire \u00e0 Bordeaux et M. Bimar (1875), conservateur. Victor Chalot (1881) enseigna d&rsquo;autres disciplines avant de gagner Toulouse o\u00f9 il occupa la chaire de Clinique chirurgicale en 1891 et toute sa vie, il tint \u00e0 associer l&rsquo;anatomie \u00e0 la Chirurgie.<\/p>\n<p>En 1863 Paul-Dieudon\u00e9-Armand Sabatier (1834-1910) fit un travail remarquable sur l&rsquo;ost\u00e9ologie et la myologie des batraciens \u00e0 leurs diff\u00e9rents \u00e2ges ce qui lui valu le grand prix de physiologie de l&rsquo;Acad\u00e9mie des sciences. Il soutient sa th\u00e8se inaugurale : \u00e9tude anatomique, physiologique et clinique sur l\u2019auscultation du poumon chez les enfants. A la suite de cette th\u00e8se il poursuit ses travaux et publie un ouvrage sur les recherches anatomiques et physiologiques sur l&rsquo;appareil musculaire correspondant \u00e0 la vessie et \u00e0 la prostate dans les deux sexes. Il cherche surtout \u00e0 retrouver chez la femme \u00e0 travers leur modification les appareils musculaires qui entre dans la constitution de la vessie et la prostate chez l&rsquo;homme. Il \u00e9tablit ainsi l&rsquo;homologie des faisceaux musculaires dans les deux sexes, celle de la r\u00e9gion prostatique chez l&rsquo;homme et de la r\u00e9gion ur\u00e9tro vaginale chez la femme. En 1863 il est nomm\u00e9 chef de travaux anatomique apr\u00e8s un brillant concours o\u00f9 il pr\u00e9sente des pr\u00e9parations remarquables. En 1867 apr\u00e8s un nouveau concours (th\u00e8se d&rsquo;agr\u00e9gation : de l&rsquo;absorption) il est institu\u00e9 pour une p\u00e9riode de 9 ans agr\u00e9g\u00e9 dans la section des sciences anatomiques et physiologiques. Il n&rsquo;entre en fonction qu&rsquo;apr\u00e8s un stage de deux ans comme c&rsquo;\u00e9tait l&rsquo;usage et enseigna \u00e0 ce titre de 1869 \u00e0 1870. Lorsque la chaire de zoologie d&rsquo;anatomie compar\u00e9e devient vacante en 1873 \u00e0 la facult\u00e9 de science de Montpellier il se trouve tout d\u00e9sign\u00e9 par ses titres et la renomm\u00e9e d\u00e9j\u00e0 consid\u00e9rable de ses travaux pour lui succ\u00e9der.<\/p>\n<p>Quelques agr\u00e9g\u00e9s publient des ouvrages comme Courty qui soulignera les diff\u00e9rences existant entre les deux sexes (1853 et 1856), Miquel sur les nerfs et la circulation h\u00e9patique dans un but physiologique (1855 -1860) et Camille Bertrand sur l&rsquo;ost\u00e9ologie compar\u00e9e de la t\u00eate (1862). Rouget bien que physiologiste s&rsquo;est livr\u00e9 \u00e0 des recherches d&rsquo;anatomie compar\u00e9e qui l&rsquo;ont amen\u00e9 \u00e0 donner des pr\u00e9cisions anatomiques nouvelles sur certains organes et sur certains appareils qui porteront sur les terminaisons nerveuses.<\/p>\n<p>Dans les comptes rendus des travaux de la facult\u00e9 de m\u00e9decine au 1er novembre 1874 le professeur L Boyer s&rsquo;offusquait de certaine assertion concernant l&rsquo;anatomie : On r\u00e9p\u00e8te encore depuis 50 ans que l&rsquo;anatomie est fort n\u00e9glig\u00e9e parmi nous, qu&rsquo;on ne peut l&rsquo;apprendre faute de mati\u00e8re anatomique, de sujet de dissection. Ce reproche r\u00e9fut\u00e9 chaque ann\u00e9e par des faits, des chiffres par les succ\u00e8s de nos \u00e9l\u00e8ves devenus d&rsquo;excellents anatomistes, des chirurgiens de premier ordre, est reproduit banalement par des hommes qui devraient \u00eatre convaincus de leur erreur. La moyenne des sujets livr\u00e9 \u00e0 l&rsquo;amphith\u00e9\u00e2tre est de 95 par an ce n&rsquo;est pas du luxe mais cela peut suffire quant on l&#8217;emploie bien et qu&rsquo;on fait usage des moyens bien connus de conservation. Toute proportion gard\u00e9e on n&rsquo;a pas mieux \u00e0 Paris. Nous cherchons d&rsquo;ailleurs \u00e0 augmenter nos ressources en int\u00e9ressant \u00e0 notre prosp\u00e9rit\u00e9 les administrations qui pourraient venir \u00e0 notre aide. Le go\u00fbt de l&rsquo;anatomie se r\u00e9pand ici de plus en plus.<\/p>\n","protected":false},"excerpt":{"rendered":"<p>Le pavillon d&rsquo;anatomie a \u00e9t\u00e9 construit pendant l&rsquo;ann\u00e9e scolaire 1871\/1872 sous le d\u00e9canat de monsieur le professeur BUISSON qui contribua puissamment \u00e0 son \u00e9dification. Il servira aux dissections et aux exercices pratiques de m\u00e9decine op\u00e9ratoire et rempla\u00e7\u00e2t avantageusement les anciennes salles qui \u00e9taient destin\u00e9es au m\u00eame usage dont les nombreuses d\u00e9fectuosit\u00e9s rendaient le s\u00e9jour en [&hellip;]<\/p>\n","protected":false},"author":1,"featured_media":0,"parent":0,"menu_order":0,"comment_status":"closed","ping_status":"closed","template":"","meta":[],"_links":{"self":[{"href":"http:\/\/www.tomolis.com\/anatomie\/index.php\/wp-json\/wp\/v2\/pages\/582"}],"collection":[{"href":"http:\/\/www.tomolis.com\/anatomie\/index.php\/wp-json\/wp\/v2\/pages"}],"about":[{"href":"http:\/\/www.tomolis.com\/anatomie\/index.php\/wp-json\/wp\/v2\/types\/page"}],"author":[{"embeddable":true,"href":"http:\/\/www.tomolis.com\/anatomie\/index.php\/wp-json\/wp\/v2\/users\/1"}],"replies":[{"embeddable":true,"href":"http:\/\/www.tomolis.com\/anatomie\/index.php\/wp-json\/wp\/v2\/comments?post=582"}],"version-history":[{"count":1,"href":"http:\/\/www.tomolis.com\/anatomie\/index.php\/wp-json\/wp\/v2\/pages\/582\/revisions"}],"predecessor-version":[{"id":583,"href":"http:\/\/www.tomolis.com\/anatomie\/index.php\/wp-json\/wp\/v2\/pages\/582\/revisions\/583"}],"wp:attachment":[{"href":"http:\/\/www.tomolis.com\/anatomie\/index.php\/wp-json\/wp\/v2\/media?parent=582"}],"curies":[{"name":"wp","href":"https:\/\/api.w.org\/{rel}","templated":true}]}}