{"id":586,"date":"2016-12-01T01:46:26","date_gmt":"2016-12-01T00:46:26","guid":{"rendered":"http:\/\/www.tomolis.com\/anatomie\/?page_id=586"},"modified":"2016-12-01T01:46:26","modified_gmt":"2016-12-01T00:46:26","slug":"paulet-1828-1906","status":"publish","type":"page","link":"http:\/\/www.tomolis.com\/anatomie\/index.php\/paulet-1828-1906\/","title":{"rendered":"Paulet (1828-1906)."},"content":{"rendered":"<p>A la mort de Dubrueil, la chaire reviendra \u00e0 Vincent Paulet en 1888. Il a peu \u00e9crit directement et a collabor\u00e9 au Dictionnaire encyclop\u00e9dique des sciences m\u00e9dicales avec 22 articles. On lui doit un remarquable trait\u00e9 d&rsquo;anatomie topographique, avec atlas en couleur des mains de son ami Sarrazin, m\u00e9decin-major de l&rsquo;escadron des Cent-gardes de l&rsquo;Empereur.<\/p>\n","protected":false},"excerpt":{"rendered":"<p>A la mort de Dubrueil, la chaire reviendra \u00e0 Vincent Paulet en 1888. Il a peu \u00e9crit directement et a collabor\u00e9 au Dictionnaire encyclop\u00e9dique des sciences m\u00e9dicales avec 22 articles. On lui doit un remarquable trait\u00e9 d&rsquo;anatomie topographique, avec atlas en couleur des mains de son ami Sarrazin, m\u00e9decin-major de l&rsquo;escadron des Cent-gardes de l&rsquo;Empereur.<\/p>\n","protected":false},"author":1,"featured_media":0,"parent":0,"menu_order":0,"comment_status":"closed","ping_status":"closed","template":"","meta":[],"_links":{"self":[{"href":"http:\/\/www.tomolis.com\/anatomie\/index.php\/wp-json\/wp\/v2\/pages\/586"}],"collection":[{"href":"http:\/\/www.tomolis.com\/anatomie\/index.php\/wp-json\/wp\/v2\/pages"}],"about":[{"href":"http:\/\/www.tomolis.com\/anatomie\/index.php\/wp-json\/wp\/v2\/types\/page"}],"author":[{"embeddable":true,"href":"http:\/\/www.tomolis.com\/anatomie\/index.php\/wp-json\/wp\/v2\/users\/1"}],"replies":[{"embeddable":true,"href":"http:\/\/www.tomolis.com\/anatomie\/index.php\/wp-json\/wp\/v2\/comments?post=586"}],"version-history":[{"count":1,"href":"http:\/\/www.tomolis.com\/anatomie\/index.php\/wp-json\/wp\/v2\/pages\/586\/revisions"}],"predecessor-version":[{"id":587,"href":"http:\/\/www.tomolis.com\/anatomie\/index.php\/wp-json\/wp\/v2\/pages\/586\/revisions\/587"}],"wp:attachment":[{"href":"http:\/\/www.tomolis.com\/anatomie\/index.php\/wp-json\/wp\/v2\/media?parent=586"}],"curies":[{"name":"wp","href":"https:\/\/api.w.org\/{rel}","templated":true}]}}