{"id":591,"date":"2016-12-01T01:49:38","date_gmt":"2016-12-01T00:49:38","guid":{"rendered":"http:\/\/www.tomolis.com\/anatomie\/?page_id=591"},"modified":"2016-12-01T01:49:38","modified_gmt":"2016-12-01T00:49:38","slug":"organisation-cours-et-travaux-pratiques","status":"publish","type":"page","link":"http:\/\/www.tomolis.com\/anatomie\/index.php\/organisation-cours-et-travaux-pratiques\/","title":{"rendered":"Organisation cours et travaux pratiques."},"content":{"rendered":"<p class=\"Bold\">Ces travaux sont obligatoires pour les \u00e9l\u00e8ves de deuxi\u00e8me et troisi\u00e8me ann\u00e9e (d\u00e9cret du 20 juin 1878) r\u00e8glement adopt\u00e9 par le conseil de facult\u00e9 (s\u00e9ance du 7 novembre 1887).<br \/>\n<span class=\"BleuItalique\"><br \/>\nArticle 1<\/span><br \/>\nLes \u00e9l\u00e8ves de deuxi\u00e8me ann\u00e9e suivent \u00e0 partir du 15 octobre une conf\u00e9rence d&rsquo;ost\u00e9ologie faite par les aides d&rsquo;anatomie et compl\u00e9t\u00e9 en 19 ou 20 le\u00e7ons.<br \/>\n<span class=\"BleuItalique\"><br \/>\nArticle 2<\/span><br \/>\nPour les \u00e9l\u00e8ves de deuxi\u00e8me ann\u00e9e la dissection commence le 10 novembre pour finir le 15 mars. Les travaux pratique son obligatoire tous les jours de 8 heures \u00e0 11 heures le matin et facultatif l&rsquo;apr\u00e8s midi.<br \/>\n<span class=\"BleuItalique\"><br \/>\nArticle 3<\/span><br \/>\nPour les \u00e9l\u00e8ves de troisi\u00e8me ann\u00e9e l&rsquo;amphith\u00e9\u00e2tre d&rsquo;anatomie est ouvert d\u00e8s le 15 octobre. Ces \u00e9l\u00e8ves soumis au stage \u00e0 l&rsquo;h\u00f4pital diss\u00e8quent l&rsquo;apr\u00e8s midi de 15 heures \u00e0 18 heures dans l&rsquo;intervalle des cours.<br \/>\n<span class=\"BleuItalique\"><br \/>\nArticle 4<\/span><br \/>\nLe prosecteur, les deux aides anatomie sont chacun \u00e0 leurs tours charg\u00e9s de la surveillance du pavillon d&rsquo;anatomie pendant la journ\u00e9e.<\/p>\n<p><span class=\"BleuItalique\">Article 5<\/span><br \/>\nLe prosecteur de garde ou l&rsquo;aide d&rsquo;anatomie note sur un carnet sp\u00e9cial la pr\u00e9sence des \u00e9l\u00e8ves. La facult\u00e9 refuse les inscriptions \u00e0 touts \u00e9l\u00e8ves ayant plus de cinq absences non justifi\u00e9.<\/p>\n<p><span class=\"BleuItalique\">Article 6<\/span><br \/>\nChaque jour sont en m\u00eame temps donn\u00e9 par les chefs de travaux, des notes pour appr\u00e9cier l&rsquo;activit\u00e9 des \u00e9l\u00e8ves. A la fin du mois celui-ci \u00e9tablit la moyenne des notes et les adresses \u00e0 Monsieur le doyen. Ces notes au moment des examens sont communiqu\u00e9es au jury.<\/p>\n<p><span class=\"BleuItalique\">Article 7<\/span><br \/>\nUn mus\u00e9e des \u00e9l\u00e8ves, annexe au pavillon d&rsquo;anatomie est institu\u00e9.<br \/>\nMessieurs les \u00e9l\u00e8ves pourront y d\u00e9poser des pr\u00e9parations approuv\u00e9es par le chef de travaux. Ces pr\u00e9parations serviront d&rsquo;\u00e9l\u00e9ments pour les notes mensuelles du chef de travaux.<br \/>\nLe doyen, A. Castan.<\/p>\n<p>L&rsquo;organisation du service d&rsquo;anatomie pour l&rsquo;ann\u00e9e 1894\/1895 \u00e9tait tr\u00e8s stricte avec des travaux pratiques tous les jours de 8 heures \u00e0 11 heures pour Messieurs les \u00e9tudiants de deuxi\u00e8me ann\u00e9e et de 13 heures \u00e0 16 heures pour ceux de troisi\u00e8me ann\u00e9e.<\/p>\n<p>Des d\u00e9monstrations pratiques du 2 au 15 novembre tous les mardi 8 heures 30 \u00e0 9 heures 30,<br \/>\nMonsieur Itier aide d&rsquo;anatomie lundi mercredi vendredi (ost\u00e9ologie et arthrologie du membre sup\u00e9rieur).<br \/>\nMonsieur Grynfeltt aide d&rsquo;anatomie mardi jeudi samedi (ost\u00e9ologie et arthrologie du membre inf\u00e9rieur). Tous les soirs de 15 heures 30 \u00e0 16 heures 30<br \/>\nMonsieur Vires prosecteur le lundi mardi vendredi samedi (ost\u00e9ologie du cr\u00e2ne)<br \/>\nMonsieur Gilis mercredi jeudi (classification des articulations).<br \/>\nDu 15 novembre au 15 mars tous les matins \u00e0 10 heures 1\/4<br \/>\nMonsieur Vires lundi mardi (splanchnologie),<br \/>\nMonsieur Grynfeltt mercredi et jeudi (angiologie myologie),<br \/>\nMonsieur Itier vendredi samedi (n\u00e9crologie p\u00e9riph\u00e9rique).<br \/>\nDes cours tous les soirs \u00e0 16 heures<br \/>\nMonsieur Gilis charg\u00e9 de cours lundi mercredi vendredi (les centres nerveux l&rsquo;oreille),<br \/>\nMonsieur Lapeyre suppl\u00e9ant du chef de travaux (anatomie des r\u00e9gions membres et abdomen.).<\/p>\n<p>Vallois Henri-Marie-Victor : Fils de L\u00e9on, professeur \u00e0 la Facult\u00e9 de m\u00e9decine de Montpellier Inscrit \u00e0 la Facult\u00e9 des sciences de Montpellier en 1905, Aide d&rsquo;anatomie le 30 juin 1909, prosecteur en 1914, il conquerra son doctorat le 11 juillet 1914. A Montpellier, il a fr\u00e9quent\u00e9 le laboratoire d&rsquo;anatomie du professeur Paul Gilis et surtout Louis Vialleton qui aura le plus d&rsquo;influence sur lui. De retour en France, il reprendra ses fonctions dans la section anatomie. Il y sera re\u00e7u d\u00e8s 1920. L\u00e0 s&rsquo;arr\u00eate sa carri\u00e8re montpelliraine car il va devoir gagner la Facult\u00e9 de Toulouse et en 1922 acc\u00e8de \u00e0 la chaire d&rsquo;Anatomie. Il quittera Toulouse pour Paris o\u00f9 on le retrouvera au Mus\u00e9um professeur d&rsquo;ethnologie de l&rsquo;homme vivant le 20 novembre 1941. Son \u0153uvre, partie de l&rsquo;articulation du genou (th\u00e8se de 1914), puis des muscles dorso-vert\u00e9braux ou \u00e9pisomes (th\u00e8se de science de 1922), le verra un instant se pencher sur l&rsquo;omoplate dans ses rapports avec la locomotion chez les primates et chez l&rsquo;homme (1926).<\/p>\n","protected":false},"excerpt":{"rendered":"<p>Ces travaux sont obligatoires pour les \u00e9l\u00e8ves de deuxi\u00e8me et troisi\u00e8me ann\u00e9e (d\u00e9cret du 20 juin 1878) r\u00e8glement adopt\u00e9 par le conseil de facult\u00e9 (s\u00e9ance du 7 novembre 1887). Article 1 Les \u00e9l\u00e8ves de deuxi\u00e8me ann\u00e9e suivent \u00e0 partir du 15 octobre une conf\u00e9rence d&rsquo;ost\u00e9ologie faite par les aides d&rsquo;anatomie et compl\u00e9t\u00e9 en 19 ou [&hellip;]<\/p>\n","protected":false},"author":1,"featured_media":0,"parent":0,"menu_order":0,"comment_status":"closed","ping_status":"closed","template":"","meta":[],"_links":{"self":[{"href":"http:\/\/www.tomolis.com\/anatomie\/index.php\/wp-json\/wp\/v2\/pages\/591"}],"collection":[{"href":"http:\/\/www.tomolis.com\/anatomie\/index.php\/wp-json\/wp\/v2\/pages"}],"about":[{"href":"http:\/\/www.tomolis.com\/anatomie\/index.php\/wp-json\/wp\/v2\/types\/page"}],"author":[{"embeddable":true,"href":"http:\/\/www.tomolis.com\/anatomie\/index.php\/wp-json\/wp\/v2\/users\/1"}],"replies":[{"embeddable":true,"href":"http:\/\/www.tomolis.com\/anatomie\/index.php\/wp-json\/wp\/v2\/comments?post=591"}],"version-history":[{"count":1,"href":"http:\/\/www.tomolis.com\/anatomie\/index.php\/wp-json\/wp\/v2\/pages\/591\/revisions"}],"predecessor-version":[{"id":592,"href":"http:\/\/www.tomolis.com\/anatomie\/index.php\/wp-json\/wp\/v2\/pages\/591\/revisions\/592"}],"wp:attachment":[{"href":"http:\/\/www.tomolis.com\/anatomie\/index.php\/wp-json\/wp\/v2\/media?parent=591"}],"curies":[{"name":"wp","href":"https:\/\/api.w.org\/{rel}","templated":true}]}}