{"id":593,"date":"2016-12-01T01:50:54","date_gmt":"2016-12-01T00:50:54","guid":{"rendered":"http:\/\/www.tomolis.com\/anatomie\/?page_id=593"},"modified":"2016-12-01T01:50:54","modified_gmt":"2016-12-01T00:50:54","slug":"la-fin-du-conservatoire-1927","status":"publish","type":"page","link":"http:\/\/www.tomolis.com\/anatomie\/index.php\/la-fin-du-conservatoire-1927\/","title":{"rendered":"La fin du conservatoire (1927)"},"content":{"rendered":"<p>Le Conservatoire d&rsquo;anatomie a jou\u00e9 un grand r\u00f4le dans l&rsquo;histoire de l&rsquo;\u00e9cole au XIXe si\u00e8cle qui ne se signalera plus d\u00e9sormais par des r\u00e9alisations spectaculaires. Les derniers conservateurs, n\u00e9anmoins, ont continuer l&rsquo;\u0153uvre b\u00e9n\u00e9fique de leurs pr\u00e9d\u00e9cesseurs, ayant \u00e0 coeur d&rsquo;enrichir les collections. Joseph Grynfeltt r\u00e9digera, en 1879, un pr\u00e9cieux historique de ce conservatoire auquel il faut toujours se r\u00e9f\u00e9rer. Auguste Bimar dotera le Mus\u00e9e d&rsquo;une remarquable collection t\u00e9ratologique faisant suite aux d\u00e9p\u00f4ts de ses pr\u00e9d\u00e9cesseurs. Malgr\u00e9 ses protestations Gilis ne parviendra, \u00e0 obtenir sa p\u00e9rennit\u00e9. L&rsquo;on peut consid\u00e9rer qu&rsquo;une page glorieuse de l&rsquo;anatomie a \u00e9t\u00e9 d\u00e9finitivement tourn\u00e9e qui laisse pr\u00e9sager une \u00e9volution difficile pour cette science fondamentale et pour la m\u00e9moire de l&rsquo;institution. Un d\u00e9fi est lanc\u00e9 aux g\u00e9n\u00e9rations futures pour faire en sorte que cet enseignement de l&rsquo;anatomie de l&rsquo;homme vivant avec tous ses myst\u00e8res soit aussi performant. Sauront-elles lui donner la place essentielle dans l&rsquo;enseignement pour la formation des futurs m\u00e9decins ?<\/p>\n","protected":false},"excerpt":{"rendered":"<p>Le Conservatoire d&rsquo;anatomie a jou\u00e9 un grand r\u00f4le dans l&rsquo;histoire de l&rsquo;\u00e9cole au XIXe si\u00e8cle qui ne se signalera plus d\u00e9sormais par des r\u00e9alisations spectaculaires. Les derniers conservateurs, n\u00e9anmoins, ont continuer l&rsquo;\u0153uvre b\u00e9n\u00e9fique de leurs pr\u00e9d\u00e9cesseurs, ayant \u00e0 coeur d&rsquo;enrichir les collections. Joseph Grynfeltt r\u00e9digera, en 1879, un pr\u00e9cieux historique de ce conservatoire auquel il [&hellip;]<\/p>\n","protected":false},"author":1,"featured_media":0,"parent":0,"menu_order":0,"comment_status":"closed","ping_status":"closed","template":"","meta":[],"_links":{"self":[{"href":"http:\/\/www.tomolis.com\/anatomie\/index.php\/wp-json\/wp\/v2\/pages\/593"}],"collection":[{"href":"http:\/\/www.tomolis.com\/anatomie\/index.php\/wp-json\/wp\/v2\/pages"}],"about":[{"href":"http:\/\/www.tomolis.com\/anatomie\/index.php\/wp-json\/wp\/v2\/types\/page"}],"author":[{"embeddable":true,"href":"http:\/\/www.tomolis.com\/anatomie\/index.php\/wp-json\/wp\/v2\/users\/1"}],"replies":[{"embeddable":true,"href":"http:\/\/www.tomolis.com\/anatomie\/index.php\/wp-json\/wp\/v2\/comments?post=593"}],"version-history":[{"count":1,"href":"http:\/\/www.tomolis.com\/anatomie\/index.php\/wp-json\/wp\/v2\/pages\/593\/revisions"}],"predecessor-version":[{"id":594,"href":"http:\/\/www.tomolis.com\/anatomie\/index.php\/wp-json\/wp\/v2\/pages\/593\/revisions\/594"}],"wp:attachment":[{"href":"http:\/\/www.tomolis.com\/anatomie\/index.php\/wp-json\/wp\/v2\/media?parent=593"}],"curies":[{"name":"wp","href":"https:\/\/api.w.org\/{rel}","templated":true}]}}