{"id":595,"date":"2016-12-01T01:52:52","date_gmt":"2016-12-01T00:52:52","guid":{"rendered":"http:\/\/www.tomolis.com\/anatomie\/?page_id=595"},"modified":"2016-12-01T01:52:52","modified_gmt":"2016-12-01T00:52:52","slug":"bibliographie","status":"publish","type":"page","link":"http:\/\/www.tomolis.com\/anatomie\/index.php\/bibliographie\/","title":{"rendered":"Bibliographie"},"content":{"rendered":"<p>F Bonnel J. Claustre, Le mus\u00e9e d&rsquo;anatomie de Montpellier In les mus\u00e9es de France, ed Priv\u00e2t 1999<br \/>\n(1) H. Bonnet<br \/>\nLe mus\u00e9e d&rsquo;Anatomie, temple du corps humain\u00a0\u00bb in : \u00ab\u00a0La Facult\u00e9 de M\u00e9decine de Montpellier, Huit si\u00e8cles d&rsquo;histoire et d&rsquo;\u00e9clat\u00a0\u00bb. Ed. Sauramps M\u00e9d., 1992, : 191-198.<br \/>\n(2) B. Delmas<br \/>\nLe Mus\u00e9e Anatomique. in : La Facult\u00e9 de M\u00e9decine &#8211; guide du visiteur\u00a0\u00bb. Edit\u00e9 par la Facult\u00e9 de M\u00e9decine., 1926.<br \/>\n(3) L. Dulieu<br \/>\nLa Chirurgie \u00e0 Montpellier de ses origines au d\u00e9but du XIXe si\u00e8cle. Presses universelles, 1975, Avignon.<br \/>\n(4) J. Grynfeltt<br \/>\nNotice sur le conservatoire de la Facult\u00e9. Imp. Centrale du Midi, 1879.<br \/>\n(5) G. Laux<br \/>\nLe Mus\u00e9e anatomique de la Facult\u00e9 de M\u00e9decine de Montpellier : sa naissance, son histoire, in :<br \/>\nMontp. M\u00e9dical, 1958, 54 : 127.<br \/>\n(6) M. Peronnet (sous la direction de Chaptal). Bibliot. historique Priv\u00e2t, 1990.<br \/>\n(7) P. Quissac<br \/>\nLe Conservatoire de la Facult\u00e9 de M\u00e9decine. Aper\u00e7u sur ses collections. Montp. M\u00e9dical, 1859.<br \/>\n(8) P. Rabischong<br \/>\nLe Mus\u00e9e d&rsquo;Anatomie de la Facult\u00e9 de M\u00e9decine de Montpellier.<br \/>\nin : &lsquo;\u00a0\u00bb La M\u00e9decine \u00e0 Montpellier du Xlle au XXe si\u00e8cle. (L. Dulieu). Ed. Hervas Paris, 1990. : 432-435.<\/p>\n","protected":false},"excerpt":{"rendered":"<p>F Bonnel J. Claustre, Le mus\u00e9e d&rsquo;anatomie de Montpellier In les mus\u00e9es de France, ed Priv\u00e2t 1999 (1) H. Bonnet Le mus\u00e9e d&rsquo;Anatomie, temple du corps humain\u00a0\u00bb in : \u00ab\u00a0La Facult\u00e9 de M\u00e9decine de Montpellier, Huit si\u00e8cles d&rsquo;histoire et d&rsquo;\u00e9clat\u00a0\u00bb. Ed. Sauramps M\u00e9d., 1992, : 191-198. (2) B. Delmas Le Mus\u00e9e Anatomique. in : La [&hellip;]<\/p>\n","protected":false},"author":1,"featured_media":0,"parent":0,"menu_order":0,"comment_status":"closed","ping_status":"closed","template":"","meta":[],"_links":{"self":[{"href":"http:\/\/www.tomolis.com\/anatomie\/index.php\/wp-json\/wp\/v2\/pages\/595"}],"collection":[{"href":"http:\/\/www.tomolis.com\/anatomie\/index.php\/wp-json\/wp\/v2\/pages"}],"about":[{"href":"http:\/\/www.tomolis.com\/anatomie\/index.php\/wp-json\/wp\/v2\/types\/page"}],"author":[{"embeddable":true,"href":"http:\/\/www.tomolis.com\/anatomie\/index.php\/wp-json\/wp\/v2\/users\/1"}],"replies":[{"embeddable":true,"href":"http:\/\/www.tomolis.com\/anatomie\/index.php\/wp-json\/wp\/v2\/comments?post=595"}],"version-history":[{"count":1,"href":"http:\/\/www.tomolis.com\/anatomie\/index.php\/wp-json\/wp\/v2\/pages\/595\/revisions"}],"predecessor-version":[{"id":596,"href":"http:\/\/www.tomolis.com\/anatomie\/index.php\/wp-json\/wp\/v2\/pages\/595\/revisions\/596"}],"wp:attachment":[{"href":"http:\/\/www.tomolis.com\/anatomie\/index.php\/wp-json\/wp\/v2\/media?parent=595"}],"curies":[{"name":"wp","href":"https:\/\/api.w.org\/{rel}","templated":true}]}}