{"id":597,"date":"2016-12-01T01:55:26","date_gmt":"2016-12-01T00:55:26","guid":{"rendered":"http:\/\/www.tomolis.com\/anatomie\/?page_id=597"},"modified":"2016-12-01T01:55:26","modified_gmt":"2016-12-01T00:55:26","slug":"liste-chronologique-des-conservateurs","status":"publish","type":"page","link":"http:\/\/www.tomolis.com\/anatomie\/index.php\/liste-chronologique-des-conservateurs\/","title":{"rendered":"Liste chronologique des conservateurs"},"content":{"rendered":"<p>Ayant contribu\u00e9 \u00e0 la cr\u00e9ation et \u00e0 l&rsquo;entretien des collections<br \/>\ndepuis la Loi du 14 Frimaire an III (14 d\u00e9cembre 1794)<br \/>\nOrganisant les \u00e9coles de Sant\u00e9.<br \/>\n<strong>Les conservateurs du\u00a0mus\u00e9e\u00a0d&rsquo;anatomie\u00a0:<\/strong><br \/>\nAn III Joseph, Guillaume VIRENQUE (1794)<br \/>\nAn X Jacques, Philippe, Raymond DRAP ARNAUD (1801-1802)<br \/>\nAn XII Joseph ANGLADA (1803-1804)<br \/>\n1809 Antoine, Simon, Jules DUPORTAL<br \/>\n1823 Augustin, Gaspard, Emile, RENE<br \/>\n1835 Fran\u00e7ois ANSELME-JAUMES<br \/>\n1850 Justin BENOIT<br \/>\n1853 Pierre, Denis, Jules QUISSAC<br \/>\n1879 Joseph GRYNFELTT<br \/>\n1885 Jean Marie BIMAR<br \/>\n1915 Constant LAPEYRE<br \/>\n1917 Paul GILIS<br \/>\n1927 FONCTION SUPPRIM\u00c9E<br \/>\n(Le conservatoire est rattach\u00e9 au Laboratoire d&rsquo;Anatomie)<\/p>\n","protected":false},"excerpt":{"rendered":"<p>Ayant contribu\u00e9 \u00e0 la cr\u00e9ation et \u00e0 l&rsquo;entretien des collections depuis la Loi du 14 Frimaire an III (14 d\u00e9cembre 1794) Organisant les \u00e9coles de Sant\u00e9. Les conservateurs du\u00a0mus\u00e9e\u00a0d&rsquo;anatomie\u00a0: An III Joseph, Guillaume VIRENQUE (1794) An X Jacques, Philippe, Raymond DRAP ARNAUD (1801-1802) An XII Joseph ANGLADA (1803-1804) 1809 Antoine, Simon, Jules DUPORTAL 1823 Augustin, [&hellip;]<\/p>\n","protected":false},"author":1,"featured_media":0,"parent":0,"menu_order":0,"comment_status":"closed","ping_status":"closed","template":"","meta":[],"_links":{"self":[{"href":"http:\/\/www.tomolis.com\/anatomie\/index.php\/wp-json\/wp\/v2\/pages\/597"}],"collection":[{"href":"http:\/\/www.tomolis.com\/anatomie\/index.php\/wp-json\/wp\/v2\/pages"}],"about":[{"href":"http:\/\/www.tomolis.com\/anatomie\/index.php\/wp-json\/wp\/v2\/types\/page"}],"author":[{"embeddable":true,"href":"http:\/\/www.tomolis.com\/anatomie\/index.php\/wp-json\/wp\/v2\/users\/1"}],"replies":[{"embeddable":true,"href":"http:\/\/www.tomolis.com\/anatomie\/index.php\/wp-json\/wp\/v2\/comments?post=597"}],"version-history":[{"count":1,"href":"http:\/\/www.tomolis.com\/anatomie\/index.php\/wp-json\/wp\/v2\/pages\/597\/revisions"}],"predecessor-version":[{"id":598,"href":"http:\/\/www.tomolis.com\/anatomie\/index.php\/wp-json\/wp\/v2\/pages\/597\/revisions\/598"}],"wp:attachment":[{"href":"http:\/\/www.tomolis.com\/anatomie\/index.php\/wp-json\/wp\/v2\/media?parent=597"}],"curies":[{"name":"wp","href":"https:\/\/api.w.org\/{rel}","templated":true}]}}