{"id":608,"date":"2016-12-01T02:10:23","date_gmt":"2016-12-01T01:10:23","guid":{"rendered":"http:\/\/www.tomolis.com\/anatomie\/?page_id=608"},"modified":"2016-12-01T02:10:23","modified_gmt":"2016-12-01T01:10:23","slug":"reglement-travaux-pratiques-danatomie","status":"publish","type":"page","link":"http:\/\/www.tomolis.com\/anatomie\/index.php\/reglement-travaux-pratiques-danatomie\/","title":{"rendered":"R\u00e8glement Travaux pratiques d&rsquo;anatomie."},"content":{"rendered":"<p>R\u00e8glement relatif aux travaux pratique (arr\u00eat\u00e9 par le Ministre de l&rsquo;instruction publique le 18 octobre 1879) et dont la teneur suit les exercices travaux pratiques sont rendus obligatoire par d\u00e9cret en date du 20 juin 1878 et sont r\u00e9partis ainsi :<br \/>\nDeuxi\u00e8me ann\u00e9e semestre d&rsquo;hiver anatomie semestre d&rsquo;\u00e9t\u00e9 histologie ;<br \/>\nTroisi\u00e8me ann\u00e9e semestre d&rsquo;hiver anatomie semestre d&rsquo;\u00e9t\u00e9 physiologie.<br \/>\nLes exercices pratiques sont plac\u00e9s sous la direction du professeur qui est aid\u00e9 dans cette tache par les auxiliaires attach\u00e9s \u00e0 son enseignement.<br \/>\nLes salles de dissections sont ouvertes tous les jours aux \u00e9l\u00e8ves de 9 heures du matin \u00e0 9 heures du soir.<br \/>\nTout \u00e9l\u00e8ve qui sans excuse valable aura manqu\u00e9 \u00e0 trois s\u00e9ances pratiques ne sera plus admis aux manipulations et ne pourra prendre l&rsquo;inscription du trimestre suivant.<br \/>\nSign\u00e9 Jules FERRI.<\/p>\n","protected":false},"excerpt":{"rendered":"<p>R\u00e8glement relatif aux travaux pratique (arr\u00eat\u00e9 par le Ministre de l&rsquo;instruction publique le 18 octobre 1879) et dont la teneur suit les exercices travaux pratiques sont rendus obligatoire par d\u00e9cret en date du 20 juin 1878 et sont r\u00e9partis ainsi : Deuxi\u00e8me ann\u00e9e semestre d&rsquo;hiver anatomie semestre d&rsquo;\u00e9t\u00e9 histologie ; Troisi\u00e8me ann\u00e9e semestre d&rsquo;hiver anatomie [&hellip;]<\/p>\n","protected":false},"author":1,"featured_media":0,"parent":0,"menu_order":0,"comment_status":"closed","ping_status":"closed","template":"","meta":[],"_links":{"self":[{"href":"http:\/\/www.tomolis.com\/anatomie\/index.php\/wp-json\/wp\/v2\/pages\/608"}],"collection":[{"href":"http:\/\/www.tomolis.com\/anatomie\/index.php\/wp-json\/wp\/v2\/pages"}],"about":[{"href":"http:\/\/www.tomolis.com\/anatomie\/index.php\/wp-json\/wp\/v2\/types\/page"}],"author":[{"embeddable":true,"href":"http:\/\/www.tomolis.com\/anatomie\/index.php\/wp-json\/wp\/v2\/users\/1"}],"replies":[{"embeddable":true,"href":"http:\/\/www.tomolis.com\/anatomie\/index.php\/wp-json\/wp\/v2\/comments?post=608"}],"version-history":[{"count":1,"href":"http:\/\/www.tomolis.com\/anatomie\/index.php\/wp-json\/wp\/v2\/pages\/608\/revisions"}],"predecessor-version":[{"id":609,"href":"http:\/\/www.tomolis.com\/anatomie\/index.php\/wp-json\/wp\/v2\/pages\/608\/revisions\/609"}],"wp:attachment":[{"href":"http:\/\/www.tomolis.com\/anatomie\/index.php\/wp-json\/wp\/v2\/media?parent=608"}],"curies":[{"name":"wp","href":"https:\/\/api.w.org\/{rel}","templated":true}]}}